{"id":10809,"date":"2024-09-11T11:30:58","date_gmt":"2024-09-11T09:30:58","guid":{"rendered":"https:\/\/dev.lca-online.com\/faq-frequently-asked-questions\/"},"modified":"2024-09-11T11:39:38","modified_gmt":"2024-09-11T09:39:38","slug":"faq-frequently-asked-questions","status":"publish","type":"page","link":"https:\/\/lca-online.com\/en\/faq-frequently-asked-questions\/","title":{"rendered":"FAQ &#8211; Frequently Asked Questions"},"content":{"rendered":"<h1>Frequently Asked Questions<\/h1>\n<p>You have a problem but you cannot find the answe here? Contact us! We are happy to help!<br \/>\n<div class=\"su-spacer\" style=\"height:10px\"><\/div>\n\t<a class=\"paoc-popup-click paoc-popup-cust-10631 paoc-popup-button paoc-popup-btn \" href=\"javascript:void(0);\">Contact Us<\/a>\r\n\n<h2>Do you have any questions?<\/h2>\n<p>Certifications are not easy. If you have a problem, why don&#8217;t you look in our little collection of questions we are often asked by our customers. You cannot find an answer to your question? Do not hesitate to call us!<\/p>\n<p>We are looking forward to coming in contact with you.<\/p>\n<div class=\"su-spacer\" style=\"height:30px\"><\/div>\n<div class=\"toc\">\n<ol>\n<li><a href=\"#faq1\" class=\"_ps2id\" data-ps2id-offset=\"35\">1. May I use the software as proof for a DGNB certification?<\/a><\/li>\n<li><a href=\"#faq2\" class=\"_ps2id\" data-ps2id-offset=\"35\">On which life cycle assessment data sets is LCA Online based on?<\/a><\/li>\n<li><a href=\"#faq3\" class=\"_ps2id\" data-ps2id-offset=\"35\">May users contribute to the further development of LCA Online?<\/a><\/li>\n<li><a href=\"#faq4\" class=\"_ps2id\" data-ps2id-offset=\"35\">Is there a manual for the application of the software?<\/a><\/li>\n<li><a href=\"#faq5\" class=\"_ps2id\" data-ps2id-offset=\"35\">How can product manufacturers use LCA Online?<\/a><\/li>\n<li><a href=\"#faq6\" class=\"_ps2id\" data-ps2id-offset=\"35\">May I interchange my life cycle assessments with other users?<\/a><\/li>\n<li><a href=\"#faq7\" class=\"_ps2id\" data-ps2id-offset=\"35\">How much is the application of LCA Online?<\/a><\/li>\n<li><a href=\"#faq8\" class=\"_ps2id\" data-ps2id-offset=\"35\">Kann man Rohdaten nutzen, um eigene Diagramme zu erzeugen?<\/a><\/li>\n<li><a href=\"#faq9\" class=\"_ps2id\" data-ps2id-offset=\"35\">Is it possible to use LCA Online with life cycle assessment data of other countries?<\/a><\/li>\n<li><a href=\"#faq10\" class=\"_ps2id\" data-ps2id-offset=\"35\">Is it possible to use LCA Online in other languages?<\/a><\/li>\n<li><a href=\"#faq11\" class=\"_ps2id\" data-ps2id-offset=\"35\">The work surface is not shown completely.<\/a><\/li>\n<\/ol>\n<\/div>\n<div class=\"su-spacer\" style=\"height:30px\"><\/div>\n<h3 id=\"faq1\">1. May I use the software as proof for a DGNB certification?<\/h3>\n<p>Yes. The Software offers all possibilities to create a material life cycle assessment which answer the DGNB requirements of the criterion ENV 1.1 and ENV 2.1. The data basis and calculation procedure meet the DGNB standards The software allows the realisation of comprehensible evaluations and printouts that are essential for the submission. However, it is the responsibility of the person preparing the life cycle assessment to prepare the assessment correctly, take the DGNB standards into account and choose a proper depiction of the results. High Flexibility is one of the features of LCA Online. Users can create their own balances from the level of basis data sets up to whole buildings. This flexibility requires a deeper knowledge about balancing. We offer trainings, to give you security with life cycle assessment according to DGNB requirements.<\/p>\n<p>The same applies for life cycle assessment for LEED and BREEAM projects.<\/p>\n<h3 id=\"faq2\">2. On which life cycle assessment datasets is LCA-Online based on?<\/h3>\n<p>The data is based on the \u00d6kobau.dat datasets of the Federal Ministry of Transport, Building and Urban Development (BMVBS). These life cycle assessments are implemented in the software. For the correct interpretation and application of the data records, you can download the \u00d6kobau.dat in xml format from<\/p>\n<p>http:\/\/www.nachhaltigesbauen.de\/baustoff-und-gebaeudedaten\/oekobaudat.html<\/p>\n<p>download. There you can find background information about the balancing procedures of the individual datasets. Only in due consideration and notice of this background data of the \u00d6kobau.dat datasets a correct life cycle assessment can be generated.<\/p>\n<p>The data records can be selected according to DIN EN <strong> 15804+A2 <\/strong>and DIN EN <strong> 15804+A1<\/strong>.<\/p>\n<h3 id=\"faq3\">3. May users contribute to the further development of LCA Online?<\/h3>\n<p>As registered user, you have the possibility to send use the feedback form and send us any hints, improvement suggestions and wishes at any time. Use the button at the tool&#8217;s header to get to the feedback form. We are happy to include your suggestions. LCA Online is characterised by a very flexible core system, which can be adapted to new needs at any time. So, we ensure a sustainable platform for you.<\/p>\n<h3 id=\"faq4\">4. Is there a manual for the application of the software?<\/h3>\n<p>Yes. In the work environment, you can find the button &#8220;short instruction&#8221; in the header. Here you may download the instruction as a pdf file.<\/p>\n<h3 id=\"faq5\">5. How can product manufacturers use LCA Online?<\/h3>\n<p>There are two possible ways for manufacturers to use LCA Online. One the one hand, you can generate your own analyses, just as any other user. You may, for example, compare products, in order to evaluate the quality of your own products. On the other hand, we offer manufacturers a further possibility to create an added value at project handling for your customers and advertise for the products at the same time. This happens by listing the own life cycle assessed products in the online software. So, the manufacturers have the, up to now, unique opportunity to supply their customers with the life cycle assessment of their products in a utilisabe form. Our software users can very simply include the products in their building life cycle assessment. Hence, LCA Online is a presentation platform for manufacturers. The online software further allows to provide any number of additional information about the products. If you, as manufacturer, want to use LCA Online to present your products to architects, planners and DGNB auditors, do not hesitate to contact us. We will find a solution that is suitable for you.<\/p>\n<h3 id=\"faq6\">6. May I interchange my life cycle assessments with other users?<\/h3>\n<p>In the future, we wan to enhance LCA Online in a way that not only employees of one company, but even further, already generated projects or preconfigured products or elements can be interchanged. So, generating life cycle assessments will be even more efficient, as one can take recourse to the data and knowledge of other users. If you already require such a function, please contact us.<\/p>\n<h3 id=\"faq7\">7. How much is the application of LCA Online?<\/h3>\n<p>The registration is free. Therewith, you may only generate limited pdf reports with a watermark. An unrestricted usage is fee-based and allows for a complete report, as well as an excel-analysis for a transparent and comprehensible depiction of the results. The format is also suitable for your own analysis and adaptations.<br \/>\nFor activation, you can top up your credit in your account. According to the project scope, individual costs emerge.<br \/>\nDamit bieten wir Ihnen den Vorteil, dass f\u00fcr Sie erst nach Bearbeitung eines Projektes Geb\u00fchren f\u00e4llig werden. And only, if you want to present the results for commercial purposes to your customers.<\/p>\n<p><strong>How are the projects billed?<\/strong><\/p>\n<p>You top up your credit in your registered account.<br \/>\nIf you want to generate a pdf printout or copy data, you need to activate the project. By activation, the project fee will be withdrawn from your credit.<\/p>\n<p><strong>How much is a project?<\/strong><br \/>\nWe charge the projects according to their scope. The fee depends on the amount of balanced products within the project. For each product, we charge 4\u20ac. If you are balancing projects with a large number of products (&gt;150 products), the maximum amount of \u20ac600 can never be exceeded. You have full cost control.<\/p>\n<p><strong>Sample calculation:<\/strong><br \/>\nYour project contains 30 components with 5 products each.<br \/>\nThis means that you have mapped a total of 150 products.<br \/>\nThis results in costs of \u20ac600 for you.<\/p>\n<p><strong>Your advantages: <\/strong><\/p>\n<ul>\n<li>Keine Investitionskosten<\/li>\n<li>No annual licence fee<\/li>\n<li>No single-user licence<\/li>\n<li>Complete cost control<\/li>\n<li>Free updates<\/li>\n<\/ul>\n<p><strong>Do you need support with the life cycle assessment?<\/strong><\/p>\n<p>We are happy to generate the whole building life cycle assessment for your projects, create various analyses and consider project comparisons, component variants or life cycle optimisations. If required, please contact us and we will supply you with an individual offer for your needs.<\/p>\n<h3 id=\"faq8\">8. Is it possible to use raw data to generate my own graphs?<\/h3>\n<p>Yes. You are not limited to the evaluations and diagrams by LCA Online. You may, for example, mark the shown chart and copy it with a right-click. You can copy this data in excel with the function &#8220;Paste Special &#8211; Text&#8221;. Then you can perform your own diagrams and analyses there. This allows for a demand-actuated depiction of the results.<\/p>\n<h3 id=\"faq9\">9. Is it possible to use LCA Online with life cycle assessment data of other countries?<\/h3>\n<p>Yes. The flexible core system allows for a national adaptation of the data basis and the consideration of new environmental impacts or indicators. If you need an adaption for other nations, please contact us.<\/p>\n<h3 id=\"faq10\">10. Is it possible to use LCA Online in other languages?<\/h3>\n<p>We are planning a multilingual application. Contact us, if you need an adjustment of the language.<\/p>\n<h3 id=\"faq11\">11. The work surface is not shown completely.<\/h3>\n<p>If you use the Internet Explorer as browser, it is possible that the work surface is not shown completely or that some of the features are not available yet. Hence, we suggest using the browsers Mozilla Firefox, Google Chrome or Safari.<\/p>\n<div class=\"su-spacer\" style=\"height:30px\"><\/div>\n<p style=\"text-align: center;\"><a class=\"more-link\" href=\"https:\/\/tool.lca-online.com\" target=\"_blank\" rel=\"noopener\">Free Registration<\/a><\/p>\n<p style=\"text-align: center;\">Phone <a class=\"\" href=\"tel:\/\/+49%20711%2062049-342\">+49 711 62049-342<\/a><br \/>\nEmail <a class=\"\" href=\"mailto:service@lca-online.com\">service@lca-online.com<\/a><\/p>\n","protected":false},"excerpt":{"rendered":"<p>Frequently Asked Questions You have a problem but you cannot find the answe here? Contact us! We are happy to help! Do you have any questions? Certifications are not easy. If you have a problem, why don&#8217;t you look in our little collection of questions we are often asked by our customers. You cannot find &hellip;<\/p>\n","protected":false},"author":3,"featured_media":0,"parent":0,"menu_order":0,"comment_status":"closed","ping_status":"closed","template":"sections.php","meta":{"_genesis_hide_title":false,"_genesis_hide_breadcrumbs":false,"_genesis_hide_singular_image":false,"_genesis_hide_footer_widgets":false,"_genesis_custom_body_class":"","_genesis_custom_post_class":"","_genesis_layout":"","footnotes":""},"class_list":{"0":"post-10809","1":"page","2":"type-page","3":"status-publish","5":"entry"},"yoast_head":"<!-- This site is optimized with the Yoast SEO plugin v26.3 - https:\/\/yoast.com\/wordpress\/plugins\/seo\/ -->\n<title>FAQ - Frequently Asked Questions &#8211; LCA Online<\/title>\n<meta name=\"description\" content=\"Any questions about certifications, data sets or the handling of our online tool? Find the answers here.\" \/>\n<meta name=\"robots\" content=\"index, follow, max-snippet:-1, max-image-preview:large, max-video-preview:-1\" \/>\n<link rel=\"canonical\" href=\"https:\/\/lca-online.com\/en\/faq-frequently-asked-questions\/\" \/>\n<meta property=\"og:locale\" content=\"en_US\" \/>\n<meta property=\"og:type\" content=\"article\" \/>\n<meta property=\"og:title\" content=\"FAQ - Frequently Asked Questions &#8211; LCA Online\" \/>\n<meta property=\"og:description\" content=\"Any questions about certifications, data sets or the handling of our online tool? Find the answers here.\" \/>\n<meta property=\"og:url\" content=\"https:\/\/lca-online.com\/en\/faq-frequently-asked-questions\/\" \/>\n<meta property=\"og:site_name\" content=\"LCA Online\" \/>\n<meta property=\"article:publisher\" content=\"https:\/\/de-de.facebook.com\/pages\/category\/Consulting-Agency\/HOINKA-GmbH-202893899755765\/\" \/>\n<meta property=\"article:modified_time\" content=\"2024-09-11T09:39:38+00:00\" \/>\n<meta name=\"twitter:card\" content=\"summary_large_image\" \/>\n<meta name=\"twitter:label1\" content=\"Est. reading time\" \/>\n\t<meta name=\"twitter:data1\" content=\"7 minutes\" \/>\n<script type=\"application\/ld+json\" class=\"yoast-schema-graph\">{\"@context\":\"https:\/\/schema.org\",\"@graph\":[{\"@type\":\"WebPage\",\"@id\":\"https:\/\/lca-online.com\/en\/faq-frequently-asked-questions\/\",\"url\":\"https:\/\/lca-online.com\/en\/faq-frequently-asked-questions\/\",\"name\":\"FAQ - Frequently Asked Questions &#8211; LCA Online\",\"isPartOf\":{\"@id\":\"https:\/\/lca-online.com\/en\/#website\"},\"datePublished\":\"2024-09-11T09:30:58+00:00\",\"dateModified\":\"2024-09-11T09:39:38+00:00\",\"description\":\"Any questions about certifications, data sets or the handling of our online tool? Find the answers here.\",\"breadcrumb\":{\"@id\":\"https:\/\/lca-online.com\/en\/faq-frequently-asked-questions\/#breadcrumb\"},\"inLanguage\":\"en-US\",\"potentialAction\":[{\"@type\":\"ReadAction\",\"target\":[\"https:\/\/lca-online.com\/en\/faq-frequently-asked-questions\/\"]}]},{\"@type\":\"BreadcrumbList\",\"@id\":\"https:\/\/lca-online.com\/en\/faq-frequently-asked-questions\/#breadcrumb\",\"itemListElement\":[{\"@type\":\"ListItem\",\"position\":1,\"name\":\"Home\",\"item\":\"https:\/\/lca-online.com\/en\/\"},{\"@type\":\"ListItem\",\"position\":2,\"name\":\"FAQ &#8211; Frequently Asked Questions\"}]},{\"@type\":\"WebSite\",\"@id\":\"https:\/\/lca-online.com\/en\/#website\",\"url\":\"https:\/\/lca-online.com\/en\/\",\"name\":\"LCA Online\",\"description\":\"Das Online-Tool f\u00fcr Geb\u00e4ude-\u00d6kobilanzen\",\"publisher\":{\"@id\":\"https:\/\/lca-online.com\/en\/#organization\"},\"potentialAction\":[{\"@type\":\"SearchAction\",\"target\":{\"@type\":\"EntryPoint\",\"urlTemplate\":\"https:\/\/lca-online.com\/en\/?s={search_term_string}\"},\"query-input\":{\"@type\":\"PropertyValueSpecification\",\"valueRequired\":true,\"valueName\":\"search_term_string\"}}],\"inLanguage\":\"en-US\"},{\"@type\":\"Organization\",\"@id\":\"https:\/\/lca-online.com\/en\/#organization\",\"name\":\"LCA Online\",\"url\":\"https:\/\/lca-online.com\/en\/\",\"logo\":{\"@type\":\"ImageObject\",\"inLanguage\":\"en-US\",\"@id\":\"https:\/\/lca-online.com\/en\/#\/schema\/logo\/image\/\",\"url\":\"https:\/\/lca-online.com\/wp-content\/uploads\/lca-online_sm.webp\",\"contentUrl\":\"https:\/\/lca-online.com\/wp-content\/uploads\/lca-online_sm.webp\",\"width\":350,\"height\":103,\"caption\":\"LCA Online\"},\"image\":{\"@id\":\"https:\/\/lca-online.com\/en\/#\/schema\/logo\/image\/\"},\"sameAs\":[\"https:\/\/de-de.facebook.com\/pages\/category\/Consulting-Agency\/HOINKA-GmbH-202893899755765\/\",\"https:\/\/www.linkedin.com\/company\/hoinka-gmbh?originalSubdomain=de\"]}]}<\/script>\n<!-- \/ Yoast SEO plugin. -->","yoast_head_json":{"title":"FAQ - Frequently Asked Questions &#8211; LCA Online","description":"Any questions about certifications, data sets or the handling of our online tool? Find the answers here.","robots":{"index":"index","follow":"follow","max-snippet":"max-snippet:-1","max-image-preview":"max-image-preview:large","max-video-preview":"max-video-preview:-1"},"canonical":"https:\/\/lca-online.com\/en\/faq-frequently-asked-questions\/","og_locale":"en_US","og_type":"article","og_title":"FAQ - Frequently Asked Questions &#8211; LCA Online","og_description":"Any questions about certifications, data sets or the handling of our online tool? Find the answers here.","og_url":"https:\/\/lca-online.com\/en\/faq-frequently-asked-questions\/","og_site_name":"LCA Online","article_publisher":"https:\/\/de-de.facebook.com\/pages\/category\/Consulting-Agency\/HOINKA-GmbH-202893899755765\/","article_modified_time":"2024-09-11T09:39:38+00:00","twitter_card":"summary_large_image","twitter_misc":{"Est. reading time":"7 minutes"},"schema":{"@context":"https:\/\/schema.org","@graph":[{"@type":"WebPage","@id":"https:\/\/lca-online.com\/en\/faq-frequently-asked-questions\/","url":"https:\/\/lca-online.com\/en\/faq-frequently-asked-questions\/","name":"FAQ - Frequently Asked Questions &#8211; LCA Online","isPartOf":{"@id":"https:\/\/lca-online.com\/en\/#website"},"datePublished":"2024-09-11T09:30:58+00:00","dateModified":"2024-09-11T09:39:38+00:00","description":"Any questions about certifications, data sets or the handling of our online tool? Find the answers here.","breadcrumb":{"@id":"https:\/\/lca-online.com\/en\/faq-frequently-asked-questions\/#breadcrumb"},"inLanguage":"en-US","potentialAction":[{"@type":"ReadAction","target":["https:\/\/lca-online.com\/en\/faq-frequently-asked-questions\/"]}]},{"@type":"BreadcrumbList","@id":"https:\/\/lca-online.com\/en\/faq-frequently-asked-questions\/#breadcrumb","itemListElement":[{"@type":"ListItem","position":1,"name":"Home","item":"https:\/\/lca-online.com\/en\/"},{"@type":"ListItem","position":2,"name":"FAQ &#8211; Frequently Asked Questions"}]},{"@type":"WebSite","@id":"https:\/\/lca-online.com\/en\/#website","url":"https:\/\/lca-online.com\/en\/","name":"LCA Online","description":"Das Online-Tool f\u00fcr Geb\u00e4ude-\u00d6kobilanzen","publisher":{"@id":"https:\/\/lca-online.com\/en\/#organization"},"potentialAction":[{"@type":"SearchAction","target":{"@type":"EntryPoint","urlTemplate":"https:\/\/lca-online.com\/en\/?s={search_term_string}"},"query-input":{"@type":"PropertyValueSpecification","valueRequired":true,"valueName":"search_term_string"}}],"inLanguage":"en-US"},{"@type":"Organization","@id":"https:\/\/lca-online.com\/en\/#organization","name":"LCA Online","url":"https:\/\/lca-online.com\/en\/","logo":{"@type":"ImageObject","inLanguage":"en-US","@id":"https:\/\/lca-online.com\/en\/#\/schema\/logo\/image\/","url":"https:\/\/lca-online.com\/wp-content\/uploads\/lca-online_sm.webp","contentUrl":"https:\/\/lca-online.com\/wp-content\/uploads\/lca-online_sm.webp","width":350,"height":103,"caption":"LCA Online"},"image":{"@id":"https:\/\/lca-online.com\/en\/#\/schema\/logo\/image\/"},"sameAs":["https:\/\/de-de.facebook.com\/pages\/category\/Consulting-Agency\/HOINKA-GmbH-202893899755765\/","https:\/\/www.linkedin.com\/company\/hoinka-gmbh?originalSubdomain=de"]}]}},"_links":{"self":[{"href":"https:\/\/lca-online.com\/en\/wp-json\/wp\/v2\/pages\/10809","targetHints":{"allow":["GET"]}}],"collection":[{"href":"https:\/\/lca-online.com\/en\/wp-json\/wp\/v2\/pages"}],"about":[{"href":"https:\/\/lca-online.com\/en\/wp-json\/wp\/v2\/types\/page"}],"author":[{"embeddable":true,"href":"https:\/\/lca-online.com\/en\/wp-json\/wp\/v2\/users\/3"}],"replies":[{"embeddable":true,"href":"https:\/\/lca-online.com\/en\/wp-json\/wp\/v2\/comments?post=10809"}],"version-history":[{"count":1,"href":"https:\/\/lca-online.com\/en\/wp-json\/wp\/v2\/pages\/10809\/revisions"}],"predecessor-version":[{"id":10815,"href":"https:\/\/lca-online.com\/en\/wp-json\/wp\/v2\/pages\/10809\/revisions\/10815"}],"wp:attachment":[{"href":"https:\/\/lca-online.com\/en\/wp-json\/wp\/v2\/media?parent=10809"}],"curies":[{"name":"wp","href":"https:\/\/api.w.org\/{rel}","templated":true}]}}