{"id":10628,"date":"2022-01-24T12:44:00","date_gmt":"2022-01-24T11:44:00","guid":{"rendered":"https:\/\/dev.lca-online.com\/company\/career-jobs\/"},"modified":"2024-09-11T10:44:53","modified_gmt":"2024-09-11T08:44:53","slug":"career-jobs","status":"publish","type":"page","link":"https:\/\/lca-online.com\/en\/company\/career-jobs\/","title":{"rendered":"Career &amp; Jobs"},"content":{"rendered":"<h1>Career &amp; Jobs at LCA-Online<\/h1>\n<p>Current job offers and strategic partnerships<br \/>\n<div class=\"su-spacer\" style=\"height:10px\"><\/div>\n\t<a class=\"paoc-popup-click paoc-popup-cust-10631 paoc-popup-button paoc-popup-btn \" href=\"javascript:void(0);\">Contact Us<\/a>\r\n\n<h2>Current job offers and strategic partnerships<\/h2>\n<p>We are looking for employees and partners who support us with our ongoing projects on Green Building Consulting. We offer an interesting professional field of responsibility with challenging projects in the area of Green Building, energy efficiency and building physics as well as interesting opportunities for professional development in a dynamic and young company.<\/p>\n<p>We look forward to hearing from you.<\/p>\n<div class=\"su-spacer\" style=\"height:30px\"><\/div>\n<div class=\"toc\">\n<ol>\n<li><a href=\"#jobs1\" target=\"_self\" rel=\"noopener\">Project Manager Green Building Design \/ Energy Efficiency \/ Building Physics<\/a><\/li>\n<li><a href=\"#jobs2\" target=\"_self\" rel=\"noopener\">Freelancers<\/a><\/li>\n<li><a href=\"#jobs3\" target=\"_self\" rel=\"noopener\">Strategic Partnerships<\/a><\/li>\n<li><a href=\"#jobs4\" target=\"_self\" rel=\"noopener\">Interns<\/a><\/li>\n<li><a href=\"#jobs5\" target=\"_self\" rel=\"noopener\">Student Employees<\/a><\/li>\n<\/ol>\n<\/div>\n<div class=\"su-spacer\" style=\"height:30px\"><\/div>\n<h3 id=\"jobs1\">Project Manager Green Building Design \/ Energy Efficiency \/ Building Physics<\/h3>\n<p>With immediate effect we are looking for a PROJECT MANAGER (m \/ f) IN THE AREA BUILDING PHYSICS, ENERGY DESIGN, SUSTAINABLE BUILDING, who support our clients as experts for sustainable and energy efficient building.<\/p>\n<p>YOUR PROFILE<\/p>\n<ul>\n<li>University degree in the area building physics, supply engineering or industrial engineering (civil engineering) with work experience &gt; 3 years<\/li>\n<li>You are a certified LEED AP, DGNB Auditor or BREEAM Assessor<\/li>\n<li>Deeper knowledge in the area of energy simulation with TRNSYS or another simulation software<\/li>\n<li>Knowledge of building physics consulting (heat, sound, acoustic, light)<\/li>\n<li>Experience in generating energy passes according to DIN EN 18599<\/li>\n<li>Very good knowledge of English, both written and spoken<\/li>\n<\/ul>\n<p>YOUR TASKS<\/p>\n<ul>\n<li>Project manager Green Building Consulting in certification projects according to known labels like LEED, DGNB and BREEAM<\/li>\n<li>Consulting in the area of building ecology and assessment of products &gt; <a class=\"icn icn-ext-info-outlink external-link\" href=\"https:\/\/www.hoinka.com\">https:\/\/www.hoinka.com<\/a><\/li>\n<li>Performing energy simulations<\/li>\n<li>Generating life cycle assessments &gt; <a class=\"icn icn-ext-info-outlink external-link\" href=\"https:\/\/www.lca-online.com\">https:\/\/www.lca-online.com<\/a><\/li>\n<li>Generating energy passes \/ energy concepts<\/li>\n<\/ul>\n<p>With immediate effect we are looking for a PROJECT MANAGER (m \/ f) IN THE AREA BUILDING PHYSICS, ENERGY DESIGN, SUSTAINABLE BUILDING, who support our clients as experts for sustainable and energy efficient building.<\/p>\n<p>YOUR PROFILE<\/p>\n<ul>\n<li>University degree in the area building physics, supply engineering or industrial engineering (civil engineering) with work experience 3 years<\/li>\n<li>You are a certified LEED AP, DGNB Auditor or BREEAM Assessor<\/li>\n<li>Deeper knowledge in the area of energy simulation with TRNSYS or another simulation software<\/li>\n<li>Knowledge of building physics consulting (heat, sound, acoustic, light)<\/li>\n<li>Experience in generating energy passes according to DIN EN 18599<\/li>\n<li>Very good knowledge of English, both written and spoken<\/li>\n<\/ul>\n<p>YOUR TASKS<\/p>\n<ul>\n<li>Green Building Consulting in certification projects according to known labels like LEED, DGNB and BREEAM<\/li>\n<li>Consulting in the area of building ecology and assessment of products &gt; <a class=\"icn icn-ext-info-outlink external-link\" href=\"https:\/\/www.hoinka.com\">https:\/\/www.hoinka.com<\/a><\/li>\n<li>Performing energy simulations<\/li>\n<li>Generating life cycle assessments &gt; <a class=\"icn icn-ext-info-outlink external-link\" href=\"https:\/\/www.lca-online.com\">https:\/\/www.lca-online.com<\/a><\/li>\n<li>Generating energy passes \/ energy concepts<\/li>\n<\/ul>\n<p>INTERESTED?<br \/>\nPlease send us your complete application specifying your earliest possible start date via email (as pdf-format, max. 5MB).<\/p>\n<h3 id=\"jobs2\">Freelancers<\/h3>\n<p>With immediate effect we are looking for freelancers IN THE AREA BUILDING PHYSICS, ENERGY DESIGN, SUSTAINABLE BUILDING, who support our clients as experts for sustainable and energy efficient building.<\/p>\n<p>INTERESTED?<br \/>\nPlease send us your complete application specifying your earliest possible start date via email (as pdf-format, max. 5MB).<\/p>\n<h3 id=\"jobs3\">Strategic Partnerships<\/h3>\n<p>With immediate effect we are looking for partners IN THE AREA BUILDING PHYSICS, ENERGY DESIGN, SUSTAINABLE BUILDING, who support our clients as experts for sustainable and energy efficient building.<\/p>\n<p>INTERESTED?<br \/>\nContact us.<\/p>\n<h3 id=\"jobs4\">Interns<\/h3>\n<p>With immediate effect we are looking for interns (m \/ f) IN THE AREA BUILDING PHYSICS, ENERGY DESIGN, SUSTAINABLE BUILDING, who support us in Green Building Projects.<\/p>\n<p>YOUR PROFILE<\/p>\n<ul>\n<li>Study in the area building physics, supply engineering, industrial engineering (civil engineering), constructional engineering or architecture (advanced semester)<\/li>\n<li>Analytic and project-oriented thinking<\/li>\n<li>Commitment, interpersonal and team skills<\/li>\n<li>Good knowledge of English, written and spoken<\/li>\n<li>Very good knowledge of MS Office, especially Excel\/Excel VBA<\/li>\n<\/ul>\n<p>YOUR TASKS<\/p>\n<ul>\n<li>Green Building Consulting in certification projects according to known labels like LEED, DGNB and BREEAM<\/li>\n<li>Consulting in the area of building ecology and assessment of products &gt; <a class=\"icn icn-ext-info-outlink external-link\" href=\"https:\/\/www.hoinka.com\">https:\/\/www.hoinka.com<\/a><\/li>\n<li>Performing energy simulations<\/li>\n<li>Generating life cycle assessments &gt; <a class=\"icn icn-ext-info-outlink external-link\" href=\"https:\/\/www.lca-online.com\">https:\/\/www.lca-online.com<\/a><\/li>\n<li>Generating energy passes \/ energy concepts<\/li>\n<\/ul>\n<p>INTERESTED?<br \/>\nPlease send us your complete application specifying your earliest possible start date via email (as pdf-format, max. 5MB).<\/p>\n<h3 id=\"jobs5\">Student Employees<\/h3>\n<p>With immediate effect we are looking for student empolyees (m \/ f) IN THE AREA BUILDING PHYSICS, ENERGY DESIGN, SUSTAINABLE BUILDING, who support us in ongoing Green Building Projects.<\/p>\n<p>YOUR PROFILE<\/p>\n<ul>\n<li>Study in the area building physics, supply engineering, industrial engineering (civil engineering), constructional engineering or architecture (advanced semester)<\/li>\n<li>Analytic and project-oriented thinking<\/li>\n<li>Commitment, interpersonal and team skills<\/li>\n<li>Good knowledge of English, written and spoken<\/li>\n<li>Very good knowledge of MS Office, especially Excel\/Excel VBA<\/li>\n<\/ul>\n<p>YOUR TASKS<\/p>\n<ul>\n<li>Green Building Consulting in certification projects according to known labels like LEED, DGNB and BREEAM<\/li>\n<li>Consulting in the area of building ecology and assessment of products &gt; <a class=\"icn icn-ext-info-outlink external-link\" href=\"https:\/\/www.hoinka.com\">https:\/\/www.hoinka.com<\/a><\/li>\n<li>Performing energy simulations<\/li>\n<li>Generating life cycle assessments &gt; <a class=\"icn icn-ext-info-outlink external-link\" href=\"https:\/\/www.lca-online.com\">https:\/\/www.lca-online.com<\/a><\/li>\n<li>Generating energy passes \/ energy concepts<\/li>\n<\/ul>\n<p>INTERESTED?<br \/>\nPlease send us your complete application specifying your earliest possible start date via email (as pdf-format, max. 5MB).<br \/>\n<div class=\"su-spacer\" style=\"height:30px\"><\/div>\n<h3>WE ARE<\/h3>\n<p>A consulting firm in the area of sustainable building. Our customers are constructors and planners of medium and major construction projects, as well as producers of building products. It is our goal to holistically plan and assess buildings according to the latest sustainability standards<\/p>\n<h3>WE OFFER<\/h3>\n<p>An interesting professional field of responsibility with challenging projects in the area of Green Building, energy efficiency and building physics as well as interesting opportunities for professional development in a dynamic and young company.<\/p>\n<h3>INTERESTED?<\/h3>\n<p>Please send us your complete<br \/>\napplication, specifying your earliest possible start date via<br \/>\nemail (as pdf-format, max. 5MB)<\/p>\n<h3>CONTACT<\/h3>\n<p>HOINKA GmbH<br \/>\nTechnologiezentrum<br \/>\nNobelstra\u00dfe 15, 70569 Stuttgart<br \/>\nTel.: +49 7031 7659-441<br \/>\nE-Mail: <a href=\"mailto:info@hoinka.com\">info@hoinka.com<\/a><\/p>\n","protected":false},"excerpt":{"rendered":"<p>Career &amp; Jobs at LCA-Online Current job offers and strategic partnerships Current job offers and strategic partnerships We are looking for employees and partners who support us with our ongoing projects on Green Building Consulting. We offer an interesting professional field of responsibility with challenging projects in the area of Green Building, energy efficiency and &hellip;<\/p>\n","protected":false},"author":3,"featured_media":10242,"parent":10579,"menu_order":0,"comment_status":"closed","ping_status":"closed","template":"sections.php","meta":{"_genesis_hide_title":false,"_genesis_hide_breadcrumbs":false,"_genesis_hide_singular_image":false,"_genesis_hide_footer_widgets":false,"_genesis_custom_body_class":"","_genesis_custom_post_class":"","_genesis_layout":"","footnotes":""},"class_list":{"0":"post-10628","1":"page","2":"type-page","3":"status-publish","4":"has-post-thumbnail","6":"entry"},"yoast_head":"<!-- This site is optimized with the Yoast SEO plugin v26.3 - https:\/\/yoast.com\/wordpress\/plugins\/seo\/ -->\n<title>Career &amp; Jobs &#8211; LCA Online<\/title>\n<meta name=\"description\" content=\"We offer an interesting professional field of responsibility as well as challenging projects in the area of Green Building, energy efficiency and building physics.\" \/>\n<meta name=\"robots\" content=\"index, follow, max-snippet:-1, max-image-preview:large, max-video-preview:-1\" \/>\n<link rel=\"canonical\" href=\"https:\/\/lca-online.com\/en\/company\/career-jobs\/\" \/>\n<meta property=\"og:locale\" content=\"en_US\" \/>\n<meta property=\"og:type\" content=\"article\" \/>\n<meta property=\"og:title\" content=\"Career &amp; Jobs &#8211; LCA Online\" \/>\n<meta property=\"og:description\" content=\"We offer an interesting professional field of responsibility as well as challenging projects in the area of Green Building, energy efficiency and building physics.\" \/>\n<meta property=\"og:url\" content=\"https:\/\/lca-online.com\/en\/company\/career-jobs\/\" \/>\n<meta property=\"og:site_name\" content=\"LCA Online\" \/>\n<meta property=\"article:publisher\" content=\"https:\/\/de-de.facebook.com\/pages\/category\/Consulting-Agency\/HOINKA-GmbH-202893899755765\/\" \/>\n<meta property=\"article:modified_time\" content=\"2024-09-11T08:44:53+00:00\" \/>\n<meta property=\"og:image\" content=\"https:\/\/lca-online.com\/wp-content\/uploads\/HOINKA_Karriere_JOB_DGNB_LEED_BREEAM._bannerjpg-square.jpg\" \/>\n\t<meta property=\"og:image:width\" content=\"881\" \/>\n\t<meta property=\"og:image:height\" content=\"881\" \/>\n\t<meta property=\"og:image:type\" content=\"image\/jpeg\" \/>\n<meta name=\"twitter:card\" content=\"summary_large_image\" \/>\n<meta name=\"twitter:label1\" content=\"Est. reading time\" \/>\n\t<meta name=\"twitter:data1\" content=\"5 minutes\" \/>\n<script type=\"application\/ld+json\" class=\"yoast-schema-graph\">{\"@context\":\"https:\/\/schema.org\",\"@graph\":[{\"@type\":\"WebPage\",\"@id\":\"https:\/\/lca-online.com\/en\/company\/career-jobs\/\",\"url\":\"https:\/\/lca-online.com\/en\/company\/career-jobs\/\",\"name\":\"Career &amp; Jobs &#8211; LCA Online\",\"isPartOf\":{\"@id\":\"https:\/\/lca-online.com\/en\/#website\"},\"primaryImageOfPage\":{\"@id\":\"https:\/\/lca-online.com\/en\/company\/career-jobs\/#primaryimage\"},\"image\":{\"@id\":\"https:\/\/lca-online.com\/en\/company\/career-jobs\/#primaryimage\"},\"thumbnailUrl\":\"https:\/\/lca-online.com\/wp-content\/uploads\/HOINKA_Karriere_JOB_DGNB_LEED_BREEAM._bannerjpg-square.jpg\",\"datePublished\":\"2022-01-24T11:44:00+00:00\",\"dateModified\":\"2024-09-11T08:44:53+00:00\",\"description\":\"We offer an interesting professional field of responsibility as well as challenging projects in the area of Green Building, energy efficiency and building physics.\",\"breadcrumb\":{\"@id\":\"https:\/\/lca-online.com\/en\/company\/career-jobs\/#breadcrumb\"},\"inLanguage\":\"en-US\",\"potentialAction\":[{\"@type\":\"ReadAction\",\"target\":[\"https:\/\/lca-online.com\/en\/company\/career-jobs\/\"]}]},{\"@type\":\"ImageObject\",\"inLanguage\":\"en-US\",\"@id\":\"https:\/\/lca-online.com\/en\/company\/career-jobs\/#primaryimage\",\"url\":\"https:\/\/lca-online.com\/wp-content\/uploads\/HOINKA_Karriere_JOB_DGNB_LEED_BREEAM._bannerjpg-square.jpg\",\"contentUrl\":\"https:\/\/lca-online.com\/wp-content\/uploads\/HOINKA_Karriere_JOB_DGNB_LEED_BREEAM._bannerjpg-square.jpg\",\"width\":881,\"height\":881,\"caption\":\"Join our Team Karriere LCA\"},{\"@type\":\"BreadcrumbList\",\"@id\":\"https:\/\/lca-online.com\/en\/company\/career-jobs\/#breadcrumb\",\"itemListElement\":[{\"@type\":\"ListItem\",\"position\":1,\"name\":\"Home\",\"item\":\"https:\/\/lca-online.com\/en\/\"},{\"@type\":\"ListItem\",\"position\":2,\"name\":\"Company\",\"item\":\"https:\/\/lca-online.com\/en\/unternehmen\/\"},{\"@type\":\"ListItem\",\"position\":3,\"name\":\"Career &amp; Jobs\"}]},{\"@type\":\"WebSite\",\"@id\":\"https:\/\/lca-online.com\/en\/#website\",\"url\":\"https:\/\/lca-online.com\/en\/\",\"name\":\"LCA Online\",\"description\":\"Das Online-Tool f\u00fcr Geb\u00e4ude-\u00d6kobilanzen\",\"publisher\":{\"@id\":\"https:\/\/lca-online.com\/en\/#organization\"},\"potentialAction\":[{\"@type\":\"SearchAction\",\"target\":{\"@type\":\"EntryPoint\",\"urlTemplate\":\"https:\/\/lca-online.com\/en\/?s={search_term_string}\"},\"query-input\":{\"@type\":\"PropertyValueSpecification\",\"valueRequired\":true,\"valueName\":\"search_term_string\"}}],\"inLanguage\":\"en-US\"},{\"@type\":\"Organization\",\"@id\":\"https:\/\/lca-online.com\/en\/#organization\",\"name\":\"LCA Online\",\"url\":\"https:\/\/lca-online.com\/en\/\",\"logo\":{\"@type\":\"ImageObject\",\"inLanguage\":\"en-US\",\"@id\":\"https:\/\/lca-online.com\/en\/#\/schema\/logo\/image\/\",\"url\":\"https:\/\/lca-online.com\/wp-content\/uploads\/lca-online_sm.webp\",\"contentUrl\":\"https:\/\/lca-online.com\/wp-content\/uploads\/lca-online_sm.webp\",\"width\":350,\"height\":103,\"caption\":\"LCA Online\"},\"image\":{\"@id\":\"https:\/\/lca-online.com\/en\/#\/schema\/logo\/image\/\"},\"sameAs\":[\"https:\/\/de-de.facebook.com\/pages\/category\/Consulting-Agency\/HOINKA-GmbH-202893899755765\/\",\"https:\/\/www.linkedin.com\/company\/hoinka-gmbh?originalSubdomain=de\"]}]}<\/script>\n<!-- \/ Yoast SEO plugin. -->","yoast_head_json":{"title":"Career &amp; Jobs &#8211; LCA Online","description":"We offer an interesting professional field of responsibility as well as challenging projects in the area of Green Building, energy efficiency and building physics.","robots":{"index":"index","follow":"follow","max-snippet":"max-snippet:-1","max-image-preview":"max-image-preview:large","max-video-preview":"max-video-preview:-1"},"canonical":"https:\/\/lca-online.com\/en\/company\/career-jobs\/","og_locale":"en_US","og_type":"article","og_title":"Career &amp; Jobs &#8211; LCA Online","og_description":"We offer an interesting professional field of responsibility as well as challenging projects in the area of Green Building, energy efficiency and building physics.","og_url":"https:\/\/lca-online.com\/en\/company\/career-jobs\/","og_site_name":"LCA Online","article_publisher":"https:\/\/de-de.facebook.com\/pages\/category\/Consulting-Agency\/HOINKA-GmbH-202893899755765\/","article_modified_time":"2024-09-11T08:44:53+00:00","og_image":[{"width":881,"height":881,"url":"https:\/\/lca-online.com\/wp-content\/uploads\/HOINKA_Karriere_JOB_DGNB_LEED_BREEAM._bannerjpg-square.jpg","type":"image\/jpeg"}],"twitter_card":"summary_large_image","twitter_misc":{"Est. reading time":"5 minutes"},"schema":{"@context":"https:\/\/schema.org","@graph":[{"@type":"WebPage","@id":"https:\/\/lca-online.com\/en\/company\/career-jobs\/","url":"https:\/\/lca-online.com\/en\/company\/career-jobs\/","name":"Career &amp; Jobs &#8211; LCA Online","isPartOf":{"@id":"https:\/\/lca-online.com\/en\/#website"},"primaryImageOfPage":{"@id":"https:\/\/lca-online.com\/en\/company\/career-jobs\/#primaryimage"},"image":{"@id":"https:\/\/lca-online.com\/en\/company\/career-jobs\/#primaryimage"},"thumbnailUrl":"https:\/\/lca-online.com\/wp-content\/uploads\/HOINKA_Karriere_JOB_DGNB_LEED_BREEAM._bannerjpg-square.jpg","datePublished":"2022-01-24T11:44:00+00:00","dateModified":"2024-09-11T08:44:53+00:00","description":"We offer an interesting professional field of responsibility as well as challenging projects in the area of Green Building, energy efficiency and building physics.","breadcrumb":{"@id":"https:\/\/lca-online.com\/en\/company\/career-jobs\/#breadcrumb"},"inLanguage":"en-US","potentialAction":[{"@type":"ReadAction","target":["https:\/\/lca-online.com\/en\/company\/career-jobs\/"]}]},{"@type":"ImageObject","inLanguage":"en-US","@id":"https:\/\/lca-online.com\/en\/company\/career-jobs\/#primaryimage","url":"https:\/\/lca-online.com\/wp-content\/uploads\/HOINKA_Karriere_JOB_DGNB_LEED_BREEAM._bannerjpg-square.jpg","contentUrl":"https:\/\/lca-online.com\/wp-content\/uploads\/HOINKA_Karriere_JOB_DGNB_LEED_BREEAM._bannerjpg-square.jpg","width":881,"height":881,"caption":"Join our Team Karriere LCA"},{"@type":"BreadcrumbList","@id":"https:\/\/lca-online.com\/en\/company\/career-jobs\/#breadcrumb","itemListElement":[{"@type":"ListItem","position":1,"name":"Home","item":"https:\/\/lca-online.com\/en\/"},{"@type":"ListItem","position":2,"name":"Company","item":"https:\/\/lca-online.com\/en\/unternehmen\/"},{"@type":"ListItem","position":3,"name":"Career &amp; Jobs"}]},{"@type":"WebSite","@id":"https:\/\/lca-online.com\/en\/#website","url":"https:\/\/lca-online.com\/en\/","name":"LCA Online","description":"Das Online-Tool f\u00fcr Geb\u00e4ude-\u00d6kobilanzen","publisher":{"@id":"https:\/\/lca-online.com\/en\/#organization"},"potentialAction":[{"@type":"SearchAction","target":{"@type":"EntryPoint","urlTemplate":"https:\/\/lca-online.com\/en\/?s={search_term_string}"},"query-input":{"@type":"PropertyValueSpecification","valueRequired":true,"valueName":"search_term_string"}}],"inLanguage":"en-US"},{"@type":"Organization","@id":"https:\/\/lca-online.com\/en\/#organization","name":"LCA Online","url":"https:\/\/lca-online.com\/en\/","logo":{"@type":"ImageObject","inLanguage":"en-US","@id":"https:\/\/lca-online.com\/en\/#\/schema\/logo\/image\/","url":"https:\/\/lca-online.com\/wp-content\/uploads\/lca-online_sm.webp","contentUrl":"https:\/\/lca-online.com\/wp-content\/uploads\/lca-online_sm.webp","width":350,"height":103,"caption":"LCA Online"},"image":{"@id":"https:\/\/lca-online.com\/en\/#\/schema\/logo\/image\/"},"sameAs":["https:\/\/de-de.facebook.com\/pages\/category\/Consulting-Agency\/HOINKA-GmbH-202893899755765\/","https:\/\/www.linkedin.com\/company\/hoinka-gmbh?originalSubdomain=de"]}]}},"_links":{"self":[{"href":"https:\/\/lca-online.com\/en\/wp-json\/wp\/v2\/pages\/10628","targetHints":{"allow":["GET"]}}],"collection":[{"href":"https:\/\/lca-online.com\/en\/wp-json\/wp\/v2\/pages"}],"about":[{"href":"https:\/\/lca-online.com\/en\/wp-json\/wp\/v2\/types\/page"}],"author":[{"embeddable":true,"href":"https:\/\/lca-online.com\/en\/wp-json\/wp\/v2\/users\/3"}],"replies":[{"embeddable":true,"href":"https:\/\/lca-online.com\/en\/wp-json\/wp\/v2\/comments?post=10628"}],"version-history":[{"count":2,"href":"https:\/\/lca-online.com\/en\/wp-json\/wp\/v2\/pages\/10628\/revisions"}],"predecessor-version":[{"id":10799,"href":"https:\/\/lca-online.com\/en\/wp-json\/wp\/v2\/pages\/10628\/revisions\/10799"}],"up":[{"embeddable":true,"href":"https:\/\/lca-online.com\/en\/wp-json\/wp\/v2\/pages\/10579"}],"wp:featuredmedia":[{"embeddable":true,"href":"https:\/\/lca-online.com\/en\/wp-json\/wp\/v2\/media\/10242"}],"wp:attachment":[{"href":"https:\/\/lca-online.com\/en\/wp-json\/wp\/v2\/media?parent=10628"}],"curies":[{"name":"wp","href":"https:\/\/api.w.org\/{rel}","templated":true}]}}