{"id":10621,"date":"2022-01-08T23:52:40","date_gmt":"2022-01-08T22:52:40","guid":{"rendered":"https:\/\/dev.lca-online.com\/services\/training\/"},"modified":"2024-09-11T10:34:12","modified_gmt":"2024-09-11T08:34:12","slug":"training","status":"publish","type":"page","link":"https:\/\/lca-online.com\/en\/services\/training\/","title":{"rendered":"Trainings for life cycle assements"},"content":{"rendered":"<h1>Trainings for Life Cycle Assessments<\/h1>\n<p>Do you want to become an expert in life cycle assessment yourself? We are happy to help you!<br \/>\n<div class=\"su-spacer\" style=\"height:10px\"><\/div>\n\t<a class=\"paoc-popup-click paoc-popup-cust-10631 paoc-popup-button paoc-popup-btn \" href=\"javascript:void(0);\">Contact Us<\/a>\r\n\nWe offer you an introduction into life cycle assessment and the application of the online software in your home. We are happy to talk to you in person and speak about appointments and fees.<br \/>\n<div class=\"su-spacer\" style=\"height:10px\"><\/div>\n<p style=\"text-align: center;\"><a class=\"more-link\" href=\"https:\/\/tool.oekobilanz-bau.de\" target=\"_blank\" rel=\"noopener\">Free Registration<\/a><\/p>\n<p style=\"text-align: center;\">Phone <a class=\"\" href=\"tel:\/\/+49%20711%2062049-342\">+49 711 62049-342<\/a><br \/>\nEmail <a class=\"\" href=\"mailto:service@lca-online.com\">service@lca-online.com<\/a><\/p>\n","protected":false},"excerpt":{"rendered":"<p>Trainings for Life Cycle Assessments Do you want to become an expert in life cycle assessment yourself? We are happy to help you! We offer you an introduction into life cycle assessment and the application of the online software in your home. We are happy to talk to you in person and speak about appointments &hellip;<\/p>\n","protected":false},"author":3,"featured_media":10223,"parent":10580,"menu_order":30,"comment_status":"open","ping_status":"closed","template":"sections.php","meta":{"_genesis_hide_title":false,"_genesis_hide_breadcrumbs":false,"_genesis_hide_singular_image":false,"_genesis_hide_footer_widgets":false,"_genesis_custom_body_class":"","_genesis_custom_post_class":"","_genesis_layout":"","footnotes":""},"class_list":{"0":"post-10621","1":"page","2":"type-page","3":"status-publish","4":"has-post-thumbnail","6":"entry"},"yoast_head":"<!-- This site is optimized with the Yoast SEO plugin v26.3 - https:\/\/yoast.com\/wordpress\/plugins\/seo\/ -->\n<title>Trainings for life cycle assements &#8211; LCA Online<\/title>\n<meta name=\"description\" content=\"An introduction into life cycle assessment and the application of our software in your home - we help you to become a life cycle assessment expert yourself.\" \/>\n<meta name=\"robots\" content=\"index, follow, max-snippet:-1, max-image-preview:large, max-video-preview:-1\" \/>\n<link rel=\"canonical\" href=\"https:\/\/lca-online.com\/en\/services\/training\/\" \/>\n<meta property=\"og:locale\" content=\"en_US\" \/>\n<meta property=\"og:type\" content=\"article\" \/>\n<meta property=\"og:title\" content=\"Trainings for life cycle assements &#8211; LCA Online\" \/>\n<meta property=\"og:description\" content=\"An introduction into life cycle assessment and the application of our software in your home - we help you to become a life cycle assessment expert yourself.\" \/>\n<meta property=\"og:url\" content=\"https:\/\/lca-online.com\/en\/services\/training\/\" \/>\n<meta property=\"og:site_name\" content=\"LCA Online\" \/>\n<meta property=\"article:publisher\" content=\"https:\/\/de-de.facebook.com\/pages\/category\/Consulting-Agency\/HOINKA-GmbH-202893899755765\/\" \/>\n<meta property=\"article:modified_time\" content=\"2024-09-11T08:34:12+00:00\" \/>\n<meta property=\"og:image\" content=\"https:\/\/lca-online.com\/wp-content\/uploads\/pexels-startup-stock-photos-7075-scaled.jpg\" \/>\n\t<meta property=\"og:image:width\" content=\"2560\" \/>\n\t<meta property=\"og:image:height\" content=\"1696\" \/>\n\t<meta property=\"og:image:type\" content=\"image\/jpeg\" \/>\n<meta name=\"twitter:card\" content=\"summary_large_image\" \/>\n<script type=\"application\/ld+json\" class=\"yoast-schema-graph\">{\"@context\":\"https:\/\/schema.org\",\"@graph\":[{\"@type\":\"WebPage\",\"@id\":\"https:\/\/lca-online.com\/en\/services\/training\/\",\"url\":\"https:\/\/lca-online.com\/en\/services\/training\/\",\"name\":\"Trainings for life cycle assements &#8211; LCA Online\",\"isPartOf\":{\"@id\":\"https:\/\/lca-online.com\/en\/#website\"},\"primaryImageOfPage\":{\"@id\":\"https:\/\/lca-online.com\/en\/services\/training\/#primaryimage\"},\"image\":{\"@id\":\"https:\/\/lca-online.com\/en\/services\/training\/#primaryimage\"},\"thumbnailUrl\":\"https:\/\/lca-online.com\/wp-content\/uploads\/pexels-startup-stock-photos-7075-scaled.jpg\",\"datePublished\":\"2022-01-08T22:52:40+00:00\",\"dateModified\":\"2024-09-11T08:34:12+00:00\",\"description\":\"An introduction into life cycle assessment and the application of our software in your home - we help you to become a life cycle assessment expert yourself.\",\"breadcrumb\":{\"@id\":\"https:\/\/lca-online.com\/en\/services\/training\/#breadcrumb\"},\"inLanguage\":\"en-US\",\"potentialAction\":[{\"@type\":\"ReadAction\",\"target\":[\"https:\/\/lca-online.com\/en\/services\/training\/\"]}]},{\"@type\":\"ImageObject\",\"inLanguage\":\"en-US\",\"@id\":\"https:\/\/lca-online.com\/en\/services\/training\/#primaryimage\",\"url\":\"https:\/\/lca-online.com\/wp-content\/uploads\/pexels-startup-stock-photos-7075-scaled.jpg\",\"contentUrl\":\"https:\/\/lca-online.com\/wp-content\/uploads\/pexels-startup-stock-photos-7075-scaled.jpg\",\"width\":2560,\"height\":1696,\"caption\":\"training\"},{\"@type\":\"BreadcrumbList\",\"@id\":\"https:\/\/lca-online.com\/en\/services\/training\/#breadcrumb\",\"itemListElement\":[{\"@type\":\"ListItem\",\"position\":1,\"name\":\"Home\",\"item\":\"https:\/\/lca-online.com\/en\/\"},{\"@type\":\"ListItem\",\"position\":2,\"name\":\"Services\",\"item\":\"https:\/\/lca-online.com\/en\/leistungen\/\"},{\"@type\":\"ListItem\",\"position\":3,\"name\":\"Trainings for life cycle assements\"}]},{\"@type\":\"WebSite\",\"@id\":\"https:\/\/lca-online.com\/en\/#website\",\"url\":\"https:\/\/lca-online.com\/en\/\",\"name\":\"LCA Online\",\"description\":\"Das Online-Tool f\u00fcr Geb\u00e4ude-\u00d6kobilanzen\",\"publisher\":{\"@id\":\"https:\/\/lca-online.com\/en\/#organization\"},\"potentialAction\":[{\"@type\":\"SearchAction\",\"target\":{\"@type\":\"EntryPoint\",\"urlTemplate\":\"https:\/\/lca-online.com\/en\/?s={search_term_string}\"},\"query-input\":{\"@type\":\"PropertyValueSpecification\",\"valueRequired\":true,\"valueName\":\"search_term_string\"}}],\"inLanguage\":\"en-US\"},{\"@type\":\"Organization\",\"@id\":\"https:\/\/lca-online.com\/en\/#organization\",\"name\":\"LCA Online\",\"url\":\"https:\/\/lca-online.com\/en\/\",\"logo\":{\"@type\":\"ImageObject\",\"inLanguage\":\"en-US\",\"@id\":\"https:\/\/lca-online.com\/en\/#\/schema\/logo\/image\/\",\"url\":\"https:\/\/lca-online.com\/wp-content\/uploads\/lca-online_sm.webp\",\"contentUrl\":\"https:\/\/lca-online.com\/wp-content\/uploads\/lca-online_sm.webp\",\"width\":350,\"height\":103,\"caption\":\"LCA Online\"},\"image\":{\"@id\":\"https:\/\/lca-online.com\/en\/#\/schema\/logo\/image\/\"},\"sameAs\":[\"https:\/\/de-de.facebook.com\/pages\/category\/Consulting-Agency\/HOINKA-GmbH-202893899755765\/\",\"https:\/\/www.linkedin.com\/company\/hoinka-gmbh?originalSubdomain=de\"]}]}<\/script>\n<!-- \/ Yoast SEO plugin. -->","yoast_head_json":{"title":"Trainings for life cycle assements &#8211; LCA Online","description":"An introduction into life cycle assessment and the application of our software in your home - we help you to become a life cycle assessment expert yourself.","robots":{"index":"index","follow":"follow","max-snippet":"max-snippet:-1","max-image-preview":"max-image-preview:large","max-video-preview":"max-video-preview:-1"},"canonical":"https:\/\/lca-online.com\/en\/services\/training\/","og_locale":"en_US","og_type":"article","og_title":"Trainings for life cycle assements &#8211; LCA Online","og_description":"An introduction into life cycle assessment and the application of our software in your home - we help you to become a life cycle assessment expert yourself.","og_url":"https:\/\/lca-online.com\/en\/services\/training\/","og_site_name":"LCA Online","article_publisher":"https:\/\/de-de.facebook.com\/pages\/category\/Consulting-Agency\/HOINKA-GmbH-202893899755765\/","article_modified_time":"2024-09-11T08:34:12+00:00","og_image":[{"width":2560,"height":1696,"url":"https:\/\/lca-online.com\/wp-content\/uploads\/pexels-startup-stock-photos-7075-scaled.jpg","type":"image\/jpeg"}],"twitter_card":"summary_large_image","schema":{"@context":"https:\/\/schema.org","@graph":[{"@type":"WebPage","@id":"https:\/\/lca-online.com\/en\/services\/training\/","url":"https:\/\/lca-online.com\/en\/services\/training\/","name":"Trainings for life cycle assements &#8211; LCA Online","isPartOf":{"@id":"https:\/\/lca-online.com\/en\/#website"},"primaryImageOfPage":{"@id":"https:\/\/lca-online.com\/en\/services\/training\/#primaryimage"},"image":{"@id":"https:\/\/lca-online.com\/en\/services\/training\/#primaryimage"},"thumbnailUrl":"https:\/\/lca-online.com\/wp-content\/uploads\/pexels-startup-stock-photos-7075-scaled.jpg","datePublished":"2022-01-08T22:52:40+00:00","dateModified":"2024-09-11T08:34:12+00:00","description":"An introduction into life cycle assessment and the application of our software in your home - we help you to become a life cycle assessment expert yourself.","breadcrumb":{"@id":"https:\/\/lca-online.com\/en\/services\/training\/#breadcrumb"},"inLanguage":"en-US","potentialAction":[{"@type":"ReadAction","target":["https:\/\/lca-online.com\/en\/services\/training\/"]}]},{"@type":"ImageObject","inLanguage":"en-US","@id":"https:\/\/lca-online.com\/en\/services\/training\/#primaryimage","url":"https:\/\/lca-online.com\/wp-content\/uploads\/pexels-startup-stock-photos-7075-scaled.jpg","contentUrl":"https:\/\/lca-online.com\/wp-content\/uploads\/pexels-startup-stock-photos-7075-scaled.jpg","width":2560,"height":1696,"caption":"training"},{"@type":"BreadcrumbList","@id":"https:\/\/lca-online.com\/en\/services\/training\/#breadcrumb","itemListElement":[{"@type":"ListItem","position":1,"name":"Home","item":"https:\/\/lca-online.com\/en\/"},{"@type":"ListItem","position":2,"name":"Services","item":"https:\/\/lca-online.com\/en\/leistungen\/"},{"@type":"ListItem","position":3,"name":"Trainings for life cycle assements"}]},{"@type":"WebSite","@id":"https:\/\/lca-online.com\/en\/#website","url":"https:\/\/lca-online.com\/en\/","name":"LCA Online","description":"Das Online-Tool f\u00fcr Geb\u00e4ude-\u00d6kobilanzen","publisher":{"@id":"https:\/\/lca-online.com\/en\/#organization"},"potentialAction":[{"@type":"SearchAction","target":{"@type":"EntryPoint","urlTemplate":"https:\/\/lca-online.com\/en\/?s={search_term_string}"},"query-input":{"@type":"PropertyValueSpecification","valueRequired":true,"valueName":"search_term_string"}}],"inLanguage":"en-US"},{"@type":"Organization","@id":"https:\/\/lca-online.com\/en\/#organization","name":"LCA Online","url":"https:\/\/lca-online.com\/en\/","logo":{"@type":"ImageObject","inLanguage":"en-US","@id":"https:\/\/lca-online.com\/en\/#\/schema\/logo\/image\/","url":"https:\/\/lca-online.com\/wp-content\/uploads\/lca-online_sm.webp","contentUrl":"https:\/\/lca-online.com\/wp-content\/uploads\/lca-online_sm.webp","width":350,"height":103,"caption":"LCA Online"},"image":{"@id":"https:\/\/lca-online.com\/en\/#\/schema\/logo\/image\/"},"sameAs":["https:\/\/de-de.facebook.com\/pages\/category\/Consulting-Agency\/HOINKA-GmbH-202893899755765\/","https:\/\/www.linkedin.com\/company\/hoinka-gmbh?originalSubdomain=de"]}]}},"_links":{"self":[{"href":"https:\/\/lca-online.com\/en\/wp-json\/wp\/v2\/pages\/10621","targetHints":{"allow":["GET"]}}],"collection":[{"href":"https:\/\/lca-online.com\/en\/wp-json\/wp\/v2\/pages"}],"about":[{"href":"https:\/\/lca-online.com\/en\/wp-json\/wp\/v2\/types\/page"}],"author":[{"embeddable":true,"href":"https:\/\/lca-online.com\/en\/wp-json\/wp\/v2\/users\/3"}],"replies":[{"embeddable":true,"href":"https:\/\/lca-online.com\/en\/wp-json\/wp\/v2\/comments?post=10621"}],"version-history":[{"count":4,"href":"https:\/\/lca-online.com\/en\/wp-json\/wp\/v2\/pages\/10621\/revisions"}],"predecessor-version":[{"id":10798,"href":"https:\/\/lca-online.com\/en\/wp-json\/wp\/v2\/pages\/10621\/revisions\/10798"}],"up":[{"embeddable":true,"href":"https:\/\/lca-online.com\/en\/wp-json\/wp\/v2\/pages\/10580"}],"wp:featuredmedia":[{"embeddable":true,"href":"https:\/\/lca-online.com\/en\/wp-json\/wp\/v2\/media\/10223"}],"wp:attachment":[{"href":"https:\/\/lca-online.com\/en\/wp-json\/wp\/v2\/media?parent=10621"}],"curies":[{"name":"wp","href":"https:\/\/api.w.org\/{rel}","templated":true}]}}