{"id":10620,"date":"2022-01-08T23:42:59","date_gmt":"2022-01-08T22:42:59","guid":{"rendered":"https:\/\/dev.lca-online.com\/studies\/"},"modified":"2022-01-08T23:42:59","modified_gmt":"2022-01-08T22:42:59","slug":"studies","status":"publish","type":"page","link":"https:\/\/lca-online.com\/en\/studies\/","title":{"rendered":"Studies about life cycle assessments"},"content":{"rendered":"<h2>Download Studies<\/h2>\n<p><a class=\"more-link\" href=\"http:\/\/www.greenbuildingproducts.eu\/wordpress\/wp-content\/uploads\/160525_%C3%96kobilanz_im_DGNB_2015_System_Potenziale_durch_Optimierung_der_Baukonstruktion_V1.pdf\">Study:life cycle assessment in the DGNB 2015 system<\/a><img decoding=\"async\" class=\"alignleft size-full wp-image-2461 post-image\" style=\"border: 1px solid black;\" title=\"oekobilanz-bau.de life cycle assessment in the DGNB 2015 system\" src=\"https:\/\/lca-online.com\/wp-content\/uploads\/160624_Studie.jpg\" alt=\"160624_study\" width=\"60\" height=\"80\"><\/p>\n<p>&nbsp;<\/p>\n<p>&nbsp;<\/p>\n<p>&nbsp;<\/p>\n<p>In the future you will find here further studies about products, components and projects that help you with the planning of optimised buildings.<\/p>\n","protected":false},"excerpt":{"rendered":"<p>Download Studies Study:life cycle assessment in the DGNB 2015 system &nbsp; &nbsp; &nbsp; In the future you will find here further studies about products, components and projects that help you with the planning of optimised buildings.<\/p>\n","protected":false},"author":3,"featured_media":0,"parent":0,"menu_order":0,"comment_status":"open","ping_status":"closed","template":"","meta":{"_genesis_hide_title":false,"_genesis_hide_breadcrumbs":false,"_genesis_hide_singular_image":false,"_genesis_hide_footer_widgets":false,"_genesis_custom_body_class":"","_genesis_custom_post_class":"","_genesis_layout":"","footnotes":""},"class_list":{"0":"post-10620","1":"page","2":"type-page","3":"status-publish","5":"entry"},"yoast_head":"<!-- This site is optimized with the Yoast SEO plugin v26.3 - https:\/\/yoast.com\/wordpress\/plugins\/seo\/ -->\n<title>Studies in the area of life cycle assessment &#8211; LCA Online<\/title>\n<meta name=\"description\" content=\"We publish in-depth information and current test results about Green Building on a regular basis - so that you are always informed.\" \/>\n<meta name=\"robots\" content=\"index, follow, max-snippet:-1, max-image-preview:large, max-video-preview:-1\" \/>\n<link rel=\"canonical\" href=\"https:\/\/lca-online.com\/en\/studies\/\" \/>\n<meta property=\"og:locale\" content=\"en_US\" \/>\n<meta property=\"og:type\" content=\"article\" \/>\n<meta property=\"og:title\" content=\"Studies in the area of life cycle assessment &#8211; LCA Online\" \/>\n<meta property=\"og:description\" content=\"We publish in-depth information and current test results about Green Building on a regular basis - so that you are always informed.\" \/>\n<meta property=\"og:url\" content=\"https:\/\/lca-online.com\/en\/studies\/\" \/>\n<meta property=\"og:site_name\" content=\"LCA Online\" \/>\n<meta property=\"article:publisher\" content=\"https:\/\/de-de.facebook.com\/pages\/category\/Consulting-Agency\/HOINKA-GmbH-202893899755765\/\" \/>\n<meta property=\"og:image\" content=\"https:\/\/lca-online.com\/wp-content\/uploads\/160624_Studie.jpg\" \/>\n<meta name=\"twitter:card\" content=\"summary_large_image\" \/>\n<script type=\"application\/ld+json\" class=\"yoast-schema-graph\">{\"@context\":\"https:\/\/schema.org\",\"@graph\":[{\"@type\":\"WebPage\",\"@id\":\"https:\/\/lca-online.com\/en\/studies\/\",\"url\":\"https:\/\/lca-online.com\/en\/studies\/\",\"name\":\"Studies in the area of life cycle assessment &#8211; LCA Online\",\"isPartOf\":{\"@id\":\"https:\/\/lca-online.com\/en\/#website\"},\"primaryImageOfPage\":{\"@id\":\"https:\/\/lca-online.com\/en\/studies\/#primaryimage\"},\"image\":{\"@id\":\"https:\/\/lca-online.com\/en\/studies\/#primaryimage\"},\"thumbnailUrl\":\"https:\/\/lca-online.com\/wp-content\/uploads\/160624_Studie.jpg\",\"datePublished\":\"2022-01-08T22:42:59+00:00\",\"description\":\"We publish in-depth information and current test results about Green Building on a regular basis - so that you are always informed.\",\"breadcrumb\":{\"@id\":\"https:\/\/lca-online.com\/en\/studies\/#breadcrumb\"},\"inLanguage\":\"en-US\",\"potentialAction\":[{\"@type\":\"ReadAction\",\"target\":[\"https:\/\/lca-online.com\/en\/studies\/\"]}]},{\"@type\":\"ImageObject\",\"inLanguage\":\"en-US\",\"@id\":\"https:\/\/lca-online.com\/en\/studies\/#primaryimage\",\"url\":\"https:\/\/lca-online.com\/wp-content\/uploads\/160624_Studie.jpg\",\"contentUrl\":\"https:\/\/lca-online.com\/wp-content\/uploads\/160624_Studie.jpg\"},{\"@type\":\"BreadcrumbList\",\"@id\":\"https:\/\/lca-online.com\/en\/studies\/#breadcrumb\",\"itemListElement\":[{\"@type\":\"ListItem\",\"position\":1,\"name\":\"Home\",\"item\":\"https:\/\/lca-online.com\/en\/\"},{\"@type\":\"ListItem\",\"position\":2,\"name\":\"Studies about life cycle assessments\"}]},{\"@type\":\"WebSite\",\"@id\":\"https:\/\/lca-online.com\/en\/#website\",\"url\":\"https:\/\/lca-online.com\/en\/\",\"name\":\"LCA Online\",\"description\":\"Das Online-Tool f\u00fcr Geb\u00e4ude-\u00d6kobilanzen\",\"publisher\":{\"@id\":\"https:\/\/lca-online.com\/en\/#organization\"},\"potentialAction\":[{\"@type\":\"SearchAction\",\"target\":{\"@type\":\"EntryPoint\",\"urlTemplate\":\"https:\/\/lca-online.com\/en\/?s={search_term_string}\"},\"query-input\":{\"@type\":\"PropertyValueSpecification\",\"valueRequired\":true,\"valueName\":\"search_term_string\"}}],\"inLanguage\":\"en-US\"},{\"@type\":\"Organization\",\"@id\":\"https:\/\/lca-online.com\/en\/#organization\",\"name\":\"LCA Online\",\"url\":\"https:\/\/lca-online.com\/en\/\",\"logo\":{\"@type\":\"ImageObject\",\"inLanguage\":\"en-US\",\"@id\":\"https:\/\/lca-online.com\/en\/#\/schema\/logo\/image\/\",\"url\":\"https:\/\/lca-online.com\/wp-content\/uploads\/lca-online_sm.webp\",\"contentUrl\":\"https:\/\/lca-online.com\/wp-content\/uploads\/lca-online_sm.webp\",\"width\":350,\"height\":103,\"caption\":\"LCA Online\"},\"image\":{\"@id\":\"https:\/\/lca-online.com\/en\/#\/schema\/logo\/image\/\"},\"sameAs\":[\"https:\/\/de-de.facebook.com\/pages\/category\/Consulting-Agency\/HOINKA-GmbH-202893899755765\/\",\"https:\/\/www.linkedin.com\/company\/hoinka-gmbh?originalSubdomain=de\"]}]}<\/script>\n<!-- \/ Yoast SEO plugin. -->","yoast_head_json":{"title":"Studies in the area of life cycle assessment &#8211; LCA Online","description":"We publish in-depth information and current test results about Green Building on a regular basis - so that you are always informed.","robots":{"index":"index","follow":"follow","max-snippet":"max-snippet:-1","max-image-preview":"max-image-preview:large","max-video-preview":"max-video-preview:-1"},"canonical":"https:\/\/lca-online.com\/en\/studies\/","og_locale":"en_US","og_type":"article","og_title":"Studies in the area of life cycle assessment &#8211; LCA Online","og_description":"We publish in-depth information and current test results about Green Building on a regular basis - so that you are always informed.","og_url":"https:\/\/lca-online.com\/en\/studies\/","og_site_name":"LCA Online","article_publisher":"https:\/\/de-de.facebook.com\/pages\/category\/Consulting-Agency\/HOINKA-GmbH-202893899755765\/","og_image":[{"url":"https:\/\/lca-online.com\/wp-content\/uploads\/160624_Studie.jpg","type":"","width":"","height":""}],"twitter_card":"summary_large_image","schema":{"@context":"https:\/\/schema.org","@graph":[{"@type":"WebPage","@id":"https:\/\/lca-online.com\/en\/studies\/","url":"https:\/\/lca-online.com\/en\/studies\/","name":"Studies in the area of life cycle assessment &#8211; LCA Online","isPartOf":{"@id":"https:\/\/lca-online.com\/en\/#website"},"primaryImageOfPage":{"@id":"https:\/\/lca-online.com\/en\/studies\/#primaryimage"},"image":{"@id":"https:\/\/lca-online.com\/en\/studies\/#primaryimage"},"thumbnailUrl":"https:\/\/lca-online.com\/wp-content\/uploads\/160624_Studie.jpg","datePublished":"2022-01-08T22:42:59+00:00","description":"We publish in-depth information and current test results about Green Building on a regular basis - so that you are always informed.","breadcrumb":{"@id":"https:\/\/lca-online.com\/en\/studies\/#breadcrumb"},"inLanguage":"en-US","potentialAction":[{"@type":"ReadAction","target":["https:\/\/lca-online.com\/en\/studies\/"]}]},{"@type":"ImageObject","inLanguage":"en-US","@id":"https:\/\/lca-online.com\/en\/studies\/#primaryimage","url":"https:\/\/lca-online.com\/wp-content\/uploads\/160624_Studie.jpg","contentUrl":"https:\/\/lca-online.com\/wp-content\/uploads\/160624_Studie.jpg"},{"@type":"BreadcrumbList","@id":"https:\/\/lca-online.com\/en\/studies\/#breadcrumb","itemListElement":[{"@type":"ListItem","position":1,"name":"Home","item":"https:\/\/lca-online.com\/en\/"},{"@type":"ListItem","position":2,"name":"Studies about life cycle assessments"}]},{"@type":"WebSite","@id":"https:\/\/lca-online.com\/en\/#website","url":"https:\/\/lca-online.com\/en\/","name":"LCA Online","description":"Das Online-Tool f\u00fcr Geb\u00e4ude-\u00d6kobilanzen","publisher":{"@id":"https:\/\/lca-online.com\/en\/#organization"},"potentialAction":[{"@type":"SearchAction","target":{"@type":"EntryPoint","urlTemplate":"https:\/\/lca-online.com\/en\/?s={search_term_string}"},"query-input":{"@type":"PropertyValueSpecification","valueRequired":true,"valueName":"search_term_string"}}],"inLanguage":"en-US"},{"@type":"Organization","@id":"https:\/\/lca-online.com\/en\/#organization","name":"LCA Online","url":"https:\/\/lca-online.com\/en\/","logo":{"@type":"ImageObject","inLanguage":"en-US","@id":"https:\/\/lca-online.com\/en\/#\/schema\/logo\/image\/","url":"https:\/\/lca-online.com\/wp-content\/uploads\/lca-online_sm.webp","contentUrl":"https:\/\/lca-online.com\/wp-content\/uploads\/lca-online_sm.webp","width":350,"height":103,"caption":"LCA Online"},"image":{"@id":"https:\/\/lca-online.com\/en\/#\/schema\/logo\/image\/"},"sameAs":["https:\/\/de-de.facebook.com\/pages\/category\/Consulting-Agency\/HOINKA-GmbH-202893899755765\/","https:\/\/www.linkedin.com\/company\/hoinka-gmbh?originalSubdomain=de"]}]}},"_links":{"self":[{"href":"https:\/\/lca-online.com\/en\/wp-json\/wp\/v2\/pages\/10620","targetHints":{"allow":["GET"]}}],"collection":[{"href":"https:\/\/lca-online.com\/en\/wp-json\/wp\/v2\/pages"}],"about":[{"href":"https:\/\/lca-online.com\/en\/wp-json\/wp\/v2\/types\/page"}],"author":[{"embeddable":true,"href":"https:\/\/lca-online.com\/en\/wp-json\/wp\/v2\/users\/3"}],"replies":[{"embeddable":true,"href":"https:\/\/lca-online.com\/en\/wp-json\/wp\/v2\/comments?post=10620"}],"version-history":[{"count":0,"href":"https:\/\/lca-online.com\/en\/wp-json\/wp\/v2\/pages\/10620\/revisions"}],"wp:attachment":[{"href":"https:\/\/lca-online.com\/en\/wp-json\/wp\/v2\/media?parent=10620"}],"curies":[{"name":"wp","href":"https:\/\/api.w.org\/{rel}","templated":true}]}}