{"id":10608,"date":"2022-01-08T22:33:27","date_gmt":"2022-01-08T21:33:27","guid":{"rendered":"https:\/\/dev.lca-online.com\/a-raymond-gmbh-co-kg\/"},"modified":"2022-01-08T22:35:36","modified_gmt":"2022-01-08T21:35:36","slug":"a-raymond-gmbh-co-kg","status":"publish","type":"page","link":"https:\/\/lca-online.com\/en\/a-raymond-gmbh-co-kg\/","title":{"rendered":"A. Raymond GmbH &amp; Co. KG"},"content":{"rendered":"","protected":false},"excerpt":{"rendered":"","protected":false},"author":1,"featured_media":10210,"parent":0,"menu_order":0,"comment_status":"closed","ping_status":"closed","template":"","meta":{"_genesis_hide_title":false,"_genesis_hide_breadcrumbs":false,"_genesis_hide_singular_image":false,"_genesis_hide_footer_widgets":false,"_genesis_custom_body_class":"","_genesis_custom_post_class":"","_genesis_layout":"","footnotes":""},"class_list":{"0":"post-10608","1":"page","2":"type-page","3":"status-publish","4":"has-post-thumbnail","6":"entry"},"yoast_head":"<!-- This site is optimized with the Yoast SEO plugin v26.3 - https:\/\/yoast.com\/wordpress\/plugins\/seo\/ -->\n<title>A. Raymond GmbH &amp; Co. KG &#8211; LCA Online<\/title>\n<meta name=\"robots\" content=\"noindex, follow\" \/>\n<meta property=\"og:locale\" content=\"en_US\" \/>\n<meta property=\"og:type\" content=\"article\" \/>\n<meta property=\"og:title\" content=\"A. Raymond GmbH &amp; Co. KG &#8211; LCA Online\" \/>\n<meta property=\"og:url\" content=\"https:\/\/lca-online.com\/en\/a-raymond-gmbh-co-kg\/\" \/>\n<meta property=\"og:site_name\" content=\"LCA Online\" \/>\n<meta property=\"article:publisher\" content=\"https:\/\/de-de.facebook.com\/pages\/category\/Consulting-Agency\/HOINKA-GmbH-202893899755765\/\" \/>\n<meta property=\"article:modified_time\" content=\"2022-01-08T21:35:36+00:00\" \/>\n<meta property=\"og:image\" content=\"https:\/\/lca-online.com\/wp-content\/uploads\/A_Raymond_GmbH__Co_KG_LEED_DGNB_BREEAM_WELL_\u00d6kobilanz.jpg\" \/>\n\t<meta property=\"og:image:width\" content=\"475\" \/>\n\t<meta property=\"og:image:height\" content=\"475\" \/>\n\t<meta property=\"og:image:type\" content=\"image\/jpeg\" \/>\n<meta name=\"twitter:card\" content=\"summary_large_image\" \/>\n<script type=\"application\/ld+json\" class=\"yoast-schema-graph\">{\"@context\":\"https:\/\/schema.org\",\"@graph\":[{\"@type\":\"WebPage\",\"@id\":\"https:\/\/lca-online.com\/en\/a-raymond-gmbh-co-kg\/\",\"url\":\"https:\/\/lca-online.com\/en\/a-raymond-gmbh-co-kg\/\",\"name\":\"A. Raymond GmbH &amp; Co. KG &#8211; LCA Online\",\"isPartOf\":{\"@id\":\"https:\/\/lca-online.com\/en\/#website\"},\"primaryImageOfPage\":{\"@id\":\"https:\/\/lca-online.com\/en\/a-raymond-gmbh-co-kg\/#primaryimage\"},\"image\":{\"@id\":\"https:\/\/lca-online.com\/en\/a-raymond-gmbh-co-kg\/#primaryimage\"},\"thumbnailUrl\":\"https:\/\/lca-online.com\/wp-content\/uploads\/A_Raymond_GmbH__Co_KG_LEED_DGNB_BREEAM_WELL_\u00d6kobilanz.jpg\",\"datePublished\":\"2022-01-08T21:33:27+00:00\",\"dateModified\":\"2022-01-08T21:35:36+00:00\",\"breadcrumb\":{\"@id\":\"https:\/\/lca-online.com\/en\/a-raymond-gmbh-co-kg\/#breadcrumb\"},\"inLanguage\":\"en-US\",\"potentialAction\":[{\"@type\":\"ReadAction\",\"target\":[\"https:\/\/lca-online.com\/en\/a-raymond-gmbh-co-kg\/\"]}]},{\"@type\":\"ImageObject\",\"inLanguage\":\"en-US\",\"@id\":\"https:\/\/lca-online.com\/en\/a-raymond-gmbh-co-kg\/#primaryimage\",\"url\":\"https:\/\/lca-online.com\/wp-content\/uploads\/A_Raymond_GmbH__Co_KG_LEED_DGNB_BREEAM_WELL_\u00d6kobilanz.jpg\",\"contentUrl\":\"https:\/\/lca-online.com\/wp-content\/uploads\/A_Raymond_GmbH__Co_KG_LEED_DGNB_BREEAM_WELL_\u00d6kobilanz.jpg\",\"width\":475,\"height\":475,\"caption\":\"A_Raymond_GmbH_&amp;_Co_KG\"},{\"@type\":\"BreadcrumbList\",\"@id\":\"https:\/\/lca-online.com\/en\/a-raymond-gmbh-co-kg\/#breadcrumb\",\"itemListElement\":[{\"@type\":\"ListItem\",\"position\":1,\"name\":\"Home\",\"item\":\"https:\/\/lca-online.com\/en\/\"},{\"@type\":\"ListItem\",\"position\":2,\"name\":\"A. Raymond GmbH &amp; Co. KG\"}]},{\"@type\":\"WebSite\",\"@id\":\"https:\/\/lca-online.com\/en\/#website\",\"url\":\"https:\/\/lca-online.com\/en\/\",\"name\":\"LCA Online\",\"description\":\"Das Online-Tool f\u00fcr Geb\u00e4ude-\u00d6kobilanzen\",\"publisher\":{\"@id\":\"https:\/\/lca-online.com\/en\/#organization\"},\"potentialAction\":[{\"@type\":\"SearchAction\",\"target\":{\"@type\":\"EntryPoint\",\"urlTemplate\":\"https:\/\/lca-online.com\/en\/?s={search_term_string}\"},\"query-input\":{\"@type\":\"PropertyValueSpecification\",\"valueRequired\":true,\"valueName\":\"search_term_string\"}}],\"inLanguage\":\"en-US\"},{\"@type\":\"Organization\",\"@id\":\"https:\/\/lca-online.com\/en\/#organization\",\"name\":\"LCA Online\",\"url\":\"https:\/\/lca-online.com\/en\/\",\"logo\":{\"@type\":\"ImageObject\",\"inLanguage\":\"en-US\",\"@id\":\"https:\/\/lca-online.com\/en\/#\/schema\/logo\/image\/\",\"url\":\"https:\/\/lca-online.com\/wp-content\/uploads\/lca-online_sm.webp\",\"contentUrl\":\"https:\/\/lca-online.com\/wp-content\/uploads\/lca-online_sm.webp\",\"width\":350,\"height\":103,\"caption\":\"LCA Online\"},\"image\":{\"@id\":\"https:\/\/lca-online.com\/en\/#\/schema\/logo\/image\/\"},\"sameAs\":[\"https:\/\/de-de.facebook.com\/pages\/category\/Consulting-Agency\/HOINKA-GmbH-202893899755765\/\",\"https:\/\/www.linkedin.com\/company\/hoinka-gmbh?originalSubdomain=de\"]}]}<\/script>\n<!-- \/ Yoast SEO plugin. -->","yoast_head_json":{"title":"A. Raymond GmbH &amp; Co. KG &#8211; LCA Online","robots":{"index":"noindex","follow":"follow"},"og_locale":"en_US","og_type":"article","og_title":"A. Raymond GmbH &amp; Co. KG &#8211; LCA Online","og_url":"https:\/\/lca-online.com\/en\/a-raymond-gmbh-co-kg\/","og_site_name":"LCA Online","article_publisher":"https:\/\/de-de.facebook.com\/pages\/category\/Consulting-Agency\/HOINKA-GmbH-202893899755765\/","article_modified_time":"2022-01-08T21:35:36+00:00","og_image":[{"width":475,"height":475,"url":"https:\/\/lca-online.com\/wp-content\/uploads\/A_Raymond_GmbH__Co_KG_LEED_DGNB_BREEAM_WELL_\u00d6kobilanz.jpg","type":"image\/jpeg"}],"twitter_card":"summary_large_image","schema":{"@context":"https:\/\/schema.org","@graph":[{"@type":"WebPage","@id":"https:\/\/lca-online.com\/en\/a-raymond-gmbh-co-kg\/","url":"https:\/\/lca-online.com\/en\/a-raymond-gmbh-co-kg\/","name":"A. Raymond GmbH &amp; Co. KG &#8211; LCA Online","isPartOf":{"@id":"https:\/\/lca-online.com\/en\/#website"},"primaryImageOfPage":{"@id":"https:\/\/lca-online.com\/en\/a-raymond-gmbh-co-kg\/#primaryimage"},"image":{"@id":"https:\/\/lca-online.com\/en\/a-raymond-gmbh-co-kg\/#primaryimage"},"thumbnailUrl":"https:\/\/lca-online.com\/wp-content\/uploads\/A_Raymond_GmbH__Co_KG_LEED_DGNB_BREEAM_WELL_\u00d6kobilanz.jpg","datePublished":"2022-01-08T21:33:27+00:00","dateModified":"2022-01-08T21:35:36+00:00","breadcrumb":{"@id":"https:\/\/lca-online.com\/en\/a-raymond-gmbh-co-kg\/#breadcrumb"},"inLanguage":"en-US","potentialAction":[{"@type":"ReadAction","target":["https:\/\/lca-online.com\/en\/a-raymond-gmbh-co-kg\/"]}]},{"@type":"ImageObject","inLanguage":"en-US","@id":"https:\/\/lca-online.com\/en\/a-raymond-gmbh-co-kg\/#primaryimage","url":"https:\/\/lca-online.com\/wp-content\/uploads\/A_Raymond_GmbH__Co_KG_LEED_DGNB_BREEAM_WELL_\u00d6kobilanz.jpg","contentUrl":"https:\/\/lca-online.com\/wp-content\/uploads\/A_Raymond_GmbH__Co_KG_LEED_DGNB_BREEAM_WELL_\u00d6kobilanz.jpg","width":475,"height":475,"caption":"A_Raymond_GmbH_&amp;_Co_KG"},{"@type":"BreadcrumbList","@id":"https:\/\/lca-online.com\/en\/a-raymond-gmbh-co-kg\/#breadcrumb","itemListElement":[{"@type":"ListItem","position":1,"name":"Home","item":"https:\/\/lca-online.com\/en\/"},{"@type":"ListItem","position":2,"name":"A. Raymond GmbH &amp; Co. KG"}]},{"@type":"WebSite","@id":"https:\/\/lca-online.com\/en\/#website","url":"https:\/\/lca-online.com\/en\/","name":"LCA Online","description":"Das Online-Tool f\u00fcr Geb\u00e4ude-\u00d6kobilanzen","publisher":{"@id":"https:\/\/lca-online.com\/en\/#organization"},"potentialAction":[{"@type":"SearchAction","target":{"@type":"EntryPoint","urlTemplate":"https:\/\/lca-online.com\/en\/?s={search_term_string}"},"query-input":{"@type":"PropertyValueSpecification","valueRequired":true,"valueName":"search_term_string"}}],"inLanguage":"en-US"},{"@type":"Organization","@id":"https:\/\/lca-online.com\/en\/#organization","name":"LCA Online","url":"https:\/\/lca-online.com\/en\/","logo":{"@type":"ImageObject","inLanguage":"en-US","@id":"https:\/\/lca-online.com\/en\/#\/schema\/logo\/image\/","url":"https:\/\/lca-online.com\/wp-content\/uploads\/lca-online_sm.webp","contentUrl":"https:\/\/lca-online.com\/wp-content\/uploads\/lca-online_sm.webp","width":350,"height":103,"caption":"LCA Online"},"image":{"@id":"https:\/\/lca-online.com\/en\/#\/schema\/logo\/image\/"},"sameAs":["https:\/\/de-de.facebook.com\/pages\/category\/Consulting-Agency\/HOINKA-GmbH-202893899755765\/","https:\/\/www.linkedin.com\/company\/hoinka-gmbh?originalSubdomain=de"]}]}},"_links":{"self":[{"href":"https:\/\/lca-online.com\/en\/wp-json\/wp\/v2\/pages\/10608","targetHints":{"allow":["GET"]}}],"collection":[{"href":"https:\/\/lca-online.com\/en\/wp-json\/wp\/v2\/pages"}],"about":[{"href":"https:\/\/lca-online.com\/en\/wp-json\/wp\/v2\/types\/page"}],"author":[{"embeddable":true,"href":"https:\/\/lca-online.com\/en\/wp-json\/wp\/v2\/users\/1"}],"replies":[{"embeddable":true,"href":"https:\/\/lca-online.com\/en\/wp-json\/wp\/v2\/comments?post=10608"}],"version-history":[{"count":1,"href":"https:\/\/lca-online.com\/en\/wp-json\/wp\/v2\/pages\/10608\/revisions"}],"predecessor-version":[{"id":10609,"href":"https:\/\/lca-online.com\/en\/wp-json\/wp\/v2\/pages\/10608\/revisions\/10609"}],"wp:featuredmedia":[{"embeddable":true,"href":"https:\/\/lca-online.com\/en\/wp-json\/wp\/v2\/media\/10210"}],"wp:attachment":[{"href":"https:\/\/lca-online.com\/en\/wp-json\/wp\/v2\/media?parent=10608"}],"curies":[{"name":"wp","href":"https:\/\/api.w.org\/{rel}","templated":true}]}}