{"id":10604,"date":"2022-01-08T22:28:55","date_gmt":"2022-01-08T21:28:55","guid":{"rendered":"https:\/\/dev.lca-online.com\/contact\/"},"modified":"2025-05-09T15:33:42","modified_gmt":"2025-05-09T13:33:42","slug":"contact","status":"publish","type":"page","link":"https:\/\/lca-online.com\/en\/contact\/","title":{"rendered":"Contact"},"content":{"rendered":"<h2>Contact &#8211; How you get to us<\/h2>\n<h2>LCA Online &#8211; Hoinka GmbH<\/h2>\n<p>Lembergweg 7\/1<br \/>\n71067 Sindelfingen<br \/>\nGermany<\/p>\n<h2>LCA Online &#8211; location Stuttgart<\/h2>\n<p>Technologiezentrum<br \/>\nNobelstra\u00dfe 15<br \/>\n70569 Stuttgart<br \/>\nGermany<\/p>\n<p>Phone: <a href=\"tel:\/\/+491734928530\">+49 173 4928530<\/a><br \/>\nE-mail: <a href=\"mailto:service@lca-online.com\">service@lca-online.com<\/a><\/p>\n","protected":false},"excerpt":{"rendered":"<p>Contact &#8211; How you get to us LCA Online &#8211; Hoinka GmbH Lembergweg 7\/1 71067 Sindelfingen Germany LCA Online &#8211; location Stuttgart Technologiezentrum Nobelstra\u00dfe 15 70569 Stuttgart Germany Phone: +49 173 4928530 E-mail: service@lca-online.com<\/p>\n","protected":false},"author":3,"featured_media":0,"parent":0,"menu_order":0,"comment_status":"closed","ping_status":"closed","template":"sections.php","meta":{"_genesis_hide_title":false,"_genesis_hide_breadcrumbs":false,"_genesis_hide_singular_image":false,"_genesis_hide_footer_widgets":false,"_genesis_custom_body_class":"","_genesis_custom_post_class":"","_genesis_layout":"","footnotes":""},"class_list":{"0":"post-10604","1":"page","2":"type-page","3":"status-publish","5":"entry"},"yoast_head":"<!-- This site is optimized with the Yoast SEO plugin v26.3 - https:\/\/yoast.com\/wordpress\/plugins\/seo\/ -->\n<title>Contact us &#8211; LCA Online<\/title>\n<meta name=\"description\" content=\"Do you need consultation or questions about our online tool? We are available for you at service@lca-online.com or +49 711 62049-342.\" \/>\n<meta name=\"robots\" content=\"index, follow, max-snippet:-1, max-image-preview:large, max-video-preview:-1\" \/>\n<link rel=\"canonical\" href=\"https:\/\/lca-online.com\/en\/contact\/\" \/>\n<meta property=\"og:locale\" content=\"en_US\" \/>\n<meta property=\"og:type\" content=\"article\" \/>\n<meta property=\"og:title\" content=\"Contact us &#8211; LCA Online\" \/>\n<meta property=\"og:description\" content=\"Do you need consultation or questions about our online tool? We are available for you at service@lca-online.com or +49 711 62049-342.\" \/>\n<meta property=\"og:url\" content=\"https:\/\/lca-online.com\/en\/contact\/\" \/>\n<meta property=\"og:site_name\" content=\"LCA Online\" \/>\n<meta property=\"article:publisher\" content=\"https:\/\/de-de.facebook.com\/pages\/category\/Consulting-Agency\/HOINKA-GmbH-202893899755765\/\" \/>\n<meta property=\"article:modified_time\" content=\"2025-05-09T13:33:42+00:00\" \/>\n<meta name=\"twitter:card\" content=\"summary_large_image\" \/>\n<script type=\"application\/ld+json\" class=\"yoast-schema-graph\">{\"@context\":\"https:\/\/schema.org\",\"@graph\":[{\"@type\":\"WebPage\",\"@id\":\"https:\/\/lca-online.com\/en\/contact\/\",\"url\":\"https:\/\/lca-online.com\/en\/contact\/\",\"name\":\"Contact us &#8211; LCA Online\",\"isPartOf\":{\"@id\":\"https:\/\/lca-online.com\/en\/#website\"},\"datePublished\":\"2022-01-08T21:28:55+00:00\",\"dateModified\":\"2025-05-09T13:33:42+00:00\",\"description\":\"Do you need consultation or questions about our online tool? We are available for you at service@lca-online.com or +49 711 62049-342.\",\"breadcrumb\":{\"@id\":\"https:\/\/lca-online.com\/en\/contact\/#breadcrumb\"},\"inLanguage\":\"en-US\",\"potentialAction\":[{\"@type\":\"ReadAction\",\"target\":[\"https:\/\/lca-online.com\/en\/contact\/\"]}]},{\"@type\":\"BreadcrumbList\",\"@id\":\"https:\/\/lca-online.com\/en\/contact\/#breadcrumb\",\"itemListElement\":[{\"@type\":\"ListItem\",\"position\":1,\"name\":\"Home\",\"item\":\"https:\/\/lca-online.com\/en\/\"},{\"@type\":\"ListItem\",\"position\":2,\"name\":\"Contact\"}]},{\"@type\":\"WebSite\",\"@id\":\"https:\/\/lca-online.com\/en\/#website\",\"url\":\"https:\/\/lca-online.com\/en\/\",\"name\":\"LCA Online\",\"description\":\"Das Online-Tool f\u00fcr Geb\u00e4ude-\u00d6kobilanzen\",\"publisher\":{\"@id\":\"https:\/\/lca-online.com\/en\/#organization\"},\"potentialAction\":[{\"@type\":\"SearchAction\",\"target\":{\"@type\":\"EntryPoint\",\"urlTemplate\":\"https:\/\/lca-online.com\/en\/?s={search_term_string}\"},\"query-input\":{\"@type\":\"PropertyValueSpecification\",\"valueRequired\":true,\"valueName\":\"search_term_string\"}}],\"inLanguage\":\"en-US\"},{\"@type\":\"Organization\",\"@id\":\"https:\/\/lca-online.com\/en\/#organization\",\"name\":\"LCA Online\",\"url\":\"https:\/\/lca-online.com\/en\/\",\"logo\":{\"@type\":\"ImageObject\",\"inLanguage\":\"en-US\",\"@id\":\"https:\/\/lca-online.com\/en\/#\/schema\/logo\/image\/\",\"url\":\"https:\/\/lca-online.com\/wp-content\/uploads\/lca-online_sm.webp\",\"contentUrl\":\"https:\/\/lca-online.com\/wp-content\/uploads\/lca-online_sm.webp\",\"width\":350,\"height\":103,\"caption\":\"LCA Online\"},\"image\":{\"@id\":\"https:\/\/lca-online.com\/en\/#\/schema\/logo\/image\/\"},\"sameAs\":[\"https:\/\/de-de.facebook.com\/pages\/category\/Consulting-Agency\/HOINKA-GmbH-202893899755765\/\",\"https:\/\/www.linkedin.com\/company\/hoinka-gmbh?originalSubdomain=de\"]}]}<\/script>\n<!-- \/ Yoast SEO plugin. -->","yoast_head_json":{"title":"Contact us &#8211; LCA Online","description":"Do you need consultation or questions about our online tool? We are available for you at service@lca-online.com or +49 711 62049-342.","robots":{"index":"index","follow":"follow","max-snippet":"max-snippet:-1","max-image-preview":"max-image-preview:large","max-video-preview":"max-video-preview:-1"},"canonical":"https:\/\/lca-online.com\/en\/contact\/","og_locale":"en_US","og_type":"article","og_title":"Contact us &#8211; LCA Online","og_description":"Do you need consultation or questions about our online tool? We are available for you at service@lca-online.com or +49 711 62049-342.","og_url":"https:\/\/lca-online.com\/en\/contact\/","og_site_name":"LCA Online","article_publisher":"https:\/\/de-de.facebook.com\/pages\/category\/Consulting-Agency\/HOINKA-GmbH-202893899755765\/","article_modified_time":"2025-05-09T13:33:42+00:00","twitter_card":"summary_large_image","schema":{"@context":"https:\/\/schema.org","@graph":[{"@type":"WebPage","@id":"https:\/\/lca-online.com\/en\/contact\/","url":"https:\/\/lca-online.com\/en\/contact\/","name":"Contact us &#8211; LCA Online","isPartOf":{"@id":"https:\/\/lca-online.com\/en\/#website"},"datePublished":"2022-01-08T21:28:55+00:00","dateModified":"2025-05-09T13:33:42+00:00","description":"Do you need consultation or questions about our online tool? We are available for you at service@lca-online.com or +49 711 62049-342.","breadcrumb":{"@id":"https:\/\/lca-online.com\/en\/contact\/#breadcrumb"},"inLanguage":"en-US","potentialAction":[{"@type":"ReadAction","target":["https:\/\/lca-online.com\/en\/contact\/"]}]},{"@type":"BreadcrumbList","@id":"https:\/\/lca-online.com\/en\/contact\/#breadcrumb","itemListElement":[{"@type":"ListItem","position":1,"name":"Home","item":"https:\/\/lca-online.com\/en\/"},{"@type":"ListItem","position":2,"name":"Contact"}]},{"@type":"WebSite","@id":"https:\/\/lca-online.com\/en\/#website","url":"https:\/\/lca-online.com\/en\/","name":"LCA Online","description":"Das Online-Tool f\u00fcr Geb\u00e4ude-\u00d6kobilanzen","publisher":{"@id":"https:\/\/lca-online.com\/en\/#organization"},"potentialAction":[{"@type":"SearchAction","target":{"@type":"EntryPoint","urlTemplate":"https:\/\/lca-online.com\/en\/?s={search_term_string}"},"query-input":{"@type":"PropertyValueSpecification","valueRequired":true,"valueName":"search_term_string"}}],"inLanguage":"en-US"},{"@type":"Organization","@id":"https:\/\/lca-online.com\/en\/#organization","name":"LCA Online","url":"https:\/\/lca-online.com\/en\/","logo":{"@type":"ImageObject","inLanguage":"en-US","@id":"https:\/\/lca-online.com\/en\/#\/schema\/logo\/image\/","url":"https:\/\/lca-online.com\/wp-content\/uploads\/lca-online_sm.webp","contentUrl":"https:\/\/lca-online.com\/wp-content\/uploads\/lca-online_sm.webp","width":350,"height":103,"caption":"LCA Online"},"image":{"@id":"https:\/\/lca-online.com\/en\/#\/schema\/logo\/image\/"},"sameAs":["https:\/\/de-de.facebook.com\/pages\/category\/Consulting-Agency\/HOINKA-GmbH-202893899755765\/","https:\/\/www.linkedin.com\/company\/hoinka-gmbh?originalSubdomain=de"]}]}},"_links":{"self":[{"href":"https:\/\/lca-online.com\/en\/wp-json\/wp\/v2\/pages\/10604","targetHints":{"allow":["GET"]}}],"collection":[{"href":"https:\/\/lca-online.com\/en\/wp-json\/wp\/v2\/pages"}],"about":[{"href":"https:\/\/lca-online.com\/en\/wp-json\/wp\/v2\/types\/page"}],"author":[{"embeddable":true,"href":"https:\/\/lca-online.com\/en\/wp-json\/wp\/v2\/users\/3"}],"replies":[{"embeddable":true,"href":"https:\/\/lca-online.com\/en\/wp-json\/wp\/v2\/comments?post=10604"}],"version-history":[{"count":1,"href":"https:\/\/lca-online.com\/en\/wp-json\/wp\/v2\/pages\/10604\/revisions"}],"predecessor-version":[{"id":10882,"href":"https:\/\/lca-online.com\/en\/wp-json\/wp\/v2\/pages\/10604\/revisions\/10882"}],"wp:attachment":[{"href":"https:\/\/lca-online.com\/en\/wp-json\/wp\/v2\/media?parent=10604"}],"curies":[{"name":"wp","href":"https:\/\/api.w.org\/{rel}","templated":true}]}}