{"id":10602,"date":"2022-01-08T22:24:18","date_gmt":"2022-01-08T21:24:18","guid":{"rendered":"https:\/\/dev.lca-online.com\/services\/life-cycle-assessment\/"},"modified":"2024-09-11T10:29:20","modified_gmt":"2024-09-11T08:29:20","slug":"life-cycle-assessment","status":"publish","type":"page","link":"https:\/\/lca-online.com\/en\/services\/life-cycle-assessment\/","title":{"rendered":"We generate life cycle assessments for your projects"},"content":{"rendered":"<h1>We generate life cycle assessments for your projects<\/h1>\n<p>Anything unlcear? Do you have any questions or are you stuck? We help! Call us!<br \/>\n<div class=\"su-spacer\" style=\"height:10px\"><\/div>\n\t<a class=\"paoc-popup-click paoc-popup-cust-10631 paoc-popup-button paoc-popup-btn \" href=\"javascript:void(0);\">Contact Us<\/a>\r\n\n<h2>Holistic optimisation of buildings by life cycle assessment<\/h2>\n<p>We are also happy to generate life cycle assessments for you.<\/p>\n<p>Among other things, within the framework of a DGNB, LEED or BREEAM certification a life cycle assessment for the whole building is required. Here, the energy consumption and the CO2 emissions as well as further impact categories (e.g. acid and ozone depletion) are considered.<\/p>\n<p>Having several years of experience in generating life cycle assessments, the necessary theoretical knowledge and the building practice application of life cycle assessment tools results in concrete recommendations for the project and promise a:<\/p>\n<ul>\n<li>holistic optimisation of buildings according to environmental impact<\/li>\n<li>application of sustainable technologies, building material and procedures,<\/li>\n<li>creating component comparisons or optimisations<\/li>\n<li>a highest possible score for the DGNB evaluation according the criteria ENV 1.1 and ENV 2.1., LEED Whole Building Life Cycle Assessment and BREEAM Mat 01 life cycle assessment<\/li>\n<\/ul>\n<p>In our life cycle assessments all material flows and environmental influences for the life cycle of the building (usually 50 years) are considered. Here it can be distinguished between effects by:<\/p>\n<ul>\n<li>installations for the room conditioning (heating, cooling, ventilating, lighting) during usage and<\/li>\n<li>the production, renewal and removal\/disposal\/recycling of the building.<\/li>\n<\/ul>\n<p>The \u00d6kobau.dat by the federal ministry for traffic, building and urban development, as well as further datasets (e.g. EPDs = Environmental Product Declaration) are used as data basis.<br \/>\n<div class=\"su-spacer\" style=\"height:10px\"><\/div>\n<p style=\"text-align: center;\"><a class=\"more-link\" href=\"https:\/\/tool.oekobilanz-bau.de\" target=\"_blank\" rel=\"noopener\">Free Registration<\/a><\/p>\n<p style=\"text-align: center;\">Phone <a class=\"\" href=\"tel:\/\/+49%20711%2062049-342\">+49 711 62049-342<\/a><br \/>\nEmail <a class=\"\" href=\"mailto:service@lca-online.com\">service@lca-online.com<\/a><\/p>\n","protected":false},"excerpt":{"rendered":"<p>We generate life cycle assessments for your projects Anything unlcear? Do you have any questions or are you stuck? We help! Call us! Holistic optimisation of buildings by life cycle assessment We are also happy to generate life cycle assessments for you. Among other things, within the framework of a DGNB, LEED or BREEAM certification &hellip;<\/p>\n","protected":false},"author":3,"featured_media":10221,"parent":10580,"menu_order":40,"comment_status":"open","ping_status":"closed","template":"sections.php","meta":{"_genesis_hide_title":false,"_genesis_hide_breadcrumbs":false,"_genesis_hide_singular_image":false,"_genesis_hide_footer_widgets":false,"_genesis_custom_body_class":"","_genesis_custom_post_class":"","_genesis_layout":"","footnotes":""},"class_list":{"0":"post-10602","1":"page","2":"type-page","3":"status-publish","4":"has-post-thumbnail","6":"entry"},"yoast_head":"<!-- This site is optimized with the Yoast SEO plugin v26.3 - https:\/\/yoast.com\/wordpress\/plugins\/seo\/ -->\n<title>We generate life cycle assessments for your projects &#8211; LCA<\/title>\n<meta name=\"description\" content=\"Thanks to several years of experience in generating life cycle assessments, we can develop concrete recommendations for omptimisation for your projects.\" \/>\n<meta name=\"robots\" content=\"index, follow, max-snippet:-1, max-image-preview:large, max-video-preview:-1\" \/>\n<link rel=\"canonical\" href=\"https:\/\/lca-online.com\/en\/services\/life-cycle-assessment\/\" \/>\n<meta property=\"og:locale\" content=\"en_US\" \/>\n<meta property=\"og:type\" content=\"article\" \/>\n<meta property=\"og:title\" content=\"We generate life cycle assessments for your projects &#8211; LCA\" \/>\n<meta property=\"og:description\" content=\"Thanks to several years of experience in generating life cycle assessments, we can develop concrete recommendations for omptimisation for your projects.\" \/>\n<meta property=\"og:url\" content=\"https:\/\/lca-online.com\/en\/services\/life-cycle-assessment\/\" \/>\n<meta property=\"og:site_name\" content=\"LCA Online\" \/>\n<meta property=\"article:publisher\" content=\"https:\/\/de-de.facebook.com\/pages\/category\/Consulting-Agency\/HOINKA-GmbH-202893899755765\/\" \/>\n<meta property=\"article:modified_time\" content=\"2024-09-11T08:29:20+00:00\" \/>\n<meta property=\"og:image\" content=\"https:\/\/lca-online.com\/wp-content\/uploads\/pexels-fauxels-3183153-scaled.jpg\" \/>\n\t<meta property=\"og:image:width\" content=\"2560\" \/>\n\t<meta property=\"og:image:height\" content=\"1707\" \/>\n\t<meta property=\"og:image:type\" content=\"image\/jpeg\" \/>\n<meta name=\"twitter:card\" content=\"summary_large_image\" \/>\n<meta name=\"twitter:label1\" content=\"Est. reading time\" \/>\n\t<meta name=\"twitter:data1\" content=\"1 minute\" \/>\n<script type=\"application\/ld+json\" class=\"yoast-schema-graph\">{\"@context\":\"https:\/\/schema.org\",\"@graph\":[{\"@type\":\"WebPage\",\"@id\":\"https:\/\/lca-online.com\/en\/services\/life-cycle-assessment\/\",\"url\":\"https:\/\/lca-online.com\/en\/services\/life-cycle-assessment\/\",\"name\":\"We generate life cycle assessments for your projects &#8211; LCA\",\"isPartOf\":{\"@id\":\"https:\/\/lca-online.com\/en\/#website\"},\"primaryImageOfPage\":{\"@id\":\"https:\/\/lca-online.com\/en\/services\/life-cycle-assessment\/#primaryimage\"},\"image\":{\"@id\":\"https:\/\/lca-online.com\/en\/services\/life-cycle-assessment\/#primaryimage\"},\"thumbnailUrl\":\"https:\/\/lca-online.com\/wp-content\/uploads\/pexels-fauxels-3183153-scaled.jpg\",\"datePublished\":\"2022-01-08T21:24:18+00:00\",\"dateModified\":\"2024-09-11T08:29:20+00:00\",\"description\":\"Thanks to several years of experience in generating life cycle assessments, we can develop concrete recommendations for omptimisation for your projects.\",\"breadcrumb\":{\"@id\":\"https:\/\/lca-online.com\/en\/services\/life-cycle-assessment\/#breadcrumb\"},\"inLanguage\":\"en-US\",\"potentialAction\":[{\"@type\":\"ReadAction\",\"target\":[\"https:\/\/lca-online.com\/en\/services\/life-cycle-assessment\/\"]}]},{\"@type\":\"ImageObject\",\"inLanguage\":\"en-US\",\"@id\":\"https:\/\/lca-online.com\/en\/services\/life-cycle-assessment\/#primaryimage\",\"url\":\"https:\/\/lca-online.com\/wp-content\/uploads\/pexels-fauxels-3183153-scaled.jpg\",\"contentUrl\":\"https:\/\/lca-online.com\/wp-content\/uploads\/pexels-fauxels-3183153-scaled.jpg\",\"width\":2560,\"height\":1707,\"caption\":\"life cycle assessment graphic\"},{\"@type\":\"BreadcrumbList\",\"@id\":\"https:\/\/lca-online.com\/en\/services\/life-cycle-assessment\/#breadcrumb\",\"itemListElement\":[{\"@type\":\"ListItem\",\"position\":1,\"name\":\"Home\",\"item\":\"https:\/\/lca-online.com\/en\/\"},{\"@type\":\"ListItem\",\"position\":2,\"name\":\"Services\",\"item\":\"https:\/\/lca-online.com\/en\/leistungen\/\"},{\"@type\":\"ListItem\",\"position\":3,\"name\":\"We generate life cycle assessments for your projects\"}]},{\"@type\":\"WebSite\",\"@id\":\"https:\/\/lca-online.com\/en\/#website\",\"url\":\"https:\/\/lca-online.com\/en\/\",\"name\":\"LCA Online\",\"description\":\"Das Online-Tool f\u00fcr Geb\u00e4ude-\u00d6kobilanzen\",\"publisher\":{\"@id\":\"https:\/\/lca-online.com\/en\/#organization\"},\"potentialAction\":[{\"@type\":\"SearchAction\",\"target\":{\"@type\":\"EntryPoint\",\"urlTemplate\":\"https:\/\/lca-online.com\/en\/?s={search_term_string}\"},\"query-input\":{\"@type\":\"PropertyValueSpecification\",\"valueRequired\":true,\"valueName\":\"search_term_string\"}}],\"inLanguage\":\"en-US\"},{\"@type\":\"Organization\",\"@id\":\"https:\/\/lca-online.com\/en\/#organization\",\"name\":\"LCA Online\",\"url\":\"https:\/\/lca-online.com\/en\/\",\"logo\":{\"@type\":\"ImageObject\",\"inLanguage\":\"en-US\",\"@id\":\"https:\/\/lca-online.com\/en\/#\/schema\/logo\/image\/\",\"url\":\"https:\/\/lca-online.com\/wp-content\/uploads\/lca-online_sm.webp\",\"contentUrl\":\"https:\/\/lca-online.com\/wp-content\/uploads\/lca-online_sm.webp\",\"width\":350,\"height\":103,\"caption\":\"LCA Online\"},\"image\":{\"@id\":\"https:\/\/lca-online.com\/en\/#\/schema\/logo\/image\/\"},\"sameAs\":[\"https:\/\/de-de.facebook.com\/pages\/category\/Consulting-Agency\/HOINKA-GmbH-202893899755765\/\",\"https:\/\/www.linkedin.com\/company\/hoinka-gmbh?originalSubdomain=de\"]}]}<\/script>\n<!-- \/ Yoast SEO plugin. -->","yoast_head_json":{"title":"We generate life cycle assessments for your projects &#8211; LCA","description":"Thanks to several years of experience in generating life cycle assessments, we can develop concrete recommendations for omptimisation for your projects.","robots":{"index":"index","follow":"follow","max-snippet":"max-snippet:-1","max-image-preview":"max-image-preview:large","max-video-preview":"max-video-preview:-1"},"canonical":"https:\/\/lca-online.com\/en\/services\/life-cycle-assessment\/","og_locale":"en_US","og_type":"article","og_title":"We generate life cycle assessments for your projects &#8211; LCA","og_description":"Thanks to several years of experience in generating life cycle assessments, we can develop concrete recommendations for omptimisation for your projects.","og_url":"https:\/\/lca-online.com\/en\/services\/life-cycle-assessment\/","og_site_name":"LCA Online","article_publisher":"https:\/\/de-de.facebook.com\/pages\/category\/Consulting-Agency\/HOINKA-GmbH-202893899755765\/","article_modified_time":"2024-09-11T08:29:20+00:00","og_image":[{"width":2560,"height":1707,"url":"https:\/\/lca-online.com\/wp-content\/uploads\/pexels-fauxels-3183153-scaled.jpg","type":"image\/jpeg"}],"twitter_card":"summary_large_image","twitter_misc":{"Est. reading time":"1 minute"},"schema":{"@context":"https:\/\/schema.org","@graph":[{"@type":"WebPage","@id":"https:\/\/lca-online.com\/en\/services\/life-cycle-assessment\/","url":"https:\/\/lca-online.com\/en\/services\/life-cycle-assessment\/","name":"We generate life cycle assessments for your projects &#8211; LCA","isPartOf":{"@id":"https:\/\/lca-online.com\/en\/#website"},"primaryImageOfPage":{"@id":"https:\/\/lca-online.com\/en\/services\/life-cycle-assessment\/#primaryimage"},"image":{"@id":"https:\/\/lca-online.com\/en\/services\/life-cycle-assessment\/#primaryimage"},"thumbnailUrl":"https:\/\/lca-online.com\/wp-content\/uploads\/pexels-fauxels-3183153-scaled.jpg","datePublished":"2022-01-08T21:24:18+00:00","dateModified":"2024-09-11T08:29:20+00:00","description":"Thanks to several years of experience in generating life cycle assessments, we can develop concrete recommendations for omptimisation for your projects.","breadcrumb":{"@id":"https:\/\/lca-online.com\/en\/services\/life-cycle-assessment\/#breadcrumb"},"inLanguage":"en-US","potentialAction":[{"@type":"ReadAction","target":["https:\/\/lca-online.com\/en\/services\/life-cycle-assessment\/"]}]},{"@type":"ImageObject","inLanguage":"en-US","@id":"https:\/\/lca-online.com\/en\/services\/life-cycle-assessment\/#primaryimage","url":"https:\/\/lca-online.com\/wp-content\/uploads\/pexels-fauxels-3183153-scaled.jpg","contentUrl":"https:\/\/lca-online.com\/wp-content\/uploads\/pexels-fauxels-3183153-scaled.jpg","width":2560,"height":1707,"caption":"life cycle assessment graphic"},{"@type":"BreadcrumbList","@id":"https:\/\/lca-online.com\/en\/services\/life-cycle-assessment\/#breadcrumb","itemListElement":[{"@type":"ListItem","position":1,"name":"Home","item":"https:\/\/lca-online.com\/en\/"},{"@type":"ListItem","position":2,"name":"Services","item":"https:\/\/lca-online.com\/en\/leistungen\/"},{"@type":"ListItem","position":3,"name":"We generate life cycle assessments for your projects"}]},{"@type":"WebSite","@id":"https:\/\/lca-online.com\/en\/#website","url":"https:\/\/lca-online.com\/en\/","name":"LCA Online","description":"Das Online-Tool f\u00fcr Geb\u00e4ude-\u00d6kobilanzen","publisher":{"@id":"https:\/\/lca-online.com\/en\/#organization"},"potentialAction":[{"@type":"SearchAction","target":{"@type":"EntryPoint","urlTemplate":"https:\/\/lca-online.com\/en\/?s={search_term_string}"},"query-input":{"@type":"PropertyValueSpecification","valueRequired":true,"valueName":"search_term_string"}}],"inLanguage":"en-US"},{"@type":"Organization","@id":"https:\/\/lca-online.com\/en\/#organization","name":"LCA Online","url":"https:\/\/lca-online.com\/en\/","logo":{"@type":"ImageObject","inLanguage":"en-US","@id":"https:\/\/lca-online.com\/en\/#\/schema\/logo\/image\/","url":"https:\/\/lca-online.com\/wp-content\/uploads\/lca-online_sm.webp","contentUrl":"https:\/\/lca-online.com\/wp-content\/uploads\/lca-online_sm.webp","width":350,"height":103,"caption":"LCA Online"},"image":{"@id":"https:\/\/lca-online.com\/en\/#\/schema\/logo\/image\/"},"sameAs":["https:\/\/de-de.facebook.com\/pages\/category\/Consulting-Agency\/HOINKA-GmbH-202893899755765\/","https:\/\/www.linkedin.com\/company\/hoinka-gmbh?originalSubdomain=de"]}]}},"_links":{"self":[{"href":"https:\/\/lca-online.com\/en\/wp-json\/wp\/v2\/pages\/10602","targetHints":{"allow":["GET"]}}],"collection":[{"href":"https:\/\/lca-online.com\/en\/wp-json\/wp\/v2\/pages"}],"about":[{"href":"https:\/\/lca-online.com\/en\/wp-json\/wp\/v2\/types\/page"}],"author":[{"embeddable":true,"href":"https:\/\/lca-online.com\/en\/wp-json\/wp\/v2\/users\/3"}],"replies":[{"embeddable":true,"href":"https:\/\/lca-online.com\/en\/wp-json\/wp\/v2\/comments?post=10602"}],"version-history":[{"count":2,"href":"https:\/\/lca-online.com\/en\/wp-json\/wp\/v2\/pages\/10602\/revisions"}],"predecessor-version":[{"id":10796,"href":"https:\/\/lca-online.com\/en\/wp-json\/wp\/v2\/pages\/10602\/revisions\/10796"}],"up":[{"embeddable":true,"href":"https:\/\/lca-online.com\/en\/wp-json\/wp\/v2\/pages\/10580"}],"wp:featuredmedia":[{"embeddable":true,"href":"https:\/\/lca-online.com\/en\/wp-json\/wp\/v2\/media\/10221"}],"wp:attachment":[{"href":"https:\/\/lca-online.com\/en\/wp-json\/wp\/v2\/media?parent=10602"}],"curies":[{"name":"wp","href":"https:\/\/api.w.org\/{rel}","templated":true}]}}