{"id":10588,"date":"2021-12-29T10:12:41","date_gmt":"2021-12-29T09:12:41","guid":{"rendered":"https:\/\/dev.lca-online.com\/application\/net-zero-climate-neutral\/"},"modified":"2021-12-29T10:12:44","modified_gmt":"2021-12-29T09:12:44","slug":"net-zero-climate-neutral","status":"publish","type":"page","link":"https:\/\/lca-online.com\/en\/application\/net-zero-climate-neutral\/","title":{"rendered":"Carbon Footprint &#8211; Net Zero &#8211; Climate-Neutral"},"content":{"rendered":"<h1>Carbon Footprint &#8211; Net Zero &#8211; Climate Neutral Building and Operation<\/h1>\n<p>Determining and optimising the current carbon footprint for you real estates and construction activities. Manage carbon offset. We support you.<br \/>\n<div class=\"su-spacer\" style=\"height:10px\"><\/div>\n\t<a class=\"paoc-popup-click paoc-popup-cust-6225 paoc-popup-button paoc-popup-btn \" href=\"javascript:void(0);\">Kontaktieren Sie uns<\/a>\r\n\nOn December 11th 2019 an EU agreement, intending carbon neutrality in the European Union until 2050, was signed. This agreement is also refered to as <i>the European Green Deal<\/i>. This agreement led to new minimum requirements for buildings and construction projects. Hence, the demand for a climate-neutral construction of new building projects is increasing: over their whole life cycle, from production to removal, buildings portray an essential contributionm to the global energy consumption and CO2 emissions. Therefore, climate and carbon neutral buildings, during construction as well as operation, play an increasing role in the building sector. Thereby, you do not only save the environment but with a zero-energy or even plus-energy building you are also independet from governmental regulations (e.g. CO2 tax, Fuel Emissions Trading Act) and energy costs.<\/p>\n<p>Use LCA Online to easily calculate the carbon footprint of your real estate &#8211; for new constructions as well as operating buildings.<\/p>\n<p><strong>Your advantages:<\/strong><\/p>\n<ul>\n<li>Conducting life cycle assessments of any extend easily and quickly<\/li>\n<li>Creating verifications of life cycle assessments particularly for Green Building Certifications easily and quickly<\/li>\n<li>Using diverse assessment and depiction possibilities<\/li>\n<li>Decision guidance to choose building material and constructions<\/li>\n<li>Analyses for innovation opportunities and efficiency optimisation in building projects<\/li>\n<li>Appealing graphs and summaries that are suitable for customers<\/li>\n<\/ul>\n<p><strong>Evaluated Environmental Impacts:<\/strong><\/p>\n<ul>\n<li>Primary energy non-renewable (PEI n.r. [MJ]),<\/li>\n<li>Primary energy renewable (PEI r. [MJ]),<\/li>\n<li>Global warming potential (GWP [kg CO2 eq.),<\/li>\n<li>Ozone depletion potential (ODP [kg CFC11 eq.]),<\/li>\n<li>Photochemical ozone creation potential\/Summer smog (POCP [kg C2H2 eq.]),<\/li>\n<li>Acid potential (AP [kg SO2 eq.]),<\/li>\n<li>Eutrophication potential (EP [kg PO4 eq.]),<\/li>\n<li>Abiotic Depletion Potential of fossil fuels (ADPF [MJ]),<\/li>\n<li>Abiotic depletion potential for elements (ADPE [kg Sb-eq.]),<\/li>\n<li>Freshwater ressources (WF [m\u00b3]),<\/li>\n<li>and more &#8230;<\/li>\n<\/ul>\n<p>If desired, we extend the evaluated environmental impacts according to your needs.<\/p>\n<p class=\"p1\">At the same time you can also benefit from KfW-fundings and the DGNB Climate Positive award. Furthermore, you gain points to fulfil the <i>DGNB Criterion ENV1.1 (2018) &#8211; Building Life Cycle Assessment<\/i> in the following areas:<\/p>\n<ul class=\"ul1\">\n<li class=\"li1\">Climate-neutral operation (building): the CO2 emissions of the energy demands conditioned by the building are covered at least climate-neutral, according to the DGNB definition for the calculation of carbon neutrality.<\/li>\n<li class=\"li1\">Climate-neutral operation (user): the CO2 emissions of the activities by the users in the building which are relevant for the energy expenditure are covered at least climate-neutral, according to the DGNB definition for the calculation of carbon neutrality.<\/li>\n<li class=\"li1\">Climate-neutral building construction: the CO2-emissions (CO2 equivalents) integrated in the building and determined with a life cycle assessment according to DGNB of production, maintenance and death are in sum at least climate-neutral (life cycle scenario calculation).<\/li>\n<\/ul>\n<div class=\"su-spacer\" style=\"height:10px\"><\/div>\n<p style=\"text-align: center;\"><a class=\"more-link\" href=\"https:\/\/tool.oekobilanz-bau.de\" target=\"_blank\" rel=\"noopener\">Free Registration<\/a><\/p>\n<p style=\"text-align: center;\">Phone <a class=\"\" href=\"tel:\/\/+49%20711%2062049-342\">+49 711 62049-342<\/a><br \/>\nEmail <a class=\"\" href=\"mailto:service@lca-online.com\">service@lca-online.com<\/a><\/p>\n","protected":false},"excerpt":{"rendered":"<p>Carbon Footprint &#8211; Net Zero &#8211; Climate Neutral Building and Operation Determining and optimising the current carbon footprint for you real estates and construction activities. Manage carbon offset. We support you. On December 11th 2019 an EU agreement, intending carbon neutrality in the European Union until 2050, was signed. This agreement is also refered to &hellip;<\/p>\n","protected":false},"author":1,"featured_media":10239,"parent":10139,"menu_order":2,"comment_status":"open","ping_status":"closed","template":"sections.php","meta":{"_genesis_hide_title":false,"_genesis_hide_breadcrumbs":false,"_genesis_hide_singular_image":false,"_genesis_hide_footer_widgets":false,"_genesis_custom_body_class":"","_genesis_custom_post_class":"","_genesis_layout":"","footnotes":""},"class_list":{"0":"post-10588","1":"page","2":"type-page","3":"status-publish","4":"has-post-thumbnail","6":"entry"},"yoast_head":"<!-- This site is optimized with the Yoast SEO plugin v26.3 - https:\/\/yoast.com\/wordpress\/plugins\/seo\/ -->\n<title>Carbon Footprint - Net Zero - Climate-Neutral &#8211; LCA Online<\/title>\n<meta name=\"description\" content=\"Climate-neutral construction for new building projects - use our online tool to determine the current carbon footprint of your construction activities.\" \/>\n<meta name=\"robots\" content=\"index, follow, max-snippet:-1, max-image-preview:large, max-video-preview:-1\" \/>\n<link rel=\"canonical\" href=\"https:\/\/lca-online.com\/en\/application\/net-zero-climate-neutral\/\" \/>\n<meta property=\"og:locale\" content=\"en_US\" \/>\n<meta property=\"og:type\" content=\"article\" \/>\n<meta property=\"og:title\" content=\"Carbon Footprint - Net Zero - Climate-Neutral &#8211; LCA Online\" \/>\n<meta property=\"og:description\" content=\"Climate-neutral construction for new building projects - use our online tool to determine the current carbon footprint of your construction activities.\" \/>\n<meta property=\"og:url\" content=\"https:\/\/lca-online.com\/en\/application\/net-zero-climate-neutral\/\" \/>\n<meta property=\"og:site_name\" content=\"LCA Online\" \/>\n<meta property=\"article:publisher\" content=\"https:\/\/de-de.facebook.com\/pages\/category\/Consulting-Agency\/HOINKA-GmbH-202893899755765\/\" \/>\n<meta property=\"article:modified_time\" content=\"2021-12-29T09:12:44+00:00\" \/>\n<meta property=\"og:image\" content=\"https:\/\/lca-online.com\/wp-content\/uploads\/CO2-Bilanz-Net-Zero-klimaneutrales-Bauen-CO2-Fusabruck-CO2-Footprint-scaled.jpg\" \/>\n\t<meta property=\"og:image:width\" content=\"2560\" \/>\n\t<meta property=\"og:image:height\" content=\"2543\" \/>\n\t<meta property=\"og:image:type\" content=\"image\/jpeg\" \/>\n<meta name=\"twitter:card\" content=\"summary_large_image\" \/>\n<meta name=\"twitter:label1\" content=\"Est. reading time\" \/>\n\t<meta name=\"twitter:data1\" content=\"2 minutes\" \/>\n<script type=\"application\/ld+json\" class=\"yoast-schema-graph\">{\"@context\":\"https:\/\/schema.org\",\"@graph\":[{\"@type\":\"WebPage\",\"@id\":\"https:\/\/lca-online.com\/en\/application\/net-zero-climate-neutral\/\",\"url\":\"https:\/\/lca-online.com\/en\/application\/net-zero-climate-neutral\/\",\"name\":\"Carbon Footprint - Net Zero - Climate-Neutral &#8211; LCA Online\",\"isPartOf\":{\"@id\":\"https:\/\/lca-online.com\/en\/#website\"},\"primaryImageOfPage\":{\"@id\":\"https:\/\/lca-online.com\/en\/application\/net-zero-climate-neutral\/#primaryimage\"},\"image\":{\"@id\":\"https:\/\/lca-online.com\/en\/application\/net-zero-climate-neutral\/#primaryimage\"},\"thumbnailUrl\":\"https:\/\/lca-online.com\/wp-content\/uploads\/CO2-Bilanz-Net-Zero-klimaneutrales-Bauen-CO2-Fusabruck-CO2-Footprint-scaled.jpg\",\"datePublished\":\"2021-12-29T09:12:41+00:00\",\"dateModified\":\"2021-12-29T09:12:44+00:00\",\"description\":\"Climate-neutral construction for new building projects - use our online tool to determine the current carbon footprint of your construction activities.\",\"breadcrumb\":{\"@id\":\"https:\/\/lca-online.com\/en\/application\/net-zero-climate-neutral\/#breadcrumb\"},\"inLanguage\":\"en-US\",\"potentialAction\":[{\"@type\":\"ReadAction\",\"target\":[\"https:\/\/lca-online.com\/en\/application\/net-zero-climate-neutral\/\"]}]},{\"@type\":\"ImageObject\",\"inLanguage\":\"en-US\",\"@id\":\"https:\/\/lca-online.com\/en\/application\/net-zero-climate-neutral\/#primaryimage\",\"url\":\"https:\/\/lca-online.com\/wp-content\/uploads\/CO2-Bilanz-Net-Zero-klimaneutrales-Bauen-CO2-Fusabruck-CO2-Footprint-scaled.jpg\",\"contentUrl\":\"https:\/\/lca-online.com\/wp-content\/uploads\/CO2-Bilanz-Net-Zero-klimaneutrales-Bauen-CO2-Fusabruck-CO2-Footprint-scaled.jpg\",\"width\":2560,\"height\":2543,\"caption\":\"Gr\u00fcner Fu\u00dfabdruck mit CO2 Ziele\"},{\"@type\":\"BreadcrumbList\",\"@id\":\"https:\/\/lca-online.com\/en\/application\/net-zero-climate-neutral\/#breadcrumb\",\"itemListElement\":[{\"@type\":\"ListItem\",\"position\":1,\"name\":\"Home\",\"item\":\"https:\/\/lca-online.com\/en\/\"},{\"@type\":\"ListItem\",\"position\":2,\"name\":\"Application\",\"item\":\"https:\/\/lca-online.com\/en\/anwendung\/\"},{\"@type\":\"ListItem\",\"position\":3,\"name\":\"Carbon Footprint &#8211; Net Zero &#8211; Climate-Neutral\"}]},{\"@type\":\"WebSite\",\"@id\":\"https:\/\/lca-online.com\/en\/#website\",\"url\":\"https:\/\/lca-online.com\/en\/\",\"name\":\"LCA Online\",\"description\":\"Das Online-Tool f\u00fcr Geb\u00e4ude-\u00d6kobilanzen\",\"publisher\":{\"@id\":\"https:\/\/lca-online.com\/en\/#organization\"},\"potentialAction\":[{\"@type\":\"SearchAction\",\"target\":{\"@type\":\"EntryPoint\",\"urlTemplate\":\"https:\/\/lca-online.com\/en\/?s={search_term_string}\"},\"query-input\":{\"@type\":\"PropertyValueSpecification\",\"valueRequired\":true,\"valueName\":\"search_term_string\"}}],\"inLanguage\":\"en-US\"},{\"@type\":\"Organization\",\"@id\":\"https:\/\/lca-online.com\/en\/#organization\",\"name\":\"LCA Online\",\"url\":\"https:\/\/lca-online.com\/en\/\",\"logo\":{\"@type\":\"ImageObject\",\"inLanguage\":\"en-US\",\"@id\":\"https:\/\/lca-online.com\/en\/#\/schema\/logo\/image\/\",\"url\":\"https:\/\/lca-online.com\/wp-content\/uploads\/lca-online_sm.webp\",\"contentUrl\":\"https:\/\/lca-online.com\/wp-content\/uploads\/lca-online_sm.webp\",\"width\":350,\"height\":103,\"caption\":\"LCA Online\"},\"image\":{\"@id\":\"https:\/\/lca-online.com\/en\/#\/schema\/logo\/image\/\"},\"sameAs\":[\"https:\/\/de-de.facebook.com\/pages\/category\/Consulting-Agency\/HOINKA-GmbH-202893899755765\/\",\"https:\/\/www.linkedin.com\/company\/hoinka-gmbh?originalSubdomain=de\"]}]}<\/script>\n<!-- \/ Yoast SEO plugin. -->","yoast_head_json":{"title":"Carbon Footprint - Net Zero - Climate-Neutral &#8211; LCA Online","description":"Climate-neutral construction for new building projects - use our online tool to determine the current carbon footprint of your construction activities.","robots":{"index":"index","follow":"follow","max-snippet":"max-snippet:-1","max-image-preview":"max-image-preview:large","max-video-preview":"max-video-preview:-1"},"canonical":"https:\/\/lca-online.com\/en\/application\/net-zero-climate-neutral\/","og_locale":"en_US","og_type":"article","og_title":"Carbon Footprint - Net Zero - Climate-Neutral &#8211; LCA Online","og_description":"Climate-neutral construction for new building projects - use our online tool to determine the current carbon footprint of your construction activities.","og_url":"https:\/\/lca-online.com\/en\/application\/net-zero-climate-neutral\/","og_site_name":"LCA Online","article_publisher":"https:\/\/de-de.facebook.com\/pages\/category\/Consulting-Agency\/HOINKA-GmbH-202893899755765\/","article_modified_time":"2021-12-29T09:12:44+00:00","og_image":[{"width":2560,"height":2543,"url":"https:\/\/lca-online.com\/wp-content\/uploads\/CO2-Bilanz-Net-Zero-klimaneutrales-Bauen-CO2-Fusabruck-CO2-Footprint-scaled.jpg","type":"image\/jpeg"}],"twitter_card":"summary_large_image","twitter_misc":{"Est. reading time":"2 minutes"},"schema":{"@context":"https:\/\/schema.org","@graph":[{"@type":"WebPage","@id":"https:\/\/lca-online.com\/en\/application\/net-zero-climate-neutral\/","url":"https:\/\/lca-online.com\/en\/application\/net-zero-climate-neutral\/","name":"Carbon Footprint - Net Zero - Climate-Neutral &#8211; LCA Online","isPartOf":{"@id":"https:\/\/lca-online.com\/en\/#website"},"primaryImageOfPage":{"@id":"https:\/\/lca-online.com\/en\/application\/net-zero-climate-neutral\/#primaryimage"},"image":{"@id":"https:\/\/lca-online.com\/en\/application\/net-zero-climate-neutral\/#primaryimage"},"thumbnailUrl":"https:\/\/lca-online.com\/wp-content\/uploads\/CO2-Bilanz-Net-Zero-klimaneutrales-Bauen-CO2-Fusabruck-CO2-Footprint-scaled.jpg","datePublished":"2021-12-29T09:12:41+00:00","dateModified":"2021-12-29T09:12:44+00:00","description":"Climate-neutral construction for new building projects - use our online tool to determine the current carbon footprint of your construction activities.","breadcrumb":{"@id":"https:\/\/lca-online.com\/en\/application\/net-zero-climate-neutral\/#breadcrumb"},"inLanguage":"en-US","potentialAction":[{"@type":"ReadAction","target":["https:\/\/lca-online.com\/en\/application\/net-zero-climate-neutral\/"]}]},{"@type":"ImageObject","inLanguage":"en-US","@id":"https:\/\/lca-online.com\/en\/application\/net-zero-climate-neutral\/#primaryimage","url":"https:\/\/lca-online.com\/wp-content\/uploads\/CO2-Bilanz-Net-Zero-klimaneutrales-Bauen-CO2-Fusabruck-CO2-Footprint-scaled.jpg","contentUrl":"https:\/\/lca-online.com\/wp-content\/uploads\/CO2-Bilanz-Net-Zero-klimaneutrales-Bauen-CO2-Fusabruck-CO2-Footprint-scaled.jpg","width":2560,"height":2543,"caption":"Gr\u00fcner Fu\u00dfabdruck mit CO2 Ziele"},{"@type":"BreadcrumbList","@id":"https:\/\/lca-online.com\/en\/application\/net-zero-climate-neutral\/#breadcrumb","itemListElement":[{"@type":"ListItem","position":1,"name":"Home","item":"https:\/\/lca-online.com\/en\/"},{"@type":"ListItem","position":2,"name":"Application","item":"https:\/\/lca-online.com\/en\/anwendung\/"},{"@type":"ListItem","position":3,"name":"Carbon Footprint &#8211; Net Zero &#8211; Climate-Neutral"}]},{"@type":"WebSite","@id":"https:\/\/lca-online.com\/en\/#website","url":"https:\/\/lca-online.com\/en\/","name":"LCA Online","description":"Das Online-Tool f\u00fcr Geb\u00e4ude-\u00d6kobilanzen","publisher":{"@id":"https:\/\/lca-online.com\/en\/#organization"},"potentialAction":[{"@type":"SearchAction","target":{"@type":"EntryPoint","urlTemplate":"https:\/\/lca-online.com\/en\/?s={search_term_string}"},"query-input":{"@type":"PropertyValueSpecification","valueRequired":true,"valueName":"search_term_string"}}],"inLanguage":"en-US"},{"@type":"Organization","@id":"https:\/\/lca-online.com\/en\/#organization","name":"LCA Online","url":"https:\/\/lca-online.com\/en\/","logo":{"@type":"ImageObject","inLanguage":"en-US","@id":"https:\/\/lca-online.com\/en\/#\/schema\/logo\/image\/","url":"https:\/\/lca-online.com\/wp-content\/uploads\/lca-online_sm.webp","contentUrl":"https:\/\/lca-online.com\/wp-content\/uploads\/lca-online_sm.webp","width":350,"height":103,"caption":"LCA Online"},"image":{"@id":"https:\/\/lca-online.com\/en\/#\/schema\/logo\/image\/"},"sameAs":["https:\/\/de-de.facebook.com\/pages\/category\/Consulting-Agency\/HOINKA-GmbH-202893899755765\/","https:\/\/www.linkedin.com\/company\/hoinka-gmbh?originalSubdomain=de"]}]}},"_links":{"self":[{"href":"https:\/\/lca-online.com\/en\/wp-json\/wp\/v2\/pages\/10588","targetHints":{"allow":["GET"]}}],"collection":[{"href":"https:\/\/lca-online.com\/en\/wp-json\/wp\/v2\/pages"}],"about":[{"href":"https:\/\/lca-online.com\/en\/wp-json\/wp\/v2\/types\/page"}],"author":[{"embeddable":true,"href":"https:\/\/lca-online.com\/en\/wp-json\/wp\/v2\/users\/1"}],"replies":[{"embeddable":true,"href":"https:\/\/lca-online.com\/en\/wp-json\/wp\/v2\/comments?post=10588"}],"version-history":[{"count":1,"href":"https:\/\/lca-online.com\/en\/wp-json\/wp\/v2\/pages\/10588\/revisions"}],"predecessor-version":[{"id":10589,"href":"https:\/\/lca-online.com\/en\/wp-json\/wp\/v2\/pages\/10588\/revisions\/10589"}],"up":[{"embeddable":true,"href":"https:\/\/lca-online.com\/en\/wp-json\/wp\/v2\/pages\/10139"}],"wp:featuredmedia":[{"embeddable":true,"href":"https:\/\/lca-online.com\/en\/wp-json\/wp\/v2\/media\/10239"}],"wp:attachment":[{"href":"https:\/\/lca-online.com\/en\/wp-json\/wp\/v2\/media?parent=10588"}],"curies":[{"name":"wp","href":"https:\/\/api.w.org\/{rel}","templated":true}]}}