{"id":10580,"date":"2021-12-28T22:29:51","date_gmt":"2021-12-28T21:29:51","guid":{"rendered":"https:\/\/dev.lca-online.com\/services\/"},"modified":"2024-09-11T09:32:22","modified_gmt":"2024-09-11T07:32:22","slug":"services","status":"publish","type":"page","link":"https:\/\/lca-online.com\/en\/services\/","title":{"rendered":"Services"},"content":{"rendered":"<h1>Services of the LCA-Online tool<\/h1>\n<p>Riding lonesome or comfortably getting your life cycle assessment generated by us &#8211; our online tool gets you quickly and easily to your destination.<br \/>\n<div class=\"su-spacer\" style=\"height:10px\"><\/div>\n\t<a class=\"paoc-popup-click paoc-popup-cust-10631 paoc-popup-button paoc-popup-btn \" href=\"javascript:void(0);\">Contact Us<\/a>\r\n\n<hr \/>\n<div class=\"su-spacer\" style=\"height:40px\"><\/div>\n<div class=\"flex-grid\"><div class=\"row gutter-md center-xs text-xs-center\"><div class=\"flex-entry entry col col-xs-12 col-sm-4 has-image-center bottom-xs-xxl post-10391 page type-page status-publish has-post-thumbnail column middle-xs text-xs-center\"><a class=\"entry-image-link entry-image-before-entry aligncenter\" title=\"The online tool for the life cycle assessment of buildings\" href=\"https:\/\/lca-online.com\/en\/services\/online-tool\/\"><picture><img decoding=\"async\" width=\"2560\" height=\"1707\" src=\"https:\/\/lca-online.com\/wp-content\/uploads\/pexels-kaboompics-com-6335-scaled.jpg\" class=\"wp-post-image\" alt=\"Online Tool\" srcset=\"https:\/\/lca-online.com\/wp-content\/uploads\/pexels-kaboompics-com-6335-scaled.jpg 2560w, https:\/\/lca-online.com\/wp-content\/uploads\/pexels-kaboompics-com-6335-300x200.jpg 300w, https:\/\/lca-online.com\/wp-content\/uploads\/pexels-kaboompics-com-6335-1024x683.jpg 1024w, https:\/\/lca-online.com\/wp-content\/uploads\/pexels-kaboompics-com-6335-1536x1024.jpg 1536w, https:\/\/lca-online.com\/wp-content\/uploads\/pexels-kaboompics-com-6335-2048x1365.jpg 2048w, https:\/\/lca-online.com\/wp-content\/uploads\/pexels-kaboompics-com-6335-1248x832.jpg 1248w, https:\/\/lca-online.com\/wp-content\/uploads\/pexels-kaboompics-com-6335-1800x1200.jpg 1800w\" sizes=\"(max-width: 2560px) 100vw, 2560px\" \/><\/picture><\/a><header class=\"entry-header\"><h3 class=\"entry-title\"><a href=\"https:\/\/lca-online.com\/en\/services\/online-tool\/\" title=\"The online tool for the life cycle assessment of buildings\">The online tool for the life cycle assessment of buildings<\/a><\/h3><\/header><div class=\"entry-content\"><p class=\"more-link-wrap\"><a class=\"more-link\" href=\"https:\/\/lca-online.com\/en\/services\/online-tool\/\"><span class=\"screen-reader-text\">The online tool for the life cycle assessment of buildings<\/span>Erfahren Sie mehr<\/a><\/p><\/div><\/div><div class=\"flex-entry entry col col-xs-12 col-sm-4 has-image-center bottom-xs-xxl post-10390 page type-page status-publish has-post-thumbnail column middle-xs text-xs-center\"><a class=\"entry-image-link entry-image-before-entry aligncenter\" title=\"Prices\" href=\"https:\/\/lca-online.com\/en\/services\/prices\/\"><picture><img decoding=\"async\" width=\"1024\" height=\"768\" src=\"https:\/\/lca-online.com\/wp-content\/uploads\/LCA-Preis-Tabelle-e1683275932920.png\" class=\"wp-post-image\" alt=\"Tabelle mit der Preisgestaltung von LCA-Online\" \/><\/picture><\/a><header class=\"entry-header\"><h3 class=\"entry-title\"><a href=\"https:\/\/lca-online.com\/en\/services\/prices\/\" title=\"Prices\">Prices<\/a><\/h3><\/header><div class=\"entry-content\"><p class=\"more-link-wrap\"><a class=\"more-link\" href=\"https:\/\/lca-online.com\/en\/services\/prices\/\"><span class=\"screen-reader-text\">Prices<\/span>Erfahren Sie mehr<\/a><\/p><\/div><\/div><div class=\"flex-entry entry col col-xs-12 col-sm-4 has-image-center bottom-xs-xxl post-10621 page type-page status-publish has-post-thumbnail column middle-xs text-xs-center\"><a class=\"entry-image-link entry-image-before-entry aligncenter\" title=\"Trainings for life cycle assements\" href=\"https:\/\/lca-online.com\/en\/services\/training\/\"><picture><img decoding=\"async\" width=\"2560\" height=\"1696\" src=\"https:\/\/lca-online.com\/wp-content\/uploads\/pexels-startup-stock-photos-7075-scaled.jpg\" class=\"wp-post-image\" alt=\"training\" srcset=\"https:\/\/lca-online.com\/wp-content\/uploads\/pexels-startup-stock-photos-7075-scaled.jpg 2560w, https:\/\/lca-online.com\/wp-content\/uploads\/pexels-startup-stock-photos-7075-300x199.jpg 300w, https:\/\/lca-online.com\/wp-content\/uploads\/pexels-startup-stock-photos-7075-1024x678.jpg 1024w, https:\/\/lca-online.com\/wp-content\/uploads\/pexels-startup-stock-photos-7075-1536x1017.jpg 1536w, https:\/\/lca-online.com\/wp-content\/uploads\/pexels-startup-stock-photos-7075-2048x1356.jpg 2048w, https:\/\/lca-online.com\/wp-content\/uploads\/pexels-startup-stock-photos-7075-1812x1200.jpg 1812w\" sizes=\"(max-width: 2560px) 100vw, 2560px\" \/><\/picture><\/a><header class=\"entry-header\"><h3 class=\"entry-title\"><a href=\"https:\/\/lca-online.com\/en\/services\/training\/\" title=\"Trainings for life cycle assements\">Trainings for life cycle assements<\/a><\/h3><\/header><div class=\"entry-content\"><p class=\"more-link-wrap\"><a class=\"more-link\" href=\"https:\/\/lca-online.com\/en\/services\/training\/\"><span class=\"screen-reader-text\">Trainings for life cycle assements<\/span>Erfahren Sie mehr<\/a><\/p><\/div><\/div><div class=\"flex-entry entry col col-xs-12 col-sm-4 has-image-center bottom-xs-xxl post-10602 page type-page status-publish has-post-thumbnail column middle-xs text-xs-center\"><a class=\"entry-image-link entry-image-before-entry aligncenter\" title=\"We generate life cycle assessments for your projects\" href=\"https:\/\/lca-online.com\/en\/services\/life-cycle-assessment\/\"><picture><img decoding=\"async\" width=\"2560\" height=\"1707\" src=\"https:\/\/lca-online.com\/wp-content\/uploads\/pexels-fauxels-3183153-scaled.jpg\" class=\"wp-post-image\" alt=\"life cycle assessment graphic\" srcset=\"https:\/\/lca-online.com\/wp-content\/uploads\/pexels-fauxels-3183153-scaled.jpg 2560w, https:\/\/lca-online.com\/wp-content\/uploads\/pexels-fauxels-3183153-scaled-300x200.jpg 300w, https:\/\/lca-online.com\/wp-content\/uploads\/pexels-fauxels-3183153-scaled-1024x683.jpg 1024w, https:\/\/lca-online.com\/wp-content\/uploads\/pexels-fauxels-3183153-scaled-1536x1024.jpg 1536w, https:\/\/lca-online.com\/wp-content\/uploads\/pexels-fauxels-3183153-scaled-2048x1366.jpg 2048w, https:\/\/lca-online.com\/wp-content\/uploads\/pexels-fauxels-3183153-scaled-1248x832.jpg 1248w, https:\/\/lca-online.com\/wp-content\/uploads\/pexels-fauxels-3183153-scaled-1800x1200.jpg 1800w\" sizes=\"(max-width: 2560px) 100vw, 2560px\" \/><\/picture><\/a><header class=\"entry-header\"><h3 class=\"entry-title\"><a href=\"https:\/\/lca-online.com\/en\/services\/life-cycle-assessment\/\" title=\"We generate life cycle assessments for your projects\">We generate life cycle assessments for your projects<\/a><\/h3><\/header><div class=\"entry-content\"><p class=\"more-link-wrap\"><a class=\"more-link\" href=\"https:\/\/lca-online.com\/en\/services\/life-cycle-assessment\/\"><span class=\"screen-reader-text\">We generate life cycle assessments for your projects<\/span>Erfahren Sie mehr<\/a><\/p><\/div><\/div><\/div><\/div>\n<div class=\"su-spacer\" style=\"height:40px\"><\/div>\n<p style=\"text-align: center;\"><a class=\"more-link\" href=\"https:\/\/tool.oekobilanz-bau.de\" target=\"_blank\" rel=\"noopener\">Free Registration<\/a><\/p>\n<p style=\"text-align: center;\">Phone <a class=\"\" href=\"tel:\/\/+49%20711%2062049-342\">+49 711 62049-342<\/a><br \/>\nEmail <a class=\"\" href=\"mailto:service@lca-online.com\">service@lca-online.com<\/a><\/p>\n","protected":false},"excerpt":{"rendered":"<h1>We generate life cycle assessments for your projects<\/h1>\n<p>Anything unlcear? Do you have any questions or are you stuck? We help! Call us!<\/p>\n<h2>Holistic optimisation of buildings by life cycle assessment<\/h2>\n<p>We are also happy to generate life cycle assessments &hellip; <a href=\"https:\/\/lca-online.com\/en\/services\/life-cycle-assessment\/\" class=\"read-more\">Read the rest <\/a><\/p>","protected":false},"author":3,"featured_media":0,"parent":0,"menu_order":0,"comment_status":"closed","ping_status":"closed","template":"sections.php","meta":{"_genesis_hide_title":false,"_genesis_hide_breadcrumbs":false,"_genesis_hide_singular_image":false,"_genesis_hide_footer_widgets":false,"_genesis_custom_body_class":"","_genesis_custom_post_class":"","_genesis_layout":"","footnotes":""},"class_list":{"0":"post-10580","1":"page","2":"type-page","3":"status-publish","5":"entry","6":"has-post-thumbnail"},"yoast_head":"<!-- This site is optimized with the Yoast SEO plugin v26.3 - https:\/\/yoast.com\/wordpress\/plugins\/seo\/ -->\n<title>Services &#8211; LCA Online<\/title>\n<meta name=\"description\" content=\"The online tool LCA Online offer you predefined tools for life cycle assessments of building projects.\" \/>\n<meta name=\"robots\" content=\"index, follow, max-snippet:-1, max-image-preview:large, max-video-preview:-1\" \/>\n<link rel=\"canonical\" href=\"https:\/\/lca-online.com\/en\/services\/\" \/>\n<meta property=\"og:locale\" content=\"en_US\" \/>\n<meta property=\"og:type\" content=\"article\" \/>\n<meta property=\"og:title\" content=\"Services &#8211; LCA Online\" \/>\n<meta property=\"og:description\" content=\"The online tool LCA Online offer you predefined tools for life cycle assessments of building projects.\" \/>\n<meta property=\"og:url\" content=\"https:\/\/lca-online.com\/en\/services\/\" \/>\n<meta property=\"og:site_name\" content=\"LCA Online\" \/>\n<meta property=\"article:publisher\" content=\"https:\/\/de-de.facebook.com\/pages\/category\/Consulting-Agency\/HOINKA-GmbH-202893899755765\/\" \/>\n<meta property=\"article:modified_time\" content=\"2024-09-11T07:32:22+00:00\" \/>\n<meta name=\"twitter:card\" content=\"summary_large_image\" \/>\n<script type=\"application\/ld+json\" class=\"yoast-schema-graph\">{\"@context\":\"https:\/\/schema.org\",\"@graph\":[{\"@type\":\"WebPage\",\"@id\":\"https:\/\/lca-online.com\/en\/services\/\",\"url\":\"https:\/\/lca-online.com\/en\/services\/\",\"name\":\"Services &#8211; LCA Online\",\"isPartOf\":{\"@id\":\"https:\/\/lca-online.com\/en\/#website\"},\"datePublished\":\"2021-12-28T21:29:51+00:00\",\"dateModified\":\"2024-09-11T07:32:22+00:00\",\"description\":\"The online tool LCA Online offer you predefined tools for life cycle assessments of building projects.\",\"breadcrumb\":{\"@id\":\"https:\/\/lca-online.com\/en\/services\/#breadcrumb\"},\"inLanguage\":\"en-US\",\"potentialAction\":[{\"@type\":\"ReadAction\",\"target\":[\"https:\/\/lca-online.com\/en\/services\/\"]}]},{\"@type\":\"BreadcrumbList\",\"@id\":\"https:\/\/lca-online.com\/en\/services\/#breadcrumb\",\"itemListElement\":[{\"@type\":\"ListItem\",\"position\":1,\"name\":\"Home\",\"item\":\"https:\/\/lca-online.com\/en\/\"},{\"@type\":\"ListItem\",\"position\":2,\"name\":\"Services\"}]},{\"@type\":\"WebSite\",\"@id\":\"https:\/\/lca-online.com\/en\/#website\",\"url\":\"https:\/\/lca-online.com\/en\/\",\"name\":\"LCA Online\",\"description\":\"Das Online-Tool f\u00fcr Geb\u00e4ude-\u00d6kobilanzen\",\"publisher\":{\"@id\":\"https:\/\/lca-online.com\/en\/#organization\"},\"potentialAction\":[{\"@type\":\"SearchAction\",\"target\":{\"@type\":\"EntryPoint\",\"urlTemplate\":\"https:\/\/lca-online.com\/en\/?s={search_term_string}\"},\"query-input\":{\"@type\":\"PropertyValueSpecification\",\"valueRequired\":true,\"valueName\":\"search_term_string\"}}],\"inLanguage\":\"en-US\"},{\"@type\":\"Organization\",\"@id\":\"https:\/\/lca-online.com\/en\/#organization\",\"name\":\"LCA Online\",\"url\":\"https:\/\/lca-online.com\/en\/\",\"logo\":{\"@type\":\"ImageObject\",\"inLanguage\":\"en-US\",\"@id\":\"https:\/\/lca-online.com\/en\/#\/schema\/logo\/image\/\",\"url\":\"https:\/\/lca-online.com\/wp-content\/uploads\/lca-online_sm.webp\",\"contentUrl\":\"https:\/\/lca-online.com\/wp-content\/uploads\/lca-online_sm.webp\",\"width\":350,\"height\":103,\"caption\":\"LCA Online\"},\"image\":{\"@id\":\"https:\/\/lca-online.com\/en\/#\/schema\/logo\/image\/\"},\"sameAs\":[\"https:\/\/de-de.facebook.com\/pages\/category\/Consulting-Agency\/HOINKA-GmbH-202893899755765\/\",\"https:\/\/www.linkedin.com\/company\/hoinka-gmbh?originalSubdomain=de\"]}]}<\/script>\n<!-- \/ Yoast SEO plugin. -->","yoast_head_json":{"title":"Services &#8211; LCA Online","description":"The online tool LCA Online offer you predefined tools for life cycle assessments of building projects.","robots":{"index":"index","follow":"follow","max-snippet":"max-snippet:-1","max-image-preview":"max-image-preview:large","max-video-preview":"max-video-preview:-1"},"canonical":"https:\/\/lca-online.com\/en\/services\/","og_locale":"en_US","og_type":"article","og_title":"Services &#8211; LCA Online","og_description":"The online tool LCA Online offer you predefined tools for life cycle assessments of building projects.","og_url":"https:\/\/lca-online.com\/en\/services\/","og_site_name":"LCA Online","article_publisher":"https:\/\/de-de.facebook.com\/pages\/category\/Consulting-Agency\/HOINKA-GmbH-202893899755765\/","article_modified_time":"2024-09-11T07:32:22+00:00","twitter_card":"summary_large_image","schema":{"@context":"https:\/\/schema.org","@graph":[{"@type":"WebPage","@id":"https:\/\/lca-online.com\/en\/services\/","url":"https:\/\/lca-online.com\/en\/services\/","name":"Services &#8211; LCA Online","isPartOf":{"@id":"https:\/\/lca-online.com\/en\/#website"},"datePublished":"2021-12-28T21:29:51+00:00","dateModified":"2024-09-11T07:32:22+00:00","description":"The online tool LCA Online offer you predefined tools for life cycle assessments of building projects.","breadcrumb":{"@id":"https:\/\/lca-online.com\/en\/services\/#breadcrumb"},"inLanguage":"en-US","potentialAction":[{"@type":"ReadAction","target":["https:\/\/lca-online.com\/en\/services\/"]}]},{"@type":"BreadcrumbList","@id":"https:\/\/lca-online.com\/en\/services\/#breadcrumb","itemListElement":[{"@type":"ListItem","position":1,"name":"Home","item":"https:\/\/lca-online.com\/en\/"},{"@type":"ListItem","position":2,"name":"Services"}]},{"@type":"WebSite","@id":"https:\/\/lca-online.com\/en\/#website","url":"https:\/\/lca-online.com\/en\/","name":"LCA Online","description":"Das Online-Tool f\u00fcr Geb\u00e4ude-\u00d6kobilanzen","publisher":{"@id":"https:\/\/lca-online.com\/en\/#organization"},"potentialAction":[{"@type":"SearchAction","target":{"@type":"EntryPoint","urlTemplate":"https:\/\/lca-online.com\/en\/?s={search_term_string}"},"query-input":{"@type":"PropertyValueSpecification","valueRequired":true,"valueName":"search_term_string"}}],"inLanguage":"en-US"},{"@type":"Organization","@id":"https:\/\/lca-online.com\/en\/#organization","name":"LCA Online","url":"https:\/\/lca-online.com\/en\/","logo":{"@type":"ImageObject","inLanguage":"en-US","@id":"https:\/\/lca-online.com\/en\/#\/schema\/logo\/image\/","url":"https:\/\/lca-online.com\/wp-content\/uploads\/lca-online_sm.webp","contentUrl":"https:\/\/lca-online.com\/wp-content\/uploads\/lca-online_sm.webp","width":350,"height":103,"caption":"LCA Online"},"image":{"@id":"https:\/\/lca-online.com\/en\/#\/schema\/logo\/image\/"},"sameAs":["https:\/\/de-de.facebook.com\/pages\/category\/Consulting-Agency\/HOINKA-GmbH-202893899755765\/","https:\/\/www.linkedin.com\/company\/hoinka-gmbh?originalSubdomain=de"]}]}},"_links":{"self":[{"href":"https:\/\/lca-online.com\/en\/wp-json\/wp\/v2\/pages\/10580","targetHints":{"allow":["GET"]}}],"collection":[{"href":"https:\/\/lca-online.com\/en\/wp-json\/wp\/v2\/pages"}],"about":[{"href":"https:\/\/lca-online.com\/en\/wp-json\/wp\/v2\/types\/page"}],"author":[{"embeddable":true,"href":"https:\/\/lca-online.com\/en\/wp-json\/wp\/v2\/users\/3"}],"replies":[{"embeddable":true,"href":"https:\/\/lca-online.com\/en\/wp-json\/wp\/v2\/comments?post=10580"}],"version-history":[{"count":2,"href":"https:\/\/lca-online.com\/en\/wp-json\/wp\/v2\/pages\/10580\/revisions"}],"predecessor-version":[{"id":10772,"href":"https:\/\/lca-online.com\/en\/wp-json\/wp\/v2\/pages\/10580\/revisions\/10772"}],"wp:attachment":[{"href":"https:\/\/lca-online.com\/en\/wp-json\/wp\/v2\/media?parent=10580"}],"curies":[{"name":"wp","href":"https:\/\/api.w.org\/{rel}","templated":true}]}}