{"id":10579,"date":"2021-12-28T21:57:49","date_gmt":"2021-12-28T20:57:49","guid":{"rendered":"https:\/\/dev.lca-online.com\/company\/"},"modified":"2024-09-11T10:55:45","modified_gmt":"2024-09-11T08:55:45","slug":"company","status":"publish","type":"page","link":"https:\/\/lca-online.com\/en\/company\/","title":{"rendered":"Company"},"content":{"rendered":"<h1>The company behind LCA-Online<\/h1>\n<p>We answer your questions, counsel and support you to successfully fulfil your targets in the field of Green-Building-Certification in accordance with LEED, DGNB, BREEAM, energy optimisation and simulation, life cycle assessment, building ecology, building product counselling for building certification, Cradle to Cradle\u00ae and many more.<br \/>\n<div class=\"su-spacer\" style=\"height:10px\"><\/div>\n\t<a class=\"paoc-popup-click paoc-popup-cust-10631 paoc-popup-button paoc-popup-btn \" href=\"javascript:void(0);\">Contact Us<\/a>\r\n\n<div class=\"su-spacer\" style=\"height:40px\"><\/div>\n<div><img decoding=\"async\" class=\"alignnone size-full wp-image-516 alignleft\" title=\"dummy_spacer\" src=\"http:\/\/www.oekobilanz-bau.de\/wordpress\/wp-content\/uploads\/dummy_spacer.png\" alt=\"\" width=\"30\" height=\"99\" \/> <img decoding=\"async\" class=\"alignnone size-full wp-image-495 alignleft\" title=\"LEED USGBC (U.S. Green Building Council) Logo\" src=\"http:\/\/www.oekobilanz-bau.de\/wordpress\/wp-content\/uploads\/LEED_Memberg_Logo_120px.jpg\" alt=\"LEED (Leadership in Energy and Environmental Design, USGBC (U.S. Green Building Council)\" width=\"83\" height=\"83\" srcset=\"https:\/\/lca-online.com\/wp-content\/uploads\/LEED_Memberg_Logo_120px.jpg 120w, https:\/\/lca-online.com\/wp-content\/uploads\/LEED_Memberg_Logo_120px-80x80.jpg 80w\" sizes=\"(max-width: 83px) 100vw, 83px\" \/><img decoding=\"async\" class=\"alignnone size-full wp-image-516 alignleft\" title=\"dummy_spacer\" src=\"http:\/\/www.oekobilanz-bau.de\/wordpress\/wp-content\/uploads\/dummy_spacer.png\" alt=\"\" width=\"30\" height=\"99\" \/><img decoding=\"async\" class=\"alignnone size-full wp-image-486 alignleft\" title=\"BREEAM Assessor (British Research Establishment Environmental Assessment Method)\" src=\"http:\/\/www.oekobilanz-bau.de\/wordpress\/wp-content\/uploads\/breeam_logo_xs.gif\" alt=\"AM Assessor (British Research Establishment Environmental Assessment Method)\" width=\"175\" height=\"70\" \/><img decoding=\"async\" class=\"alignnone size-full wp-image-516 alignleft\" title=\"dummy_spacer\" src=\"http:\/\/www.oekobilanz-bau.de\/wordpress\/wp-content\/uploads\/dummy_spacer.png\" alt=\"\" width=\"30\" height=\"99\" \/><img decoding=\"async\" class=\"alignnone size-medium wp-image-489 alignleft\" title=\"DGNB Auditor (\" src=\"http:\/\/www.oekobilanz-bau.de\/wordpress\/wp-content\/uploads\/DGNB_LOGO2-300x87.jpg\" alt=\"DGNB Auditor (\" width=\"252\" height=\"72\" \/><\/div>\n<div class=\"su-spacer\" style=\"height:10px\"><\/div>\n<p style=\"text-align: left;\"><em>We are a member of the German Sustainable Building Council (DGNB) and the U.S. Green Building Councils (USGBC).<\/em><\/p>\n<div class=\"su-spacer\" style=\"height:40px\"><\/div>\n<h2>LCA Online<\/h2>\n<p>The online software for life cycle assessment of your projects at <em>LCA Online<\/em> is offered by the HOINKA GmbH.<\/p>\n<p>We are a company that is specialised on services around sustainable building (Green Building). As DGNB Auditor, LEED AP, BREEAM Assessor and BREEAM In-Use Auditor in small, medium and large projects we collected a lot of experience in the certification of buildings and in the area of life cycle assessment.<br \/>\nLife cylce assessment is an important instrument to evaluate buildings holistically regarding various environmental impatcs. This includes the consideration of production, usage\/maintenance, removal and operation, that is the whole life cycle of the building. With the online software we offer our customers a professional first steps and dealings with the topic of assessments.<br \/>\nBesides the online offer at <em>LCA Online<\/em> we also offer an online database at www.greeenbuildingproducts.eu . This database allows it to find assessed products according to DGNB and LEED criteria quickly and easily. Furthermore, we offer different solutions in the area of certification according to LEED, DGNB und BREEAM, as well as further consultancy services in the area of energy and construction ecology.<br \/>\n<div class=\"flex-grid\"><div class=\"row gutter-md center-xs text-xs-center\"><div class=\"flex-entry entry col col-xs-12 col-sm-4 has-image-center bottom-xs-xxl post-10568 page type-page status-publish has-post-thumbnail column middle-xs text-xs-center\"><a class=\"entry-image-link entry-image-before-entry aligncenter\" title=\"Team\" href=\"https:\/\/lca-online.com\/en\/company\/team\/\"><picture><img decoding=\"async\" width=\"1200\" height=\"1200\" src=\"https:\/\/lca-online.com\/wp-content\/uploads\/Okobilanz_LCA_TEAM_DGNB_LEED_BREEAM-1200x1200-1.jpg\" class=\"wp-post-image\" alt=\"Bunter W\u00fcrfel\" srcset=\"https:\/\/lca-online.com\/wp-content\/uploads\/Okobilanz_LCA_TEAM_DGNB_LEED_BREEAM-1200x1200-1.jpg 1200w, https:\/\/lca-online.com\/wp-content\/uploads\/Okobilanz_LCA_TEAM_DGNB_LEED_BREEAM-1200x1200-1-300x300.jpg 300w, https:\/\/lca-online.com\/wp-content\/uploads\/Okobilanz_LCA_TEAM_DGNB_LEED_BREEAM-1200x1200-1-1024x1024.jpg 1024w, https:\/\/lca-online.com\/wp-content\/uploads\/Okobilanz_LCA_TEAM_DGNB_LEED_BREEAM-1200x1200-1-150x150.jpg 150w, https:\/\/lca-online.com\/wp-content\/uploads\/Okobilanz_LCA_TEAM_DGNB_LEED_BREEAM-1200x1200-1-80x80.jpg 80w\" sizes=\"(max-width: 1200px) 100vw, 1200px\" \/><\/picture><\/a><header class=\"entry-header\"><h3 class=\"entry-title\"><a href=\"https:\/\/lca-online.com\/en\/company\/team\/\" title=\"Team\">Team<\/a><\/h3><\/header><div class=\"entry-content\"><p class=\"more-link-wrap\"><a class=\"more-link\" href=\"https:\/\/lca-online.com\/en\/company\/team\/\"><span class=\"screen-reader-text\">Team<\/span>Find out more<\/a><\/p><\/div><\/div><div class=\"flex-entry entry col col-xs-12 col-sm-4 has-image-center bottom-xs-xxl post-10628 page type-page status-publish has-post-thumbnail column middle-xs text-xs-center\"><a class=\"entry-image-link entry-image-before-entry aligncenter\" title=\"Career &amp; Jobs\" href=\"https:\/\/lca-online.com\/en\/company\/career-jobs\/\"><picture><img decoding=\"async\" width=\"881\" height=\"881\" src=\"https:\/\/lca-online.com\/wp-content\/uploads\/HOINKA_Karriere_JOB_DGNB_LEED_BREEAM._bannerjpg-square.jpg\" class=\"wp-post-image\" alt=\"Join our Team Karriere LCA\" srcset=\"https:\/\/lca-online.com\/wp-content\/uploads\/HOINKA_Karriere_JOB_DGNB_LEED_BREEAM._bannerjpg-square.jpg 881w, https:\/\/lca-online.com\/wp-content\/uploads\/HOINKA_Karriere_JOB_DGNB_LEED_BREEAM._bannerjpg-square-300x300.jpg 300w, https:\/\/lca-online.com\/wp-content\/uploads\/HOINKA_Karriere_JOB_DGNB_LEED_BREEAM._bannerjpg-square-150x150.jpg 150w, https:\/\/lca-online.com\/wp-content\/uploads\/HOINKA_Karriere_JOB_DGNB_LEED_BREEAM._bannerjpg-square-80x80.jpg 80w\" sizes=\"(max-width: 881px) 100vw, 881px\" \/><\/picture><\/a><header class=\"entry-header\"><h3 class=\"entry-title\"><a href=\"https:\/\/lca-online.com\/en\/company\/career-jobs\/\" title=\"Career &amp; Jobs\">Career &amp; Jobs<\/a><\/h3><\/header><div class=\"entry-content\"><p class=\"more-link-wrap\"><a class=\"more-link\" href=\"https:\/\/lca-online.com\/en\/company\/career-jobs\/\"><span class=\"screen-reader-text\">Career &amp; Jobs<\/span>Find out more<\/a><\/p><\/div><\/div><div class=\"flex-entry entry col col-xs-12 col-sm-4 has-image-center bottom-xs-xxl post-10593 page type-page status-publish has-post-thumbnail column middle-xs text-xs-center\"><a class=\"entry-image-link entry-image-before-entry aligncenter\" title=\"Downloads\" href=\"https:\/\/lca-online.com\/en\/company\/downloads\/\"><picture><img decoding=\"async\" width=\"416\" height=\"416\" src=\"https:\/\/lca-online.com\/wp-content\/uploads\/Download_LCA_Okobilanz_tinted.png\" class=\"wp-post-image\" alt=\"Download Button LCA\" srcset=\"https:\/\/lca-online.com\/wp-content\/uploads\/Download_LCA_Okobilanz_tinted.png 416w, https:\/\/lca-online.com\/wp-content\/uploads\/Download_LCA_Okobilanz_tinted-300x300.png 300w, https:\/\/lca-online.com\/wp-content\/uploads\/Download_LCA_Okobilanz_tinted-150x150.png 150w, https:\/\/lca-online.com\/wp-content\/uploads\/Download_LCA_Okobilanz_tinted-80x80.png 80w\" sizes=\"(max-width: 416px) 100vw, 416px\" \/><\/picture><\/a><header class=\"entry-header\"><h3 class=\"entry-title\"><a href=\"https:\/\/lca-online.com\/en\/company\/downloads\/\" title=\"Downloads\">Downloads<\/a><\/h3><\/header><div class=\"entry-content\"><p class=\"more-link-wrap\"><a class=\"more-link\" href=\"https:\/\/lca-online.com\/en\/company\/downloads\/\"><span class=\"screen-reader-text\">Downloads<\/span>Find out more<\/a><\/p><\/div><\/div><\/div><\/div>\n","protected":false},"excerpt":{"rendered":"<h1>Downloads regarding life cycle assessment<\/h1>\n<p>Here you can find the documents to download&hellip; <a href=\"https:\/\/lca-online.com\/en\/company\/downloads\/\" class=\"read-more\">Read the rest <\/a><\/p>","protected":false},"author":3,"featured_media":0,"parent":0,"menu_order":0,"comment_status":"open","ping_status":"closed","template":"sections.php","meta":{"_genesis_hide_title":false,"_genesis_hide_breadcrumbs":false,"_genesis_hide_singular_image":false,"_genesis_hide_footer_widgets":false,"_genesis_custom_body_class":"","_genesis_custom_post_class":"","_genesis_layout":"","footnotes":""},"class_list":{"0":"post-10579","1":"page","2":"type-page","3":"status-publish","5":"entry","6":"has-post-thumbnail"},"yoast_head":"<!-- This site is optimized with the Yoast SEO plugin v26.3 - https:\/\/yoast.com\/wordpress\/plugins\/seo\/ -->\n<title>Company &#8211; LCA Online<\/title>\n<meta name=\"description\" content=\"Specialised on services around Green Building and sustainable building, LCA Online is an experienced and reliable partner.\" \/>\n<meta name=\"robots\" content=\"index, follow, max-snippet:-1, max-image-preview:large, max-video-preview:-1\" \/>\n<link rel=\"canonical\" href=\"https:\/\/lca-online.com\/en\/company\/\" \/>\n<meta property=\"og:locale\" content=\"en_US\" \/>\n<meta property=\"og:type\" content=\"article\" \/>\n<meta property=\"og:title\" content=\"Company &#8211; LCA Online\" \/>\n<meta property=\"og:description\" content=\"Specialised on services around Green Building and sustainable building, LCA Online is an experienced and reliable partner.\" \/>\n<meta property=\"og:url\" content=\"https:\/\/lca-online.com\/en\/company\/\" \/>\n<meta property=\"og:site_name\" content=\"LCA Online\" \/>\n<meta property=\"article:publisher\" content=\"https:\/\/de-de.facebook.com\/pages\/category\/Consulting-Agency\/HOINKA-GmbH-202893899755765\/\" \/>\n<meta property=\"article:modified_time\" content=\"2024-09-11T08:55:45+00:00\" \/>\n<meta property=\"og:image\" content=\"http:\/\/www.oekobilanz-bau.de\/wordpress\/wp-content\/uploads\/dummy_spacer.png\" \/>\n<meta name=\"twitter:card\" content=\"summary_large_image\" \/>\n<meta name=\"twitter:label1\" content=\"Est. reading time\" \/>\n\t<meta name=\"twitter:data1\" content=\"2 minutes\" \/>\n<script type=\"application\/ld+json\" class=\"yoast-schema-graph\">{\"@context\":\"https:\/\/schema.org\",\"@graph\":[{\"@type\":\"WebPage\",\"@id\":\"https:\/\/lca-online.com\/en\/company\/\",\"url\":\"https:\/\/lca-online.com\/en\/company\/\",\"name\":\"Company &#8211; LCA Online\",\"isPartOf\":{\"@id\":\"https:\/\/lca-online.com\/en\/#website\"},\"primaryImageOfPage\":{\"@id\":\"https:\/\/lca-online.com\/en\/company\/#primaryimage\"},\"image\":{\"@id\":\"https:\/\/lca-online.com\/en\/company\/#primaryimage\"},\"thumbnailUrl\":\"http:\/\/www.oekobilanz-bau.de\/wordpress\/wp-content\/uploads\/dummy_spacer.png\",\"datePublished\":\"2021-12-28T20:57:49+00:00\",\"dateModified\":\"2024-09-11T08:55:45+00:00\",\"description\":\"Specialised on services around Green Building and sustainable building, LCA Online is an experienced and reliable partner.\",\"breadcrumb\":{\"@id\":\"https:\/\/lca-online.com\/en\/company\/#breadcrumb\"},\"inLanguage\":\"en-US\",\"potentialAction\":[{\"@type\":\"ReadAction\",\"target\":[\"https:\/\/lca-online.com\/en\/company\/\"]}]},{\"@type\":\"ImageObject\",\"inLanguage\":\"en-US\",\"@id\":\"https:\/\/lca-online.com\/en\/company\/#primaryimage\",\"url\":\"http:\/\/www.oekobilanz-bau.de\/wordpress\/wp-content\/uploads\/dummy_spacer.png\",\"contentUrl\":\"http:\/\/www.oekobilanz-bau.de\/wordpress\/wp-content\/uploads\/dummy_spacer.png\"},{\"@type\":\"BreadcrumbList\",\"@id\":\"https:\/\/lca-online.com\/en\/company\/#breadcrumb\",\"itemListElement\":[{\"@type\":\"ListItem\",\"position\":1,\"name\":\"Home\",\"item\":\"https:\/\/lca-online.com\/en\/\"},{\"@type\":\"ListItem\",\"position\":2,\"name\":\"Company\"}]},{\"@type\":\"WebSite\",\"@id\":\"https:\/\/lca-online.com\/en\/#website\",\"url\":\"https:\/\/lca-online.com\/en\/\",\"name\":\"LCA Online\",\"description\":\"Das Online-Tool f\u00fcr Geb\u00e4ude-\u00d6kobilanzen\",\"publisher\":{\"@id\":\"https:\/\/lca-online.com\/en\/#organization\"},\"potentialAction\":[{\"@type\":\"SearchAction\",\"target\":{\"@type\":\"EntryPoint\",\"urlTemplate\":\"https:\/\/lca-online.com\/en\/?s={search_term_string}\"},\"query-input\":{\"@type\":\"PropertyValueSpecification\",\"valueRequired\":true,\"valueName\":\"search_term_string\"}}],\"inLanguage\":\"en-US\"},{\"@type\":\"Organization\",\"@id\":\"https:\/\/lca-online.com\/en\/#organization\",\"name\":\"LCA Online\",\"url\":\"https:\/\/lca-online.com\/en\/\",\"logo\":{\"@type\":\"ImageObject\",\"inLanguage\":\"en-US\",\"@id\":\"https:\/\/lca-online.com\/en\/#\/schema\/logo\/image\/\",\"url\":\"https:\/\/lca-online.com\/wp-content\/uploads\/lca-online_sm.webp\",\"contentUrl\":\"https:\/\/lca-online.com\/wp-content\/uploads\/lca-online_sm.webp\",\"width\":350,\"height\":103,\"caption\":\"LCA Online\"},\"image\":{\"@id\":\"https:\/\/lca-online.com\/en\/#\/schema\/logo\/image\/\"},\"sameAs\":[\"https:\/\/de-de.facebook.com\/pages\/category\/Consulting-Agency\/HOINKA-GmbH-202893899755765\/\",\"https:\/\/www.linkedin.com\/company\/hoinka-gmbh?originalSubdomain=de\"]}]}<\/script>\n<!-- \/ Yoast SEO plugin. -->","yoast_head_json":{"title":"Company &#8211; LCA Online","description":"Specialised on services around Green Building and sustainable building, LCA Online is an experienced and reliable partner.","robots":{"index":"index","follow":"follow","max-snippet":"max-snippet:-1","max-image-preview":"max-image-preview:large","max-video-preview":"max-video-preview:-1"},"canonical":"https:\/\/lca-online.com\/en\/company\/","og_locale":"en_US","og_type":"article","og_title":"Company &#8211; LCA Online","og_description":"Specialised on services around Green Building and sustainable building, LCA Online is an experienced and reliable partner.","og_url":"https:\/\/lca-online.com\/en\/company\/","og_site_name":"LCA Online","article_publisher":"https:\/\/de-de.facebook.com\/pages\/category\/Consulting-Agency\/HOINKA-GmbH-202893899755765\/","article_modified_time":"2024-09-11T08:55:45+00:00","og_image":[{"url":"http:\/\/www.oekobilanz-bau.de\/wordpress\/wp-content\/uploads\/dummy_spacer.png","type":"","width":"","height":""}],"twitter_card":"summary_large_image","twitter_misc":{"Est. reading time":"2 minutes"},"schema":{"@context":"https:\/\/schema.org","@graph":[{"@type":"WebPage","@id":"https:\/\/lca-online.com\/en\/company\/","url":"https:\/\/lca-online.com\/en\/company\/","name":"Company &#8211; LCA Online","isPartOf":{"@id":"https:\/\/lca-online.com\/en\/#website"},"primaryImageOfPage":{"@id":"https:\/\/lca-online.com\/en\/company\/#primaryimage"},"image":{"@id":"https:\/\/lca-online.com\/en\/company\/#primaryimage"},"thumbnailUrl":"http:\/\/www.oekobilanz-bau.de\/wordpress\/wp-content\/uploads\/dummy_spacer.png","datePublished":"2021-12-28T20:57:49+00:00","dateModified":"2024-09-11T08:55:45+00:00","description":"Specialised on services around Green Building and sustainable building, LCA Online is an experienced and reliable partner.","breadcrumb":{"@id":"https:\/\/lca-online.com\/en\/company\/#breadcrumb"},"inLanguage":"en-US","potentialAction":[{"@type":"ReadAction","target":["https:\/\/lca-online.com\/en\/company\/"]}]},{"@type":"ImageObject","inLanguage":"en-US","@id":"https:\/\/lca-online.com\/en\/company\/#primaryimage","url":"http:\/\/www.oekobilanz-bau.de\/wordpress\/wp-content\/uploads\/dummy_spacer.png","contentUrl":"http:\/\/www.oekobilanz-bau.de\/wordpress\/wp-content\/uploads\/dummy_spacer.png"},{"@type":"BreadcrumbList","@id":"https:\/\/lca-online.com\/en\/company\/#breadcrumb","itemListElement":[{"@type":"ListItem","position":1,"name":"Home","item":"https:\/\/lca-online.com\/en\/"},{"@type":"ListItem","position":2,"name":"Company"}]},{"@type":"WebSite","@id":"https:\/\/lca-online.com\/en\/#website","url":"https:\/\/lca-online.com\/en\/","name":"LCA Online","description":"Das Online-Tool f\u00fcr Geb\u00e4ude-\u00d6kobilanzen","publisher":{"@id":"https:\/\/lca-online.com\/en\/#organization"},"potentialAction":[{"@type":"SearchAction","target":{"@type":"EntryPoint","urlTemplate":"https:\/\/lca-online.com\/en\/?s={search_term_string}"},"query-input":{"@type":"PropertyValueSpecification","valueRequired":true,"valueName":"search_term_string"}}],"inLanguage":"en-US"},{"@type":"Organization","@id":"https:\/\/lca-online.com\/en\/#organization","name":"LCA Online","url":"https:\/\/lca-online.com\/en\/","logo":{"@type":"ImageObject","inLanguage":"en-US","@id":"https:\/\/lca-online.com\/en\/#\/schema\/logo\/image\/","url":"https:\/\/lca-online.com\/wp-content\/uploads\/lca-online_sm.webp","contentUrl":"https:\/\/lca-online.com\/wp-content\/uploads\/lca-online_sm.webp","width":350,"height":103,"caption":"LCA Online"},"image":{"@id":"https:\/\/lca-online.com\/en\/#\/schema\/logo\/image\/"},"sameAs":["https:\/\/de-de.facebook.com\/pages\/category\/Consulting-Agency\/HOINKA-GmbH-202893899755765\/","https:\/\/www.linkedin.com\/company\/hoinka-gmbh?originalSubdomain=de"]}]}},"_links":{"self":[{"href":"https:\/\/lca-online.com\/en\/wp-json\/wp\/v2\/pages\/10579","targetHints":{"allow":["GET"]}}],"collection":[{"href":"https:\/\/lca-online.com\/en\/wp-json\/wp\/v2\/pages"}],"about":[{"href":"https:\/\/lca-online.com\/en\/wp-json\/wp\/v2\/types\/page"}],"author":[{"embeddable":true,"href":"https:\/\/lca-online.com\/en\/wp-json\/wp\/v2\/users\/3"}],"replies":[{"embeddable":true,"href":"https:\/\/lca-online.com\/en\/wp-json\/wp\/v2\/comments?post=10579"}],"version-history":[{"count":1,"href":"https:\/\/lca-online.com\/en\/wp-json\/wp\/v2\/pages\/10579\/revisions"}],"predecessor-version":[{"id":10805,"href":"https:\/\/lca-online.com\/en\/wp-json\/wp\/v2\/pages\/10579\/revisions\/10805"}],"wp:attachment":[{"href":"https:\/\/lca-online.com\/en\/wp-json\/wp\/v2\/media?parent=10579"}],"curies":[{"name":"wp","href":"https:\/\/api.w.org\/{rel}","templated":true}]}}