{"id":10391,"date":"2021-11-08T14:38:26","date_gmt":"2021-11-08T13:38:26","guid":{"rendered":"https:\/\/dev.lca-online.com\/online-tool\/"},"modified":"2024-09-11T11:39:04","modified_gmt":"2024-09-11T09:39:04","slug":"online-tool","status":"publish","type":"page","link":"https:\/\/lca-online.com\/en\/services\/online-tool\/","title":{"rendered":"The online tool for the life cycle assessment of buildings"},"content":{"rendered":"<h1>Our solution: The online tool<\/h1>\n<p>for the life cycle assessment of buildings <div class=\"su-spacer\" style=\"height:10px\"><\/div>\n\t<a class=\"paoc-popup-click paoc-popup-cust-10631 paoc-popup-button paoc-popup-btn \" href=\"javascript:void(0);\">Contact Us<\/a>\r\n As a building owner, planner or green building auditor (DGNB, LEED, BREEAM), you will be confronted with the task of ecologically balancing buildings over their entire life cycle &#8211; from production to dismantling. The Online Software <em>LCA Online<\/em> is the solution we developed for you. The online software on <em>LCA Online<\/em> offers you the option of creating life cycle assessments for entire buildings and components. We decided to implement an internet-based system which can be flexibly adjusted to your requirements, if requested. You may add individual datasets and use them to create your own products and elements. <strong>Your advantages:<\/strong><\/p>\n<ul>\n<li>Conducting life cycle assessments of any extend easily and quickly<\/li>\n<li>Performing verifications for life cycle assessments particularly for Green Building Certifications easily and quickly<\/li>\n<li>Using diverse assessment and depiction possibilities<\/li>\n<li>Decision guidance to choose building material and constructions<\/li>\n<li>Analyses for innovation opportunities and efficiency optimisation in building projects<\/li>\n<li>Appealing graphs and summaries that are suitable for customers<\/li>\n<\/ul>\n<p><strong>Our offer to you:<\/strong><\/p>\n<ul>\n<li>Free registration and evaluation options as a PDF report<\/li>\n<li>No investment costs or ongoing fees<\/li>\n<li>Detaillierte Excel-Auswertung nach Abschluss des Projektes kostenpflichtig<\/li>\n<li>In your order, we are also happy to prepare life cycle assessments for your project<\/li>\n<\/ul>\n<p><strong>What the software offers:<\/strong><\/p>\n<ul>\n<li>1400 Prozesse aus der \u00d6kobau.dat gem\u00e4\u00df DIN EN 15804<\/li>\n<li>1000 preconfigured products<\/li>\n<li>50 preconfigured components<\/li>\n<li>preparation of further components<\/li>\n<li>Versatile evaluation options, creation of own evaluations<\/li>\n<li>Balancing at building level, component level or according to cost groups<\/li>\n<li>Evaluation according to DGNB, LEED, BREEAM<\/li>\n<li>Comparison of projects<\/li>\n<\/ul>\n<p><strong>Evaluated environmental impacts:<\/strong><\/p>\n<ul>\n<li>Primary energy non-renewable (PEI n.r. [MJ]),<\/li>\n<li>Primary energy renewable (PEI r. [MJ]),<\/li>\n<li>Global warming potential (GWP [kg CO2 eq.),<\/li>\n<li>Ozone depletion potential (ODP [kg CFC11 eq.]),<\/li>\n<li>Photochemical ozone creation potential\/Summer smog (POCP [kg C2H2 eq.]),<\/li>\n<li>Acid potential (AP [kg SO2 eq.]),<\/li>\n<li>Eutrophication potential (EP [kg PO4 eq.]),<\/li>\n<li>Abiotic Depletion Potential of fossil fuels (ADPF [MJ]),<\/li>\n<li>Abiotic depletion potential for elements (ADPE [kg Sb-eq.]),<\/li>\n<li>Freshwater resources (WF [m\u00b3]).<\/li>\n<\/ul>\n<p>If desired, we extend the evaluated environmental impacts according to your needs. <div class=\"su-spacer\" style=\"height:10px\"><\/div>\n<p style=\"text-align: center;\"><a class=\"more-link\" href=\"https:\/\/tool.lca-online.com\" target=\"_blank\" rel=\"noopener\">Free Registration<\/a><\/p>\n<p style=\"text-align: center;\">Phone <a class=\"\" href=\"tel:%20711%\">+49 711 62049-342<\/a> Email <a class=\"\" href=\"mailto:service@lca-online.com\">service@lca-online.com<\/a><\/p>\n","protected":false},"excerpt":{"rendered":"<p>Our solution: The online tool for the life cycle assessment of buildings As a building owner, planner or green building auditor (DGNB, LEED, BREEAM), you will be confronted with the task of ecologically balancing buildings over their entire life cycle &#8211; from production to dismantling. The Online Software LCA Online is the solution we developed &hellip;<\/p>\n","protected":false},"author":3,"featured_media":10222,"parent":10580,"menu_order":2,"comment_status":"open","ping_status":"closed","template":"sections.php","meta":{"_genesis_hide_title":false,"_genesis_hide_breadcrumbs":false,"_genesis_hide_singular_image":false,"_genesis_hide_footer_widgets":false,"_genesis_custom_body_class":"","_genesis_custom_post_class":"","_genesis_layout":"","footnotes":""},"class_list":{"0":"post-10391","1":"page","2":"type-page","3":"status-publish","4":"has-post-thumbnail","6":"entry"},"yoast_head":"<!-- This site is optimized with the Yoast SEO plugin v26.3 - https:\/\/yoast.com\/wordpress\/plugins\/seo\/ -->\n<title>The online tool for building life cycle assessment LCA Online<\/title>\n<meta name=\"description\" content=\"The solution for building owners, planners and green building auditors: ecological balancing of entire buildings and components over their entire life cycle.\" \/>\n<meta name=\"robots\" content=\"index, follow, max-snippet:-1, max-image-preview:large, max-video-preview:-1\" \/>\n<link rel=\"canonical\" href=\"https:\/\/lca-online.com\/en\/services\/online-tool\/\" \/>\n<meta property=\"og:locale\" content=\"en_US\" \/>\n<meta property=\"og:type\" content=\"article\" \/>\n<meta property=\"og:title\" content=\"The online tool for building life cycle assessment LCA Online\" \/>\n<meta property=\"og:description\" content=\"The solution for building owners, planners and green building auditors: ecological balancing of entire buildings and components over their entire life cycle.\" \/>\n<meta property=\"og:url\" content=\"https:\/\/lca-online.com\/en\/services\/online-tool\/\" \/>\n<meta property=\"og:site_name\" content=\"LCA Online\" \/>\n<meta property=\"article:publisher\" content=\"https:\/\/de-de.facebook.com\/pages\/category\/Consulting-Agency\/HOINKA-GmbH-202893899755765\/\" \/>\n<meta property=\"article:modified_time\" content=\"2024-09-11T09:39:04+00:00\" \/>\n<meta property=\"og:image\" content=\"https:\/\/lca-online.com\/wp-content\/uploads\/pexels-kaboompics-com-6335-scaled.jpg\" \/>\n\t<meta property=\"og:image:width\" content=\"2560\" \/>\n\t<meta property=\"og:image:height\" content=\"1707\" \/>\n\t<meta property=\"og:image:type\" content=\"image\/jpeg\" \/>\n<meta name=\"twitter:card\" content=\"summary_large_image\" \/>\n<meta name=\"twitter:label1\" content=\"Est. reading time\" \/>\n\t<meta name=\"twitter:data1\" content=\"2 minutes\" \/>\n<script type=\"application\/ld+json\" class=\"yoast-schema-graph\">{\"@context\":\"https:\/\/schema.org\",\"@graph\":[{\"@type\":\"WebPage\",\"@id\":\"https:\/\/lca-online.com\/en\/services\/online-tool\/\",\"url\":\"https:\/\/lca-online.com\/en\/services\/online-tool\/\",\"name\":\"The online tool for building life cycle assessment LCA Online\",\"isPartOf\":{\"@id\":\"https:\/\/lca-online.com\/en\/#website\"},\"primaryImageOfPage\":{\"@id\":\"https:\/\/lca-online.com\/en\/services\/online-tool\/#primaryimage\"},\"image\":{\"@id\":\"https:\/\/lca-online.com\/en\/services\/online-tool\/#primaryimage\"},\"thumbnailUrl\":\"https:\/\/lca-online.com\/wp-content\/uploads\/pexels-kaboompics-com-6335-scaled.jpg\",\"datePublished\":\"2021-11-08T13:38:26+00:00\",\"dateModified\":\"2024-09-11T09:39:04+00:00\",\"description\":\"The solution for building owners, planners and green building auditors: ecological balancing of entire buildings and components over their entire life cycle.\",\"breadcrumb\":{\"@id\":\"https:\/\/lca-online.com\/en\/services\/online-tool\/#breadcrumb\"},\"inLanguage\":\"en-US\",\"potentialAction\":[{\"@type\":\"ReadAction\",\"target\":[\"https:\/\/lca-online.com\/en\/services\/online-tool\/\"]}]},{\"@type\":\"ImageObject\",\"inLanguage\":\"en-US\",\"@id\":\"https:\/\/lca-online.com\/en\/services\/online-tool\/#primaryimage\",\"url\":\"https:\/\/lca-online.com\/wp-content\/uploads\/pexels-kaboompics-com-6335-scaled.jpg\",\"contentUrl\":\"https:\/\/lca-online.com\/wp-content\/uploads\/pexels-kaboompics-com-6335-scaled.jpg\",\"width\":2560,\"height\":1707,\"caption\":\"Online Tool\"},{\"@type\":\"BreadcrumbList\",\"@id\":\"https:\/\/lca-online.com\/en\/services\/online-tool\/#breadcrumb\",\"itemListElement\":[{\"@type\":\"ListItem\",\"position\":1,\"name\":\"Home\",\"item\":\"https:\/\/lca-online.com\/en\/\"},{\"@type\":\"ListItem\",\"position\":2,\"name\":\"Services\",\"item\":\"https:\/\/lca-online.com\/en\/leistungen\/\"},{\"@type\":\"ListItem\",\"position\":3,\"name\":\"The online tool for the life cycle assessment of buildings\"}]},{\"@type\":\"WebSite\",\"@id\":\"https:\/\/lca-online.com\/en\/#website\",\"url\":\"https:\/\/lca-online.com\/en\/\",\"name\":\"LCA Online\",\"description\":\"Das Online-Tool f\u00fcr Geb\u00e4ude-\u00d6kobilanzen\",\"publisher\":{\"@id\":\"https:\/\/lca-online.com\/en\/#organization\"},\"potentialAction\":[{\"@type\":\"SearchAction\",\"target\":{\"@type\":\"EntryPoint\",\"urlTemplate\":\"https:\/\/lca-online.com\/en\/?s={search_term_string}\"},\"query-input\":{\"@type\":\"PropertyValueSpecification\",\"valueRequired\":true,\"valueName\":\"search_term_string\"}}],\"inLanguage\":\"en-US\"},{\"@type\":\"Organization\",\"@id\":\"https:\/\/lca-online.com\/en\/#organization\",\"name\":\"LCA Online\",\"url\":\"https:\/\/lca-online.com\/en\/\",\"logo\":{\"@type\":\"ImageObject\",\"inLanguage\":\"en-US\",\"@id\":\"https:\/\/lca-online.com\/en\/#\/schema\/logo\/image\/\",\"url\":\"https:\/\/lca-online.com\/wp-content\/uploads\/lca-online_sm.webp\",\"contentUrl\":\"https:\/\/lca-online.com\/wp-content\/uploads\/lca-online_sm.webp\",\"width\":350,\"height\":103,\"caption\":\"LCA Online\"},\"image\":{\"@id\":\"https:\/\/lca-online.com\/en\/#\/schema\/logo\/image\/\"},\"sameAs\":[\"https:\/\/de-de.facebook.com\/pages\/category\/Consulting-Agency\/HOINKA-GmbH-202893899755765\/\",\"https:\/\/www.linkedin.com\/company\/hoinka-gmbh?originalSubdomain=de\"]}]}<\/script>\n<!-- \/ Yoast SEO plugin. -->","yoast_head_json":{"title":"The online tool for building life cycle assessment LCA Online","description":"The solution for building owners, planners and green building auditors: ecological balancing of entire buildings and components over their entire life cycle.","robots":{"index":"index","follow":"follow","max-snippet":"max-snippet:-1","max-image-preview":"max-image-preview:large","max-video-preview":"max-video-preview:-1"},"canonical":"https:\/\/lca-online.com\/en\/services\/online-tool\/","og_locale":"en_US","og_type":"article","og_title":"The online tool for building life cycle assessment LCA Online","og_description":"The solution for building owners, planners and green building auditors: ecological balancing of entire buildings and components over their entire life cycle.","og_url":"https:\/\/lca-online.com\/en\/services\/online-tool\/","og_site_name":"LCA Online","article_publisher":"https:\/\/de-de.facebook.com\/pages\/category\/Consulting-Agency\/HOINKA-GmbH-202893899755765\/","article_modified_time":"2024-09-11T09:39:04+00:00","og_image":[{"width":2560,"height":1707,"url":"https:\/\/lca-online.com\/wp-content\/uploads\/pexels-kaboompics-com-6335-scaled.jpg","type":"image\/jpeg"}],"twitter_card":"summary_large_image","twitter_misc":{"Est. reading time":"2 minutes"},"schema":{"@context":"https:\/\/schema.org","@graph":[{"@type":"WebPage","@id":"https:\/\/lca-online.com\/en\/services\/online-tool\/","url":"https:\/\/lca-online.com\/en\/services\/online-tool\/","name":"The online tool for building life cycle assessment LCA Online","isPartOf":{"@id":"https:\/\/lca-online.com\/en\/#website"},"primaryImageOfPage":{"@id":"https:\/\/lca-online.com\/en\/services\/online-tool\/#primaryimage"},"image":{"@id":"https:\/\/lca-online.com\/en\/services\/online-tool\/#primaryimage"},"thumbnailUrl":"https:\/\/lca-online.com\/wp-content\/uploads\/pexels-kaboompics-com-6335-scaled.jpg","datePublished":"2021-11-08T13:38:26+00:00","dateModified":"2024-09-11T09:39:04+00:00","description":"The solution for building owners, planners and green building auditors: ecological balancing of entire buildings and components over their entire life cycle.","breadcrumb":{"@id":"https:\/\/lca-online.com\/en\/services\/online-tool\/#breadcrumb"},"inLanguage":"en-US","potentialAction":[{"@type":"ReadAction","target":["https:\/\/lca-online.com\/en\/services\/online-tool\/"]}]},{"@type":"ImageObject","inLanguage":"en-US","@id":"https:\/\/lca-online.com\/en\/services\/online-tool\/#primaryimage","url":"https:\/\/lca-online.com\/wp-content\/uploads\/pexels-kaboompics-com-6335-scaled.jpg","contentUrl":"https:\/\/lca-online.com\/wp-content\/uploads\/pexels-kaboompics-com-6335-scaled.jpg","width":2560,"height":1707,"caption":"Online Tool"},{"@type":"BreadcrumbList","@id":"https:\/\/lca-online.com\/en\/services\/online-tool\/#breadcrumb","itemListElement":[{"@type":"ListItem","position":1,"name":"Home","item":"https:\/\/lca-online.com\/en\/"},{"@type":"ListItem","position":2,"name":"Services","item":"https:\/\/lca-online.com\/en\/leistungen\/"},{"@type":"ListItem","position":3,"name":"The online tool for the life cycle assessment of buildings"}]},{"@type":"WebSite","@id":"https:\/\/lca-online.com\/en\/#website","url":"https:\/\/lca-online.com\/en\/","name":"LCA Online","description":"Das Online-Tool f\u00fcr Geb\u00e4ude-\u00d6kobilanzen","publisher":{"@id":"https:\/\/lca-online.com\/en\/#organization"},"potentialAction":[{"@type":"SearchAction","target":{"@type":"EntryPoint","urlTemplate":"https:\/\/lca-online.com\/en\/?s={search_term_string}"},"query-input":{"@type":"PropertyValueSpecification","valueRequired":true,"valueName":"search_term_string"}}],"inLanguage":"en-US"},{"@type":"Organization","@id":"https:\/\/lca-online.com\/en\/#organization","name":"LCA Online","url":"https:\/\/lca-online.com\/en\/","logo":{"@type":"ImageObject","inLanguage":"en-US","@id":"https:\/\/lca-online.com\/en\/#\/schema\/logo\/image\/","url":"https:\/\/lca-online.com\/wp-content\/uploads\/lca-online_sm.webp","contentUrl":"https:\/\/lca-online.com\/wp-content\/uploads\/lca-online_sm.webp","width":350,"height":103,"caption":"LCA Online"},"image":{"@id":"https:\/\/lca-online.com\/en\/#\/schema\/logo\/image\/"},"sameAs":["https:\/\/de-de.facebook.com\/pages\/category\/Consulting-Agency\/HOINKA-GmbH-202893899755765\/","https:\/\/www.linkedin.com\/company\/hoinka-gmbh?originalSubdomain=de"]}]}},"_links":{"self":[{"href":"https:\/\/lca-online.com\/en\/wp-json\/wp\/v2\/pages\/10391","targetHints":{"allow":["GET"]}}],"collection":[{"href":"https:\/\/lca-online.com\/en\/wp-json\/wp\/v2\/pages"}],"about":[{"href":"https:\/\/lca-online.com\/en\/wp-json\/wp\/v2\/types\/page"}],"author":[{"embeddable":true,"href":"https:\/\/lca-online.com\/en\/wp-json\/wp\/v2\/users\/3"}],"replies":[{"embeddable":true,"href":"https:\/\/lca-online.com\/en\/wp-json\/wp\/v2\/comments?post=10391"}],"version-history":[{"count":7,"href":"https:\/\/lca-online.com\/en\/wp-json\/wp\/v2\/pages\/10391\/revisions"}],"predecessor-version":[{"id":10811,"href":"https:\/\/lca-online.com\/en\/wp-json\/wp\/v2\/pages\/10391\/revisions\/10811"}],"up":[{"embeddable":true,"href":"https:\/\/lca-online.com\/en\/wp-json\/wp\/v2\/pages\/10580"}],"wp:featuredmedia":[{"embeddable":true,"href":"https:\/\/lca-online.com\/en\/wp-json\/wp\/v2\/media\/10222"}],"wp:attachment":[{"href":"https:\/\/lca-online.com\/en\/wp-json\/wp\/v2\/media?parent=10391"}],"curies":[{"name":"wp","href":"https:\/\/api.w.org\/{rel}","templated":true}]}}