{"id":10390,"date":"2021-11-08T14:38:23","date_gmt":"2021-11-08T13:38:23","guid":{"rendered":"https:\/\/dev.lca-online.com\/preise\/"},"modified":"2024-09-11T11:38:08","modified_gmt":"2024-09-11T09:38:08","slug":"prices","status":"publish","type":"page","link":"https:\/\/lca-online.com\/en\/services\/prices\/","title":{"rendered":"Prices"},"content":{"rendered":"<h1>Pricing of the life cycle assessment<\/h1>\n<p>Whether on your own or with our support &#8211; you have full control and an overview of costs. <div class=\"su-spacer\" style=\"height:10px\"><\/div>\n\t<a class=\"paoc-popup-click paoc-popup-cust-10631 paoc-popup-button paoc-popup-btn \" href=\"javascript:void(0);\">Contact Us<\/a>\r\n\n<img decoding=\"async\" class=\"alignnone wp-image-10664 size-full\" src=\"https:\/\/lca-online.com\/wp-content\/uploads\/LCA-Preis-Tabelle-e1683275932920.png\" alt=\"Table with the pricing of LCA-Online\" width=\"1013\" height=\"629\" srcset=\"https:\/\/lca-online.com\/wp-content\/uploads\/LCA-Preis-Tabelle-e1683275932920.png 1013w, https:\/\/lca-online.com\/wp-content\/uploads\/LCA-Preis-Tabelle-e1683275932920-300x186.png 300w, https:\/\/lca-online.com\/wp-content\/uploads\/LCA-Preis-Tabelle-e1683275932920-768x477.png 768w\" sizes=\"(max-width: 1013px) 100vw, 1013px\" \/> You can use our LCA tool to calculate building life cycle assessments free of charge and receive a PDF printout with a watermark.<br \/>\nCommercial use and detailed Excel evaluation is subject to a charge. <strong>When do projects become chargeable?<\/strong> If you want to use the tool commercially, you must activate your respective projects. Only then can you generate unrestricted PDF printouts and an Excel evaluation. This gives you the advantage that you only have to pay fees after a project has been processed. You can then update and edit the project at any time.<br \/>\nAdditional costs are only incurred if further products are added to the project. <strong>How are projects billed? <\/strong> You top up credit in your registered account. If you want to create a PDF printout, the project-specific fees will be deducted from your credit. <strong>What does a project cost? <\/strong> We charge according to the scope of the project. The fee depends on the number of balanced products within a project. We charge \u20ac4 for each product shown. If you are accounting for projects with a large number of products (&gt;150 products), the maximum amount of \u20ac600 can never be exceeded. You have full cost control. <strong>Example calculation: <\/strong> Your project contains 15 building elements with 5 products each.<br \/>\nThis means that you have included a total of 75 products in the life cycle assessment.<br \/>\nThis results in costs of exactly \u20ac300 for you.<br \/>\nIn a large project of &gt; 30 components with 5 products each, the costs remain constant at the maximum amount of 600\u20ac. <strong>Your advantages: <\/strong><\/p>\n<ul>\n<li>No investment costs<\/li>\n<li>No annual license fees<\/li>\n<li>No single user licenses<\/li>\n<li>Complete cost control<\/li>\n<li>Free updates<\/li>\n<\/ul>\n<p><strong>Do you need support in preparing life cycle assessments?<\/strong> We offer you an introduction to life cycle assessment and the use of the online software.<br \/>\nThe &#8220;Starter Package&#8221; is particularly suitable for this, in which you will be supervised by an internal LCA expert in the preparation of an LCA.<br \/>\nIn the &#8220;Starter Package&#8221;, you will learn how to prepare and create an LCA independently and then evaluate and interpret the results.<br \/>\nYou can use a project of your own choice for this.<br \/>\nIf you wish, we will be happy to prepare the entire building LCA for your project and create various evaluations and examine project comparisons, component variants or LCA optimizations. Simply contact us and we will send you an individual offer for your needs. All prices quoted above are net prices plus VAT. Value added tax. Prices and conditions are subject to change. <div class=\"su-spacer\" style=\"height:10px\"><\/div>\n<p style=\"text-align: center;\"><a class=\"more-link\" href=\"https:\/\/tool.oekobilanz-bau.de\" target=\"_blank\" rel=\"noopener\">Free Registration<\/a><\/p>\n<p style=\"text-align: center;\">Phone <a class=\"\" href=\"tel:%20711%\">+49 711 62049-342<\/a> Email <a class=\"\" href=\"mailto:service@lca-online.com\">service@lca-online.com<\/a><\/p>\n","protected":false},"excerpt":{"rendered":"<p>Pricing of the life cycle assessment Whether on your own or with our support &#8211; you have full control and an overview of costs. You can use our LCA tool to calculate building life cycle assessments free of charge and receive a PDF printout with a watermark. Commercial use and detailed Excel evaluation is subject &hellip;<\/p>\n","protected":false},"author":3,"featured_media":10665,"parent":10580,"menu_order":20,"comment_status":"open","ping_status":"closed","template":"sections.php","meta":{"_genesis_hide_title":false,"_genesis_hide_breadcrumbs":false,"_genesis_hide_singular_image":false,"_genesis_hide_footer_widgets":false,"_genesis_custom_body_class":"","_genesis_custom_post_class":"","_genesis_layout":"","footnotes":""},"class_list":{"0":"post-10390","1":"page","2":"type-page","3":"status-publish","4":"has-post-thumbnail","6":"entry"},"yoast_head":"<!-- This site is optimized with the Yoast SEO plugin v26.3 - https:\/\/yoast.com\/wordpress\/plugins\/seo\/ -->\n<title>Free building life cycle assessments? &#8211; LCA Online<\/title>\n<meta name=\"description\" content=\"Life cycle assessments can be calculated free of charge with our online tool. Contact us for prices for commercial use.\" \/>\n<meta name=\"robots\" content=\"index, follow, max-snippet:-1, max-image-preview:large, max-video-preview:-1\" \/>\n<link rel=\"canonical\" href=\"https:\/\/lca-online.com\/en\/services\/prices\/\" \/>\n<meta property=\"og:locale\" content=\"en_US\" \/>\n<meta property=\"og:type\" content=\"article\" \/>\n<meta property=\"og:title\" content=\"Free building life cycle assessments? &#8211; LCA Online\" \/>\n<meta property=\"og:description\" content=\"Life cycle assessments can be calculated free of charge with our online tool. Contact us for prices for commercial use.\" \/>\n<meta property=\"og:url\" content=\"https:\/\/lca-online.com\/en\/services\/prices\/\" \/>\n<meta property=\"og:site_name\" content=\"LCA Online\" \/>\n<meta property=\"article:publisher\" content=\"https:\/\/de-de.facebook.com\/pages\/category\/Consulting-Agency\/HOINKA-GmbH-202893899755765\/\" \/>\n<meta property=\"article:modified_time\" content=\"2024-09-11T09:38:08+00:00\" \/>\n<meta property=\"og:image\" content=\"https:\/\/lca-online.com\/wp-content\/uploads\/LCA-Preis-Tabelle-e1683275932920.png\" \/>\n\t<meta property=\"og:image:width\" content=\"1024\" \/>\n\t<meta property=\"og:image:height\" content=\"768\" \/>\n\t<meta property=\"og:image:type\" content=\"image\/png\" \/>\n<meta name=\"twitter:card\" content=\"summary_large_image\" \/>\n<meta name=\"twitter:label1\" content=\"Est. reading time\" \/>\n\t<meta name=\"twitter:data1\" content=\"2 minutes\" \/>\n<script type=\"application\/ld+json\" class=\"yoast-schema-graph\">{\"@context\":\"https:\/\/schema.org\",\"@graph\":[{\"@type\":\"WebPage\",\"@id\":\"https:\/\/lca-online.com\/en\/services\/prices\/\",\"url\":\"https:\/\/lca-online.com\/en\/services\/prices\/\",\"name\":\"Free building life cycle assessments? &#8211; LCA Online\",\"isPartOf\":{\"@id\":\"https:\/\/lca-online.com\/en\/#website\"},\"primaryImageOfPage\":{\"@id\":\"https:\/\/lca-online.com\/en\/services\/prices\/#primaryimage\"},\"image\":{\"@id\":\"https:\/\/lca-online.com\/en\/services\/prices\/#primaryimage\"},\"thumbnailUrl\":\"https:\/\/lca-online.com\/wp-content\/uploads\/LCA-Preis-Tabelle-e1683275932920.png\",\"datePublished\":\"2021-11-08T13:38:23+00:00\",\"dateModified\":\"2024-09-11T09:38:08+00:00\",\"description\":\"Life cycle assessments can be calculated free of charge with our online tool. Contact us for prices for commercial use.\",\"breadcrumb\":{\"@id\":\"https:\/\/lca-online.com\/en\/services\/prices\/#breadcrumb\"},\"inLanguage\":\"en-US\",\"potentialAction\":[{\"@type\":\"ReadAction\",\"target\":[\"https:\/\/lca-online.com\/en\/services\/prices\/\"]}]},{\"@type\":\"ImageObject\",\"inLanguage\":\"en-US\",\"@id\":\"https:\/\/lca-online.com\/en\/services\/prices\/#primaryimage\",\"url\":\"https:\/\/lca-online.com\/wp-content\/uploads\/LCA-Preis-Tabelle-e1683275932920.png\",\"contentUrl\":\"https:\/\/lca-online.com\/wp-content\/uploads\/LCA-Preis-Tabelle-e1683275932920.png\",\"width\":1024,\"height\":768,\"caption\":\"Tabelle mit der Preisgestaltung von LCA-Online\"},{\"@type\":\"BreadcrumbList\",\"@id\":\"https:\/\/lca-online.com\/en\/services\/prices\/#breadcrumb\",\"itemListElement\":[{\"@type\":\"ListItem\",\"position\":1,\"name\":\"Home\",\"item\":\"https:\/\/lca-online.com\/en\/\"},{\"@type\":\"ListItem\",\"position\":2,\"name\":\"Services\",\"item\":\"https:\/\/lca-online.com\/en\/leistungen\/\"},{\"@type\":\"ListItem\",\"position\":3,\"name\":\"Prices\"}]},{\"@type\":\"WebSite\",\"@id\":\"https:\/\/lca-online.com\/en\/#website\",\"url\":\"https:\/\/lca-online.com\/en\/\",\"name\":\"LCA Online\",\"description\":\"Das Online-Tool f\u00fcr Geb\u00e4ude-\u00d6kobilanzen\",\"publisher\":{\"@id\":\"https:\/\/lca-online.com\/en\/#organization\"},\"potentialAction\":[{\"@type\":\"SearchAction\",\"target\":{\"@type\":\"EntryPoint\",\"urlTemplate\":\"https:\/\/lca-online.com\/en\/?s={search_term_string}\"},\"query-input\":{\"@type\":\"PropertyValueSpecification\",\"valueRequired\":true,\"valueName\":\"search_term_string\"}}],\"inLanguage\":\"en-US\"},{\"@type\":\"Organization\",\"@id\":\"https:\/\/lca-online.com\/en\/#organization\",\"name\":\"LCA Online\",\"url\":\"https:\/\/lca-online.com\/en\/\",\"logo\":{\"@type\":\"ImageObject\",\"inLanguage\":\"en-US\",\"@id\":\"https:\/\/lca-online.com\/en\/#\/schema\/logo\/image\/\",\"url\":\"https:\/\/lca-online.com\/wp-content\/uploads\/lca-online_sm.webp\",\"contentUrl\":\"https:\/\/lca-online.com\/wp-content\/uploads\/lca-online_sm.webp\",\"width\":350,\"height\":103,\"caption\":\"LCA Online\"},\"image\":{\"@id\":\"https:\/\/lca-online.com\/en\/#\/schema\/logo\/image\/\"},\"sameAs\":[\"https:\/\/de-de.facebook.com\/pages\/category\/Consulting-Agency\/HOINKA-GmbH-202893899755765\/\",\"https:\/\/www.linkedin.com\/company\/hoinka-gmbh?originalSubdomain=de\"]}]}<\/script>\n<!-- \/ Yoast SEO plugin. -->","yoast_head_json":{"title":"Free building life cycle assessments? &#8211; LCA Online","description":"Life cycle assessments can be calculated free of charge with our online tool. Contact us for prices for commercial use.","robots":{"index":"index","follow":"follow","max-snippet":"max-snippet:-1","max-image-preview":"max-image-preview:large","max-video-preview":"max-video-preview:-1"},"canonical":"https:\/\/lca-online.com\/en\/services\/prices\/","og_locale":"en_US","og_type":"article","og_title":"Free building life cycle assessments? &#8211; LCA Online","og_description":"Life cycle assessments can be calculated free of charge with our online tool. Contact us for prices for commercial use.","og_url":"https:\/\/lca-online.com\/en\/services\/prices\/","og_site_name":"LCA Online","article_publisher":"https:\/\/de-de.facebook.com\/pages\/category\/Consulting-Agency\/HOINKA-GmbH-202893899755765\/","article_modified_time":"2024-09-11T09:38:08+00:00","og_image":[{"width":1024,"height":768,"url":"https:\/\/lca-online.com\/wp-content\/uploads\/LCA-Preis-Tabelle-e1683275932920.png","type":"image\/png"}],"twitter_card":"summary_large_image","twitter_misc":{"Est. reading time":"2 minutes"},"schema":{"@context":"https:\/\/schema.org","@graph":[{"@type":"WebPage","@id":"https:\/\/lca-online.com\/en\/services\/prices\/","url":"https:\/\/lca-online.com\/en\/services\/prices\/","name":"Free building life cycle assessments? &#8211; LCA Online","isPartOf":{"@id":"https:\/\/lca-online.com\/en\/#website"},"primaryImageOfPage":{"@id":"https:\/\/lca-online.com\/en\/services\/prices\/#primaryimage"},"image":{"@id":"https:\/\/lca-online.com\/en\/services\/prices\/#primaryimage"},"thumbnailUrl":"https:\/\/lca-online.com\/wp-content\/uploads\/LCA-Preis-Tabelle-e1683275932920.png","datePublished":"2021-11-08T13:38:23+00:00","dateModified":"2024-09-11T09:38:08+00:00","description":"Life cycle assessments can be calculated free of charge with our online tool. Contact us for prices for commercial use.","breadcrumb":{"@id":"https:\/\/lca-online.com\/en\/services\/prices\/#breadcrumb"},"inLanguage":"en-US","potentialAction":[{"@type":"ReadAction","target":["https:\/\/lca-online.com\/en\/services\/prices\/"]}]},{"@type":"ImageObject","inLanguage":"en-US","@id":"https:\/\/lca-online.com\/en\/services\/prices\/#primaryimage","url":"https:\/\/lca-online.com\/wp-content\/uploads\/LCA-Preis-Tabelle-e1683275932920.png","contentUrl":"https:\/\/lca-online.com\/wp-content\/uploads\/LCA-Preis-Tabelle-e1683275932920.png","width":1024,"height":768,"caption":"Tabelle mit der Preisgestaltung von LCA-Online"},{"@type":"BreadcrumbList","@id":"https:\/\/lca-online.com\/en\/services\/prices\/#breadcrumb","itemListElement":[{"@type":"ListItem","position":1,"name":"Home","item":"https:\/\/lca-online.com\/en\/"},{"@type":"ListItem","position":2,"name":"Services","item":"https:\/\/lca-online.com\/en\/leistungen\/"},{"@type":"ListItem","position":3,"name":"Prices"}]},{"@type":"WebSite","@id":"https:\/\/lca-online.com\/en\/#website","url":"https:\/\/lca-online.com\/en\/","name":"LCA Online","description":"Das Online-Tool f\u00fcr Geb\u00e4ude-\u00d6kobilanzen","publisher":{"@id":"https:\/\/lca-online.com\/en\/#organization"},"potentialAction":[{"@type":"SearchAction","target":{"@type":"EntryPoint","urlTemplate":"https:\/\/lca-online.com\/en\/?s={search_term_string}"},"query-input":{"@type":"PropertyValueSpecification","valueRequired":true,"valueName":"search_term_string"}}],"inLanguage":"en-US"},{"@type":"Organization","@id":"https:\/\/lca-online.com\/en\/#organization","name":"LCA Online","url":"https:\/\/lca-online.com\/en\/","logo":{"@type":"ImageObject","inLanguage":"en-US","@id":"https:\/\/lca-online.com\/en\/#\/schema\/logo\/image\/","url":"https:\/\/lca-online.com\/wp-content\/uploads\/lca-online_sm.webp","contentUrl":"https:\/\/lca-online.com\/wp-content\/uploads\/lca-online_sm.webp","width":350,"height":103,"caption":"LCA Online"},"image":{"@id":"https:\/\/lca-online.com\/en\/#\/schema\/logo\/image\/"},"sameAs":["https:\/\/de-de.facebook.com\/pages\/category\/Consulting-Agency\/HOINKA-GmbH-202893899755765\/","https:\/\/www.linkedin.com\/company\/hoinka-gmbh?originalSubdomain=de"]}]}},"_links":{"self":[{"href":"https:\/\/lca-online.com\/en\/wp-json\/wp\/v2\/pages\/10390","targetHints":{"allow":["GET"]}}],"collection":[{"href":"https:\/\/lca-online.com\/en\/wp-json\/wp\/v2\/pages"}],"about":[{"href":"https:\/\/lca-online.com\/en\/wp-json\/wp\/v2\/types\/page"}],"author":[{"embeddable":true,"href":"https:\/\/lca-online.com\/en\/wp-json\/wp\/v2\/users\/3"}],"replies":[{"embeddable":true,"href":"https:\/\/lca-online.com\/en\/wp-json\/wp\/v2\/comments?post=10390"}],"version-history":[{"count":11,"href":"https:\/\/lca-online.com\/en\/wp-json\/wp\/v2\/pages\/10390\/revisions"}],"predecessor-version":[{"id":10810,"href":"https:\/\/lca-online.com\/en\/wp-json\/wp\/v2\/pages\/10390\/revisions\/10810"}],"up":[{"embeddable":true,"href":"https:\/\/lca-online.com\/en\/wp-json\/wp\/v2\/pages\/10580"}],"wp:featuredmedia":[{"embeddable":true,"href":"https:\/\/lca-online.com\/en\/wp-json\/wp\/v2\/media\/10665"}],"wp:attachment":[{"href":"https:\/\/lca-online.com\/en\/wp-json\/wp\/v2\/media?parent=10390"}],"curies":[{"name":"wp","href":"https:\/\/api.w.org\/{rel}","templated":true}]}}