{"id":10274,"date":"2021-10-07T14:17:58","date_gmt":"2021-10-07T12:17:58","guid":{"rendered":"https:\/\/dev.lca-online.com\/?page_id=10274"},"modified":"2021-12-09T09:35:05","modified_gmt":"2021-12-09T08:35:05","slug":"schuster-eisensteger","status":"publish","type":"page","link":"https:\/\/lca-online.com\/en\/company\/team\/schuster-eisensteger\/","title":{"rendered":"M.Eng. <br> Ramona Veronika Schuster"},"content":{"rendered":"<h2>M.Eng. Ramona Veronika Schuster<\/h2>\n<h2><strong>BREEAM DE New Build Assessor, DGNB Auditor<\/strong><\/h2>\n<p>Energy Consultant (BAFA), WELL AP, WiredScore AP, Building Ecology, Life Cycle Assessments (LCA), Green Building Certifications (DGNB\/BNB, LEED, BREEAM, WELL), Energiy Efficiency, GEG-Verification, BEG-Funding<\/p>\n","protected":false},"excerpt":{"rendered":"<p>M.Eng. Ramona Veronika Schuster BREEAM DE New Build Assessor, DGNB Auditor Energy Consultant (BAFA), WELL AP, WiredScore AP, Building Ecology, Life Cycle Assessments (LCA), Green Building Certifications (DGNB\/BNB, LEED, BREEAM, WELL), Energiy Efficiency, GEG-Verification, BEG-Funding<\/p>\n","protected":false},"author":3,"featured_media":10084,"parent":10568,"menu_order":0,"comment_status":"open","ping_status":"closed","template":"sections.php","meta":{"_genesis_hide_title":false,"_genesis_hide_breadcrumbs":false,"_genesis_hide_singular_image":false,"_genesis_hide_footer_widgets":false,"_genesis_custom_body_class":"","_genesis_custom_post_class":"","_genesis_layout":"","footnotes":""},"class_list":{"0":"post-10274","1":"page","2":"type-page","3":"status-publish","4":"has-post-thumbnail","6":"entry"},"yoast_head":"<!-- This site is optimized with the Yoast SEO plugin v26.3 - https:\/\/yoast.com\/wordpress\/plugins\/seo\/ -->\n<title>Ramona Schuster - LEED AP DGNB Auditor BREEAM Assessor<\/title>\n<meta name=\"description\" content=\"Green Building Certification (DGNB, LEED, BREEAM), Thermal Simulations, Life-Cycle-Assessments (LCA), Building Ecology Consulting\" \/>\n<meta name=\"robots\" content=\"index, follow, max-snippet:-1, max-image-preview:large, max-video-preview:-1\" \/>\n<link rel=\"canonical\" href=\"https:\/\/lca-online.com\/en\/company\/team\/schuster-eisensteger\/\" \/>\n<meta property=\"og:locale\" content=\"en_US\" \/>\n<meta property=\"og:type\" content=\"article\" \/>\n<meta property=\"og:title\" content=\"Ramona Schuster - LEED AP DGNB Auditor BREEAM Assessor\" \/>\n<meta property=\"og:description\" content=\"Green Building Certification (DGNB, LEED, BREEAM), Thermal Simulations, Life-Cycle-Assessments (LCA), Building Ecology Consulting\" \/>\n<meta property=\"og:url\" content=\"https:\/\/lca-online.com\/en\/company\/team\/schuster-eisensteger\/\" \/>\n<meta property=\"og:site_name\" content=\"LCA Online\" \/>\n<meta property=\"article:publisher\" content=\"https:\/\/de-de.facebook.com\/pages\/category\/Consulting-Agency\/HOINKA-GmbH-202893899755765\/\" \/>\n<meta property=\"article:modified_time\" content=\"2021-12-09T08:35:05+00:00\" \/>\n<meta property=\"og:image\" content=\"https:\/\/lca-online.com\/wp-content\/uploads\/Ramona_Eisensteger_quer_V3-1800x1200.jpg-1-1536x1024-1.jpg\" \/>\n\t<meta property=\"og:image:width\" content=\"1536\" \/>\n\t<meta property=\"og:image:height\" content=\"1024\" \/>\n\t<meta property=\"og:image:type\" content=\"image\/jpeg\" \/>\n<meta name=\"twitter:card\" content=\"summary_large_image\" \/>\n<script type=\"application\/ld+json\" class=\"yoast-schema-graph\">{\"@context\":\"https:\/\/schema.org\",\"@graph\":[{\"@type\":\"WebPage\",\"@id\":\"https:\/\/lca-online.com\/en\/company\/team\/schuster-eisensteger\/\",\"url\":\"https:\/\/lca-online.com\/en\/company\/team\/schuster-eisensteger\/\",\"name\":\"Ramona Schuster - LEED AP DGNB Auditor BREEAM Assessor\",\"isPartOf\":{\"@id\":\"https:\/\/lca-online.com\/en\/#website\"},\"primaryImageOfPage\":{\"@id\":\"https:\/\/lca-online.com\/en\/company\/team\/schuster-eisensteger\/#primaryimage\"},\"image\":{\"@id\":\"https:\/\/lca-online.com\/en\/company\/team\/schuster-eisensteger\/#primaryimage\"},\"thumbnailUrl\":\"https:\/\/lca-online.com\/wp-content\/uploads\/Ramona_Eisensteger_quer_V3-1800x1200.jpg-1-1536x1024-1.jpg\",\"datePublished\":\"2021-10-07T12:17:58+00:00\",\"dateModified\":\"2021-12-09T08:35:05+00:00\",\"description\":\"Green Building Certification (DGNB, LEED, BREEAM), Thermal Simulations, Life-Cycle-Assessments (LCA), Building Ecology Consulting\",\"breadcrumb\":{\"@id\":\"https:\/\/lca-online.com\/en\/company\/team\/schuster-eisensteger\/#breadcrumb\"},\"inLanguage\":\"en-US\",\"potentialAction\":[{\"@type\":\"ReadAction\",\"target\":[\"https:\/\/lca-online.com\/en\/company\/team\/schuster-eisensteger\/\"]}]},{\"@type\":\"ImageObject\",\"inLanguage\":\"en-US\",\"@id\":\"https:\/\/lca-online.com\/en\/company\/team\/schuster-eisensteger\/#primaryimage\",\"url\":\"https:\/\/lca-online.com\/wp-content\/uploads\/Ramona_Eisensteger_quer_V3-1800x1200.jpg-1-1536x1024-1.jpg\",\"contentUrl\":\"https:\/\/lca-online.com\/wp-content\/uploads\/Ramona_Eisensteger_quer_V3-1800x1200.jpg-1-1536x1024-1.jpg\",\"width\":1536,\"height\":1024,\"caption\":\"Ramona_Eisensteger_DGNB_Consultant_Energieberater\"},{\"@type\":\"BreadcrumbList\",\"@id\":\"https:\/\/lca-online.com\/en\/company\/team\/schuster-eisensteger\/#breadcrumb\",\"itemListElement\":[{\"@type\":\"ListItem\",\"position\":1,\"name\":\"Home\",\"item\":\"https:\/\/lca-online.com\/en\/\"},{\"@type\":\"ListItem\",\"position\":2,\"name\":\"Company\",\"item\":\"https:\/\/lca-online.com\/en\/unternehmen\/\"},{\"@type\":\"ListItem\",\"position\":3,\"name\":\"Team\",\"item\":\"https:\/\/lca-online.com\/en\/unternehmen\/team\/\"},{\"@type\":\"ListItem\",\"position\":4,\"name\":\"M.Eng. Ramona Veronika Schuster\"}]},{\"@type\":\"WebSite\",\"@id\":\"https:\/\/lca-online.com\/en\/#website\",\"url\":\"https:\/\/lca-online.com\/en\/\",\"name\":\"LCA Online\",\"description\":\"Das Online-Tool f\u00fcr Geb\u00e4ude-\u00d6kobilanzen\",\"publisher\":{\"@id\":\"https:\/\/lca-online.com\/en\/#organization\"},\"potentialAction\":[{\"@type\":\"SearchAction\",\"target\":{\"@type\":\"EntryPoint\",\"urlTemplate\":\"https:\/\/lca-online.com\/en\/?s={search_term_string}\"},\"query-input\":{\"@type\":\"PropertyValueSpecification\",\"valueRequired\":true,\"valueName\":\"search_term_string\"}}],\"inLanguage\":\"en-US\"},{\"@type\":\"Organization\",\"@id\":\"https:\/\/lca-online.com\/en\/#organization\",\"name\":\"LCA Online\",\"url\":\"https:\/\/lca-online.com\/en\/\",\"logo\":{\"@type\":\"ImageObject\",\"inLanguage\":\"en-US\",\"@id\":\"https:\/\/lca-online.com\/en\/#\/schema\/logo\/image\/\",\"url\":\"https:\/\/lca-online.com\/wp-content\/uploads\/lca-online_sm.webp\",\"contentUrl\":\"https:\/\/lca-online.com\/wp-content\/uploads\/lca-online_sm.webp\",\"width\":350,\"height\":103,\"caption\":\"LCA Online\"},\"image\":{\"@id\":\"https:\/\/lca-online.com\/en\/#\/schema\/logo\/image\/\"},\"sameAs\":[\"https:\/\/de-de.facebook.com\/pages\/category\/Consulting-Agency\/HOINKA-GmbH-202893899755765\/\",\"https:\/\/www.linkedin.com\/company\/hoinka-gmbh?originalSubdomain=de\"]}]}<\/script>\n<!-- \/ Yoast SEO plugin. -->","yoast_head_json":{"title":"Ramona Schuster - LEED AP DGNB Auditor BREEAM Assessor","description":"Green Building Certification (DGNB, LEED, BREEAM), Thermal Simulations, Life-Cycle-Assessments (LCA), Building Ecology Consulting","robots":{"index":"index","follow":"follow","max-snippet":"max-snippet:-1","max-image-preview":"max-image-preview:large","max-video-preview":"max-video-preview:-1"},"canonical":"https:\/\/lca-online.com\/en\/company\/team\/schuster-eisensteger\/","og_locale":"en_US","og_type":"article","og_title":"Ramona Schuster - LEED AP DGNB Auditor BREEAM Assessor","og_description":"Green Building Certification (DGNB, LEED, BREEAM), Thermal Simulations, Life-Cycle-Assessments (LCA), Building Ecology Consulting","og_url":"https:\/\/lca-online.com\/en\/company\/team\/schuster-eisensteger\/","og_site_name":"LCA Online","article_publisher":"https:\/\/de-de.facebook.com\/pages\/category\/Consulting-Agency\/HOINKA-GmbH-202893899755765\/","article_modified_time":"2021-12-09T08:35:05+00:00","og_image":[{"width":1536,"height":1024,"url":"https:\/\/lca-online.com\/wp-content\/uploads\/Ramona_Eisensteger_quer_V3-1800x1200.jpg-1-1536x1024-1.jpg","type":"image\/jpeg"}],"twitter_card":"summary_large_image","schema":{"@context":"https:\/\/schema.org","@graph":[{"@type":"WebPage","@id":"https:\/\/lca-online.com\/en\/company\/team\/schuster-eisensteger\/","url":"https:\/\/lca-online.com\/en\/company\/team\/schuster-eisensteger\/","name":"Ramona Schuster - LEED AP DGNB Auditor BREEAM Assessor","isPartOf":{"@id":"https:\/\/lca-online.com\/en\/#website"},"primaryImageOfPage":{"@id":"https:\/\/lca-online.com\/en\/company\/team\/schuster-eisensteger\/#primaryimage"},"image":{"@id":"https:\/\/lca-online.com\/en\/company\/team\/schuster-eisensteger\/#primaryimage"},"thumbnailUrl":"https:\/\/lca-online.com\/wp-content\/uploads\/Ramona_Eisensteger_quer_V3-1800x1200.jpg-1-1536x1024-1.jpg","datePublished":"2021-10-07T12:17:58+00:00","dateModified":"2021-12-09T08:35:05+00:00","description":"Green Building Certification (DGNB, LEED, BREEAM), Thermal Simulations, Life-Cycle-Assessments (LCA), Building Ecology Consulting","breadcrumb":{"@id":"https:\/\/lca-online.com\/en\/company\/team\/schuster-eisensteger\/#breadcrumb"},"inLanguage":"en-US","potentialAction":[{"@type":"ReadAction","target":["https:\/\/lca-online.com\/en\/company\/team\/schuster-eisensteger\/"]}]},{"@type":"ImageObject","inLanguage":"en-US","@id":"https:\/\/lca-online.com\/en\/company\/team\/schuster-eisensteger\/#primaryimage","url":"https:\/\/lca-online.com\/wp-content\/uploads\/Ramona_Eisensteger_quer_V3-1800x1200.jpg-1-1536x1024-1.jpg","contentUrl":"https:\/\/lca-online.com\/wp-content\/uploads\/Ramona_Eisensteger_quer_V3-1800x1200.jpg-1-1536x1024-1.jpg","width":1536,"height":1024,"caption":"Ramona_Eisensteger_DGNB_Consultant_Energieberater"},{"@type":"BreadcrumbList","@id":"https:\/\/lca-online.com\/en\/company\/team\/schuster-eisensteger\/#breadcrumb","itemListElement":[{"@type":"ListItem","position":1,"name":"Home","item":"https:\/\/lca-online.com\/en\/"},{"@type":"ListItem","position":2,"name":"Company","item":"https:\/\/lca-online.com\/en\/unternehmen\/"},{"@type":"ListItem","position":3,"name":"Team","item":"https:\/\/lca-online.com\/en\/unternehmen\/team\/"},{"@type":"ListItem","position":4,"name":"M.Eng. Ramona Veronika Schuster"}]},{"@type":"WebSite","@id":"https:\/\/lca-online.com\/en\/#website","url":"https:\/\/lca-online.com\/en\/","name":"LCA Online","description":"Das Online-Tool f\u00fcr Geb\u00e4ude-\u00d6kobilanzen","publisher":{"@id":"https:\/\/lca-online.com\/en\/#organization"},"potentialAction":[{"@type":"SearchAction","target":{"@type":"EntryPoint","urlTemplate":"https:\/\/lca-online.com\/en\/?s={search_term_string}"},"query-input":{"@type":"PropertyValueSpecification","valueRequired":true,"valueName":"search_term_string"}}],"inLanguage":"en-US"},{"@type":"Organization","@id":"https:\/\/lca-online.com\/en\/#organization","name":"LCA Online","url":"https:\/\/lca-online.com\/en\/","logo":{"@type":"ImageObject","inLanguage":"en-US","@id":"https:\/\/lca-online.com\/en\/#\/schema\/logo\/image\/","url":"https:\/\/lca-online.com\/wp-content\/uploads\/lca-online_sm.webp","contentUrl":"https:\/\/lca-online.com\/wp-content\/uploads\/lca-online_sm.webp","width":350,"height":103,"caption":"LCA Online"},"image":{"@id":"https:\/\/lca-online.com\/en\/#\/schema\/logo\/image\/"},"sameAs":["https:\/\/de-de.facebook.com\/pages\/category\/Consulting-Agency\/HOINKA-GmbH-202893899755765\/","https:\/\/www.linkedin.com\/company\/hoinka-gmbh?originalSubdomain=de"]}]}},"_links":{"self":[{"href":"https:\/\/lca-online.com\/en\/wp-json\/wp\/v2\/pages\/10274","targetHints":{"allow":["GET"]}}],"collection":[{"href":"https:\/\/lca-online.com\/en\/wp-json\/wp\/v2\/pages"}],"about":[{"href":"https:\/\/lca-online.com\/en\/wp-json\/wp\/v2\/types\/page"}],"author":[{"embeddable":true,"href":"https:\/\/lca-online.com\/en\/wp-json\/wp\/v2\/users\/3"}],"replies":[{"embeddable":true,"href":"https:\/\/lca-online.com\/en\/wp-json\/wp\/v2\/comments?post=10274"}],"version-history":[{"count":4,"href":"https:\/\/lca-online.com\/en\/wp-json\/wp\/v2\/pages\/10274\/revisions"}],"predecessor-version":[{"id":10544,"href":"https:\/\/lca-online.com\/en\/wp-json\/wp\/v2\/pages\/10274\/revisions\/10544"}],"up":[{"embeddable":true,"href":"https:\/\/lca-online.com\/en\/wp-json\/wp\/v2\/pages\/10568"}],"wp:featuredmedia":[{"embeddable":true,"href":"https:\/\/lca-online.com\/en\/wp-json\/wp\/v2\/media\/10084"}],"wp:attachment":[{"href":"https:\/\/lca-online.com\/en\/wp-json\/wp\/v2\/media?parent=10274"}],"curies":[{"name":"wp","href":"https:\/\/api.w.org\/{rel}","templated":true}]}}