{"id":10272,"date":"2021-11-08T10:59:30","date_gmt":"2021-11-08T09:59:30","guid":{"rendered":"https:\/\/dev.lca-online.com\/?page_id=10272"},"modified":"2024-09-11T09:25:41","modified_gmt":"2024-09-11T07:25:41","slug":"esg-taxonomy-and-disclosure","status":"publish","type":"page","link":"https:\/\/lca-online.com\/en\/application\/esg-taxonomy-and-disclosure\/","title":{"rendered":"ESG \/ EU Taxonomy and Disclosure"},"content":{"rendered":"<h1>ESG \/ EU Taxonomy and Disclosure Regulation<\/h1>\n<p>for building- and real estate-activities<br \/>\n<div class=\"su-spacer\" style=\"height:10px\"><\/div>\n\t<a class=\"paoc-popup-click paoc-popup-cust-10631 paoc-popup-button paoc-popup-btn \" href=\"javascript:void(0);\">Contact Us<\/a>\r\n\nAs client and project controller you will be confronted to plan and verify your building according to the ESG criteria and the EU-Taxonomy.<\/p>\n<p>Using LCA Online you can easily calculate your building&#8217;s global warming potential at any stage of the life cycle for your new build or reconstruction of your projects. Hence, you can prove one part of the EU-Taxonomy.<\/p>\n<p><strong>EU Taxonomy &#8211; Construction of new Buildings<\/strong><\/p>\n<p><strong>Contributing to climate mitigation &#8211; Substantial contribution criteria<\/strong><\/p>\n<p>3. For buildings larger than 5000 m<sup>2 <\/sup>, the life-cycle Global Warming Potential (GWP) of the building resulting from the construction has been calculated for each stage in the life cycle and is disclosed to investors and clients on demand.<\/p>\n<p>We are happy to support you with fulfilling the ESG criteria and the EU-Taxonomy.<br \/>\n<div class=\"su-spacer\" style=\"height:10px\"><\/div>\n<p style=\"text-align: center;\"><a class=\"more-link\" href=\"https:\/\/tool.oekobilanz-bau.de\" target=\"_blank\" rel=\"noopener\">Free Registration<\/a><\/p>\n<p style=\"text-align: center;\">Phone <a class=\"\" href=\"tel:\/\/+49%20711%2062049-342\">+49 711 62049-342<\/a><br \/>\nEmail <a class=\"\" href=\"mailto:service@lca-online.com\">service@lca-online.com<\/a><\/p>\n","protected":false},"excerpt":{"rendered":"<p>ESG \/ EU Taxonomy and Disclosure Regulation for building- and real estate-activities As client and project controller you will be confronted to plan and verify your building according to the ESG criteria and the EU-Taxonomy. Using LCA Online you can easily calculate your building&#8217;s global warming potential at any stage of the life cycle for &hellip;<\/p>\n","protected":false},"author":1,"featured_media":10236,"parent":10139,"menu_order":2,"comment_status":"open","ping_status":"closed","template":"sections.php","meta":{"_genesis_hide_title":false,"_genesis_hide_breadcrumbs":false,"_genesis_hide_singular_image":false,"_genesis_hide_footer_widgets":false,"_genesis_custom_body_class":"","_genesis_custom_post_class":"","_genesis_layout":"","footnotes":""},"class_list":{"0":"post-10272","1":"page","2":"type-page","3":"status-publish","4":"has-post-thumbnail","6":"entry"},"yoast_head":"<!-- This site is optimized with the Yoast SEO plugin v26.3 - https:\/\/yoast.com\/wordpress\/plugins\/seo\/ -->\n<title>ESG \/ EU Taxonomy and Disclosure &#8211; LCA Online<\/title>\n<meta name=\"description\" content=\"Plan and verify ESG and EU taxonomy compliance - with LCA Online you can calculate the greenhouse potential of your construction project.\" \/>\n<meta name=\"robots\" content=\"index, follow, max-snippet:-1, max-image-preview:large, max-video-preview:-1\" \/>\n<link rel=\"canonical\" href=\"https:\/\/lca-online.com\/en\/application\/esg-taxonomy-and-disclosure\/\" \/>\n<meta property=\"og:locale\" content=\"en_US\" \/>\n<meta property=\"og:type\" content=\"article\" \/>\n<meta property=\"og:title\" content=\"ESG \/ EU Taxonomy and Disclosure &#8211; LCA Online\" \/>\n<meta property=\"og:description\" content=\"Plan and verify ESG and EU taxonomy compliance - with LCA Online you can calculate the greenhouse potential of your construction project.\" \/>\n<meta property=\"og:url\" content=\"https:\/\/lca-online.com\/en\/application\/esg-taxonomy-and-disclosure\/\" \/>\n<meta property=\"og:site_name\" content=\"LCA Online\" \/>\n<meta property=\"article:publisher\" content=\"https:\/\/de-de.facebook.com\/pages\/category\/Consulting-Agency\/HOINKA-GmbH-202893899755765\/\" \/>\n<meta property=\"article:modified_time\" content=\"2024-09-11T07:25:41+00:00\" \/>\n<meta property=\"og:image\" content=\"https:\/\/lca-online.com\/wp-content\/uploads\/ESG-Taxonomy-scaled.jpg\" \/>\n\t<meta property=\"og:image:width\" content=\"2560\" \/>\n\t<meta property=\"og:image:height\" content=\"2560\" \/>\n\t<meta property=\"og:image:type\" content=\"image\/jpeg\" \/>\n<meta name=\"twitter:card\" content=\"summary_large_image\" \/>\n<meta name=\"twitter:label1\" content=\"Est. reading time\" \/>\n\t<meta name=\"twitter:data1\" content=\"1 minute\" \/>\n<script type=\"application\/ld+json\" class=\"yoast-schema-graph\">{\"@context\":\"https:\/\/schema.org\",\"@graph\":[{\"@type\":\"WebPage\",\"@id\":\"https:\/\/lca-online.com\/en\/application\/esg-taxonomy-and-disclosure\/\",\"url\":\"https:\/\/lca-online.com\/en\/application\/esg-taxonomy-and-disclosure\/\",\"name\":\"ESG \/ EU Taxonomy and Disclosure &#8211; LCA Online\",\"isPartOf\":{\"@id\":\"https:\/\/lca-online.com\/en\/#website\"},\"primaryImageOfPage\":{\"@id\":\"https:\/\/lca-online.com\/en\/application\/esg-taxonomy-and-disclosure\/#primaryimage\"},\"image\":{\"@id\":\"https:\/\/lca-online.com\/en\/application\/esg-taxonomy-and-disclosure\/#primaryimage\"},\"thumbnailUrl\":\"https:\/\/lca-online.com\/wp-content\/uploads\/ESG-Taxonomy-scaled.jpg\",\"datePublished\":\"2021-11-08T09:59:30+00:00\",\"dateModified\":\"2024-09-11T07:25:41+00:00\",\"description\":\"Plan and verify ESG and EU taxonomy compliance - with LCA Online you can calculate the greenhouse potential of your construction project.\",\"breadcrumb\":{\"@id\":\"https:\/\/lca-online.com\/en\/application\/esg-taxonomy-and-disclosure\/#breadcrumb\"},\"inLanguage\":\"en-US\",\"potentialAction\":[{\"@type\":\"ReadAction\",\"target\":[\"https:\/\/lca-online.com\/en\/application\/esg-taxonomy-and-disclosure\/\"]}]},{\"@type\":\"ImageObject\",\"inLanguage\":\"en-US\",\"@id\":\"https:\/\/lca-online.com\/en\/application\/esg-taxonomy-and-disclosure\/#primaryimage\",\"url\":\"https:\/\/lca-online.com\/wp-content\/uploads\/ESG-Taxonomy-scaled.jpg\",\"contentUrl\":\"https:\/\/lca-online.com\/wp-content\/uploads\/ESG-Taxonomy-scaled.jpg\",\"width\":2560,\"height\":2560,\"caption\":\"The EU Taxonomy Logo\"},{\"@type\":\"BreadcrumbList\",\"@id\":\"https:\/\/lca-online.com\/en\/application\/esg-taxonomy-and-disclosure\/#breadcrumb\",\"itemListElement\":[{\"@type\":\"ListItem\",\"position\":1,\"name\":\"Home\",\"item\":\"https:\/\/lca-online.com\/en\/\"},{\"@type\":\"ListItem\",\"position\":2,\"name\":\"Application\",\"item\":\"https:\/\/lca-online.com\/en\/anwendung\/\"},{\"@type\":\"ListItem\",\"position\":3,\"name\":\"ESG \/ EU Taxonomy and Disclosure\"}]},{\"@type\":\"WebSite\",\"@id\":\"https:\/\/lca-online.com\/en\/#website\",\"url\":\"https:\/\/lca-online.com\/en\/\",\"name\":\"LCA Online\",\"description\":\"Das Online-Tool f\u00fcr Geb\u00e4ude-\u00d6kobilanzen\",\"publisher\":{\"@id\":\"https:\/\/lca-online.com\/en\/#organization\"},\"potentialAction\":[{\"@type\":\"SearchAction\",\"target\":{\"@type\":\"EntryPoint\",\"urlTemplate\":\"https:\/\/lca-online.com\/en\/?s={search_term_string}\"},\"query-input\":{\"@type\":\"PropertyValueSpecification\",\"valueRequired\":true,\"valueName\":\"search_term_string\"}}],\"inLanguage\":\"en-US\"},{\"@type\":\"Organization\",\"@id\":\"https:\/\/lca-online.com\/en\/#organization\",\"name\":\"LCA Online\",\"url\":\"https:\/\/lca-online.com\/en\/\",\"logo\":{\"@type\":\"ImageObject\",\"inLanguage\":\"en-US\",\"@id\":\"https:\/\/lca-online.com\/en\/#\/schema\/logo\/image\/\",\"url\":\"https:\/\/lca-online.com\/wp-content\/uploads\/lca-online_sm.webp\",\"contentUrl\":\"https:\/\/lca-online.com\/wp-content\/uploads\/lca-online_sm.webp\",\"width\":350,\"height\":103,\"caption\":\"LCA Online\"},\"image\":{\"@id\":\"https:\/\/lca-online.com\/en\/#\/schema\/logo\/image\/\"},\"sameAs\":[\"https:\/\/de-de.facebook.com\/pages\/category\/Consulting-Agency\/HOINKA-GmbH-202893899755765\/\",\"https:\/\/www.linkedin.com\/company\/hoinka-gmbh?originalSubdomain=de\"]}]}<\/script>\n<!-- \/ Yoast SEO plugin. -->","yoast_head_json":{"title":"ESG \/ EU Taxonomy and Disclosure &#8211; LCA Online","description":"Plan and verify ESG and EU taxonomy compliance - with LCA Online you can calculate the greenhouse potential of your construction project.","robots":{"index":"index","follow":"follow","max-snippet":"max-snippet:-1","max-image-preview":"max-image-preview:large","max-video-preview":"max-video-preview:-1"},"canonical":"https:\/\/lca-online.com\/en\/application\/esg-taxonomy-and-disclosure\/","og_locale":"en_US","og_type":"article","og_title":"ESG \/ EU Taxonomy and Disclosure &#8211; LCA Online","og_description":"Plan and verify ESG and EU taxonomy compliance - with LCA Online you can calculate the greenhouse potential of your construction project.","og_url":"https:\/\/lca-online.com\/en\/application\/esg-taxonomy-and-disclosure\/","og_site_name":"LCA Online","article_publisher":"https:\/\/de-de.facebook.com\/pages\/category\/Consulting-Agency\/HOINKA-GmbH-202893899755765\/","article_modified_time":"2024-09-11T07:25:41+00:00","og_image":[{"width":2560,"height":2560,"url":"https:\/\/lca-online.com\/wp-content\/uploads\/ESG-Taxonomy-scaled.jpg","type":"image\/jpeg"}],"twitter_card":"summary_large_image","twitter_misc":{"Est. reading time":"1 minute"},"schema":{"@context":"https:\/\/schema.org","@graph":[{"@type":"WebPage","@id":"https:\/\/lca-online.com\/en\/application\/esg-taxonomy-and-disclosure\/","url":"https:\/\/lca-online.com\/en\/application\/esg-taxonomy-and-disclosure\/","name":"ESG \/ EU Taxonomy and Disclosure &#8211; LCA Online","isPartOf":{"@id":"https:\/\/lca-online.com\/en\/#website"},"primaryImageOfPage":{"@id":"https:\/\/lca-online.com\/en\/application\/esg-taxonomy-and-disclosure\/#primaryimage"},"image":{"@id":"https:\/\/lca-online.com\/en\/application\/esg-taxonomy-and-disclosure\/#primaryimage"},"thumbnailUrl":"https:\/\/lca-online.com\/wp-content\/uploads\/ESG-Taxonomy-scaled.jpg","datePublished":"2021-11-08T09:59:30+00:00","dateModified":"2024-09-11T07:25:41+00:00","description":"Plan and verify ESG and EU taxonomy compliance - with LCA Online you can calculate the greenhouse potential of your construction project.","breadcrumb":{"@id":"https:\/\/lca-online.com\/en\/application\/esg-taxonomy-and-disclosure\/#breadcrumb"},"inLanguage":"en-US","potentialAction":[{"@type":"ReadAction","target":["https:\/\/lca-online.com\/en\/application\/esg-taxonomy-and-disclosure\/"]}]},{"@type":"ImageObject","inLanguage":"en-US","@id":"https:\/\/lca-online.com\/en\/application\/esg-taxonomy-and-disclosure\/#primaryimage","url":"https:\/\/lca-online.com\/wp-content\/uploads\/ESG-Taxonomy-scaled.jpg","contentUrl":"https:\/\/lca-online.com\/wp-content\/uploads\/ESG-Taxonomy-scaled.jpg","width":2560,"height":2560,"caption":"The EU Taxonomy Logo"},{"@type":"BreadcrumbList","@id":"https:\/\/lca-online.com\/en\/application\/esg-taxonomy-and-disclosure\/#breadcrumb","itemListElement":[{"@type":"ListItem","position":1,"name":"Home","item":"https:\/\/lca-online.com\/en\/"},{"@type":"ListItem","position":2,"name":"Application","item":"https:\/\/lca-online.com\/en\/anwendung\/"},{"@type":"ListItem","position":3,"name":"ESG \/ EU Taxonomy and Disclosure"}]},{"@type":"WebSite","@id":"https:\/\/lca-online.com\/en\/#website","url":"https:\/\/lca-online.com\/en\/","name":"LCA Online","description":"Das Online-Tool f\u00fcr Geb\u00e4ude-\u00d6kobilanzen","publisher":{"@id":"https:\/\/lca-online.com\/en\/#organization"},"potentialAction":[{"@type":"SearchAction","target":{"@type":"EntryPoint","urlTemplate":"https:\/\/lca-online.com\/en\/?s={search_term_string}"},"query-input":{"@type":"PropertyValueSpecification","valueRequired":true,"valueName":"search_term_string"}}],"inLanguage":"en-US"},{"@type":"Organization","@id":"https:\/\/lca-online.com\/en\/#organization","name":"LCA Online","url":"https:\/\/lca-online.com\/en\/","logo":{"@type":"ImageObject","inLanguage":"en-US","@id":"https:\/\/lca-online.com\/en\/#\/schema\/logo\/image\/","url":"https:\/\/lca-online.com\/wp-content\/uploads\/lca-online_sm.webp","contentUrl":"https:\/\/lca-online.com\/wp-content\/uploads\/lca-online_sm.webp","width":350,"height":103,"caption":"LCA Online"},"image":{"@id":"https:\/\/lca-online.com\/en\/#\/schema\/logo\/image\/"},"sameAs":["https:\/\/de-de.facebook.com\/pages\/category\/Consulting-Agency\/HOINKA-GmbH-202893899755765\/","https:\/\/www.linkedin.com\/company\/hoinka-gmbh?originalSubdomain=de"]}]}},"_links":{"self":[{"href":"https:\/\/lca-online.com\/en\/wp-json\/wp\/v2\/pages\/10272","targetHints":{"allow":["GET"]}}],"collection":[{"href":"https:\/\/lca-online.com\/en\/wp-json\/wp\/v2\/pages"}],"about":[{"href":"https:\/\/lca-online.com\/en\/wp-json\/wp\/v2\/types\/page"}],"author":[{"embeddable":true,"href":"https:\/\/lca-online.com\/en\/wp-json\/wp\/v2\/users\/1"}],"replies":[{"embeddable":true,"href":"https:\/\/lca-online.com\/en\/wp-json\/wp\/v2\/comments?post=10272"}],"version-history":[{"count":3,"href":"https:\/\/lca-online.com\/en\/wp-json\/wp\/v2\/pages\/10272\/revisions"}],"predecessor-version":[{"id":10768,"href":"https:\/\/lca-online.com\/en\/wp-json\/wp\/v2\/pages\/10272\/revisions\/10768"}],"up":[{"embeddable":true,"href":"https:\/\/lca-online.com\/en\/wp-json\/wp\/v2\/pages\/10139"}],"wp:featuredmedia":[{"embeddable":true,"href":"https:\/\/lca-online.com\/en\/wp-json\/wp\/v2\/media\/10236"}],"wp:attachment":[{"href":"https:\/\/lca-online.com\/en\/wp-json\/wp\/v2\/media?parent=10272"}],"curies":[{"name":"wp","href":"https:\/\/api.w.org\/{rel}","templated":true}]}}