{"id":10148,"date":"2024-09-11T09:59:21","date_gmt":"2024-09-11T07:59:21","guid":{"rendered":"https:\/\/dev.lca-online.com\/?page_id=10148"},"modified":"2024-09-11T10:03:52","modified_gmt":"2024-09-11T08:03:52","slug":"dgnb-life-cycle-assessment","status":"publish","type":"page","link":"https:\/\/lca-online.com\/en\/application\/dgnb-life-cycle-assessment\/","title":{"rendered":"DGNB life cycle assessment"},"content":{"rendered":"<h1>DGNB life cycle assessment with LCA-Online<\/h1>\n<p>DGNB Criterion ENV1.1 &#8211; Building Life Cycle Assessment<br \/>\n<div class=\"su-spacer\" style=\"height:10px\"><\/div>\n\t<a class=\"paoc-popup-click paoc-popup-cust-10631 paoc-popup-button paoc-popup-btn \" href=\"javascript:void(0);\">Contact Us<\/a>\r\n\n<span style=\"color: #000000;\">As DGNB auditor or planer you are confronted with assessing the buildings&#8217; entire life cycle &#8211; from production to removal. LCA-Online offers you the possibility to generate building&#8217;s life cycle assessments and component comparisons for your DGNB project.<\/span><\/p>\n<h2><span style=\"color: #000000;\">Your advantages with LCA online:<\/span><\/h2>\n<ul>\n<li><span style=\"color: #000000;\">approved LCA software for DGNB<\/span><\/li>\n<li>predefined analysis possibilities according DGNB<\/li>\n<li>preconfigured products and components for DGNB<\/li>\n<\/ul>\n<p>We have several years of experience in the preparation of life cycle assessments as we proved in many DGNB projects. We are happy to take care of the building&#8217;s entire life cycle assessment for your project and hence support you with the procedure of furnishing proof.<\/p>\n<p>With LCA Online you can prove the following criteria:<\/p>\n<h2>ENV 1.1 Life Cycle Assessment<\/h2>\n<h3>1 Life cycle assessments in planning<\/h3>\n<h4>1.1 Integration of life cycle assessments into the planning process<\/h4>\n<p>1.1.1 A life cycle assessment model for the project is generated in an early planning stage. The building varieties existing during the planning phase are opposed according to their potential ecological production- and relevant usage impact. Here, information of at least three different sectoral planners or disciplines (e. g.<br \/>\nstructural engineering, HLS planning, building physics planning, energy planning) are incorporated in the determination.<br \/>\nAt least, life cycle assessment parameters that can typically be expected for the construction (e.g. derived from studies or benchmarks) and specific values for the energy-conditioned impacts are determined and discussed within the planning team, differentiated according to operation and construction.<\/p>\n<p>1.1.2 Life cycle assessment results for the building are determined regularly accompanying the planning (adapted to the respective planning status) and according to concrete planning questions argued and (differentiated according to operation and construction) discussed within the planning team.<br \/>\nBy no later than service phase 4, the construction and all relevant building-related effects of use are integrated in the calculations, at least according to the simplified procedure.<\/p>\n<p>1.1.3 Results of the life cycle assessments for the operation phase of the building are determined beyond the legally defined framework of energy calculation. This includes, for example a differentiated consideration of the energy demand in or at the building or on the location while using the building (KIT, supply. production, (effect) lightning, &#8230;), the complete energy demand of the building technology (lift, escalator, &#8230;) or similar. The results are discussed in the planning team.<\/p>\n<h3>2 Life cycle assessment optimisation<\/h3>\n<h4>2.1 Life cycle assessment optimisation accompanying the planning (life cycle assessment variant analysis)<\/h4>\n<p>2.1.1 The effects of essential alternative decisions on the expected life cycle assessment results are calculated for the building. This is conducted as a complete consideration of the whole building. The choice of alternatives is comprehensible and offers potential for improvement. The decision for the solution that will ultimately be implemented is explained.<\/p>\n<p>2.1.2 The effects of essential decisions on the expected life cycle assessment results are determined for the building. This is performed as a partial consideration (extract) for the relevant frame of observation. The choice of alternatives is comprehensible and offers potential for improvement. Die Entscheidung f\u00fcr die schlussendlich umgesetzte L\u00f6sung wird erl\u00e4utert.<\/p>\n<h3>3 Life cycle assessment comparison calculation<\/h3>\n<p>3.1 Weighted Environmental Impacts<\/p>\n<h5>3.1.1 Building life cycle assessment results provided<\/h5>\n<h5>3.1.2 Evaluation of the building life cycle assessment results<\/h5>\n<p>By using life cycle assessment data, these emissions and consumption of resources of the whole life cycle &#8211; for production, operation and end of the building&#8217;s life &#8211; are calculated and can be evaluated on the basis of benchmarks. The environmental problems can be found in the following environmental indicators:<\/p>\n<ul>\n<li>Climate Change: Global Warming Potential, GWP<\/li>\n<li>Destruction of the stratospheric ozone layer: Ozone Layer Depletion Potential, ODP<\/li>\n<li>Summersmog, near-ground ozone: Photochemical Ozone Creation Potential, POCP<\/li>\n<li>Acidification of grounds, forrest decline and fish mortality: Acidification Potential, AP<\/li>\n<li>Overfertilisation of surface waters: Eutrophication Potential, EP<\/li>\n<li>Non-renewable primary energy expenditure (PEnr)<\/li>\n<li>Total primary energy expenditure (PEtot)<\/li>\n<li>Share of renewable primary energy<\/li>\n<li>Abiotic, non-energetic consumption of resources: abiotic depletion potential for elemental resources<\/li>\n<li>Net use of fresh water (FW)<\/li>\n<\/ul>\n<h3>4 AGENDA 2030 BONUS &#8211; CLIMATE PROTECTION GOALS<\/h3>\n<h4>4.1 Ambition to reach carbon neutrality<\/h4>\n<h5>4.1.1 Partial consideration building energy:<\/h5>\n<p>The energy demand conditioned by the building (legally defined accounting scope for buildings) is determined according to the DGNB balancing rule of the &#8220;framework for carbon neutral buildings and sites&#8221;. In this calculation, the boundary condition for the depiction of the actual usage must be adjusted to reality at the best possible rate. The generation of renewable energy at the site allows for a balanced CO2-balance in the partial consideration of the building energy, at the minimum.<\/p>\n<h5>4.1.2 Partial consideration user energy:<\/h5>\n<p>The energy demand conditioned by the user (beyond the legally defined accounting scope for buildings) is determined according to the DGNB balancing rule of the &#8220;framework for carbon neutral buildings and sites&#8221;. In this calculation, the boundary condition for the depiction of the actual usage must be adjusted to reality at the best possible rate. The<br \/>\nThe generation of renewable energy at the site allows for a balanced CO2-balance in the partial consideration of the user energy, at the minimum.<\/p>\n<h5>4.1.3 Climate-neutral operated building (&#8220;accounting scope operation&#8221;)<\/h5>\n<p>Alternative to 4.1.1 and 4.1.2 the following can be acknowledged:<br \/>\nThe total energy demand (accounting scope operation = building energy plus user energy) is determined according to the DGNB balancing rule of the &#8220;framework for carbon neutral buildings and sites&#8221;. In this calculation, the boundary condition for the depiction of the actual usage must be adjusted to reality at the best possible rate. The generation of<br \/>\nrenewable energy at the site allows for a carbon neutral operation including a balanced CO2-balance.<\/p>\n<h5>4.1.4 Environmentally friendly construction:<\/h5>\n<p>The greenhouse gas emissions for production, maintenance and end of the construction&#8217;s life calculated in sum (GWPK,actual) via a life cycle assessment according to DGNB fall below the reference value GWPK,ref for the construction by at least 50%.<\/p>\n<h5>4.1.5 Climate action roadmap for &#8220;climate neutral operated building&#8221; is reached by no later than 2040 (accounting scope &#8220;operation&#8221;):<\/h5>\n<p>A plausible climate action roadmap according to the &#8220;framework for carbon neutral buildings and sites&#8221; that causes a balanced CO2-balance, is presented for the accounting scope &#8220;operation&#8221; of the building.<\/p>\n<h5>4.1.6 Climate action roadmap for a &#8220;carbon neutral created building&#8221; (accounting framework &#8220;operation and construction&#8221;):<\/h5>\n<p>A plausible climate action roadmap according to the &#8220;framework for carbon neutral buildings and sites&#8221; that causes a balanced CO2-balance until 2050, is presented for the accounting scope &#8220;operation and construction&#8221; of the building.<\/p>\n<div class=\"su-spacer\" style=\"height:10px\"><\/div>\n<p style=\"text-align: center;\"><a class=\"more-link\" href=\"https:\/\/tool.oekobilanz-bau.de\" target=\"_blank\" rel=\"noopener\">Free Registration<\/a><\/p>\n<p style=\"text-align: center;\">Phone <a class=\"\" href=\"tel:\/\/+49%20711%2062049-342\">+49 711 62049-342<\/a><br \/>\nEmail <a class=\"\" href=\"mailto:service@lca-online.com\">service@lca-online.com<\/a><\/p>\n","protected":false},"excerpt":{"rendered":"<p>DGNB life cycle assessment with LCA-Online DGNB Criterion ENV1.1 &#8211; Building Life Cycle Assessment As DGNB auditor or planer you are confronted with assessing the buildings&#8217; entire life cycle &#8211; from production to removal. LCA-Online offers you the possibility to generate building&#8217;s life cycle assessments and component comparisons for your DGNB project. Your advantages with &hellip;<\/p>\n","protected":false},"author":1,"featured_media":10140,"parent":10139,"menu_order":0,"comment_status":"open","ping_status":"closed","template":"sections.php","meta":{"_genesis_hide_title":false,"_genesis_hide_breadcrumbs":false,"_genesis_hide_singular_image":false,"_genesis_hide_footer_widgets":false,"_genesis_custom_body_class":"","_genesis_custom_post_class":"","_genesis_layout":"","footnotes":""},"class_list":{"0":"post-10148","1":"page","2":"type-page","3":"status-publish","4":"has-post-thumbnail","6":"entry"},"yoast_head":"<!-- This site is optimized with the Yoast SEO plugin v26.3 - https:\/\/yoast.com\/wordpress\/plugins\/seo\/ -->\n<title>DGNB life cycle assessment &#8211; LCA Online<\/title>\n<meta name=\"description\" content=\"Building&#039;s life cycle assessments and component comparisons for the whole life cycle for your DGNB-project - with our approved online software.\" \/>\n<meta name=\"robots\" content=\"index, follow, max-snippet:-1, max-image-preview:large, max-video-preview:-1\" \/>\n<link rel=\"canonical\" href=\"https:\/\/lca-online.com\/en\/application\/dgnb-life-cycle-assessment\/\" \/>\n<meta property=\"og:locale\" content=\"en_US\" \/>\n<meta property=\"og:type\" content=\"article\" \/>\n<meta property=\"og:title\" content=\"DGNB life cycle assessment &#8211; LCA Online\" \/>\n<meta property=\"og:description\" content=\"Building&#039;s life cycle assessments and component comparisons for the whole life cycle for your DGNB-project - with our approved online software.\" \/>\n<meta property=\"og:url\" content=\"https:\/\/lca-online.com\/en\/application\/dgnb-life-cycle-assessment\/\" \/>\n<meta property=\"og:site_name\" content=\"LCA Online\" \/>\n<meta property=\"article:publisher\" content=\"https:\/\/de-de.facebook.com\/pages\/category\/Consulting-Agency\/HOINKA-GmbH-202893899755765\/\" \/>\n<meta property=\"article:modified_time\" content=\"2024-09-11T08:03:52+00:00\" \/>\n<meta property=\"og:image\" content=\"https:\/\/lca-online.com\/wp-content\/uploads\/DGNB-4zu3.png\" \/>\n\t<meta property=\"og:image:width\" content=\"1107\" \/>\n\t<meta property=\"og:image:height\" content=\"830\" \/>\n\t<meta property=\"og:image:type\" content=\"image\/png\" \/>\n<meta name=\"twitter:card\" content=\"summary_large_image\" \/>\n<meta name=\"twitter:label1\" content=\"Est. reading time\" \/>\n\t<meta name=\"twitter:data1\" content=\"5 minutes\" \/>\n<script type=\"application\/ld+json\" class=\"yoast-schema-graph\">{\"@context\":\"https:\/\/schema.org\",\"@graph\":[{\"@type\":\"WebPage\",\"@id\":\"https:\/\/lca-online.com\/en\/application\/dgnb-life-cycle-assessment\/\",\"url\":\"https:\/\/lca-online.com\/en\/application\/dgnb-life-cycle-assessment\/\",\"name\":\"DGNB life cycle assessment &#8211; LCA Online\",\"isPartOf\":{\"@id\":\"https:\/\/lca-online.com\/en\/#website\"},\"primaryImageOfPage\":{\"@id\":\"https:\/\/lca-online.com\/en\/application\/dgnb-life-cycle-assessment\/#primaryimage\"},\"image\":{\"@id\":\"https:\/\/lca-online.com\/en\/application\/dgnb-life-cycle-assessment\/#primaryimage\"},\"thumbnailUrl\":\"https:\/\/lca-online.com\/wp-content\/uploads\/DGNB-4zu3.png\",\"datePublished\":\"2024-09-11T07:59:21+00:00\",\"dateModified\":\"2024-09-11T08:03:52+00:00\",\"description\":\"Building's life cycle assessments and component comparisons for the whole life cycle for your DGNB-project - with our approved online software.\",\"breadcrumb\":{\"@id\":\"https:\/\/lca-online.com\/en\/application\/dgnb-life-cycle-assessment\/#breadcrumb\"},\"inLanguage\":\"en-US\",\"potentialAction\":[{\"@type\":\"ReadAction\",\"target\":[\"https:\/\/lca-online.com\/en\/application\/dgnb-life-cycle-assessment\/\"]}]},{\"@type\":\"ImageObject\",\"inLanguage\":\"en-US\",\"@id\":\"https:\/\/lca-online.com\/en\/application\/dgnb-life-cycle-assessment\/#primaryimage\",\"url\":\"https:\/\/lca-online.com\/wp-content\/uploads\/DGNB-4zu3.png\",\"contentUrl\":\"https:\/\/lca-online.com\/wp-content\/uploads\/DGNB-4zu3.png\",\"width\":1107,\"height\":830,\"caption\":\"DGNB Produktlabel wei\u00dfe Schrift auf blauem Hintergrund\"},{\"@type\":\"BreadcrumbList\",\"@id\":\"https:\/\/lca-online.com\/en\/application\/dgnb-life-cycle-assessment\/#breadcrumb\",\"itemListElement\":[{\"@type\":\"ListItem\",\"position\":1,\"name\":\"Home\",\"item\":\"https:\/\/lca-online.com\/en\/\"},{\"@type\":\"ListItem\",\"position\":2,\"name\":\"Application\",\"item\":\"https:\/\/lca-online.com\/en\/anwendung\/\"},{\"@type\":\"ListItem\",\"position\":3,\"name\":\"DGNB life cycle assessment\"}]},{\"@type\":\"WebSite\",\"@id\":\"https:\/\/lca-online.com\/en\/#website\",\"url\":\"https:\/\/lca-online.com\/en\/\",\"name\":\"LCA Online\",\"description\":\"Das Online-Tool f\u00fcr Geb\u00e4ude-\u00d6kobilanzen\",\"publisher\":{\"@id\":\"https:\/\/lca-online.com\/en\/#organization\"},\"potentialAction\":[{\"@type\":\"SearchAction\",\"target\":{\"@type\":\"EntryPoint\",\"urlTemplate\":\"https:\/\/lca-online.com\/en\/?s={search_term_string}\"},\"query-input\":{\"@type\":\"PropertyValueSpecification\",\"valueRequired\":true,\"valueName\":\"search_term_string\"}}],\"inLanguage\":\"en-US\"},{\"@type\":\"Organization\",\"@id\":\"https:\/\/lca-online.com\/en\/#organization\",\"name\":\"LCA Online\",\"url\":\"https:\/\/lca-online.com\/en\/\",\"logo\":{\"@type\":\"ImageObject\",\"inLanguage\":\"en-US\",\"@id\":\"https:\/\/lca-online.com\/en\/#\/schema\/logo\/image\/\",\"url\":\"https:\/\/lca-online.com\/wp-content\/uploads\/lca-online_sm.webp\",\"contentUrl\":\"https:\/\/lca-online.com\/wp-content\/uploads\/lca-online_sm.webp\",\"width\":350,\"height\":103,\"caption\":\"LCA Online\"},\"image\":{\"@id\":\"https:\/\/lca-online.com\/en\/#\/schema\/logo\/image\/\"},\"sameAs\":[\"https:\/\/de-de.facebook.com\/pages\/category\/Consulting-Agency\/HOINKA-GmbH-202893899755765\/\",\"https:\/\/www.linkedin.com\/company\/hoinka-gmbh?originalSubdomain=de\"]}]}<\/script>\n<!-- \/ Yoast SEO plugin. -->","yoast_head_json":{"title":"DGNB life cycle assessment &#8211; LCA Online","description":"Building's life cycle assessments and component comparisons for the whole life cycle for your DGNB-project - with our approved online software.","robots":{"index":"index","follow":"follow","max-snippet":"max-snippet:-1","max-image-preview":"max-image-preview:large","max-video-preview":"max-video-preview:-1"},"canonical":"https:\/\/lca-online.com\/en\/application\/dgnb-life-cycle-assessment\/","og_locale":"en_US","og_type":"article","og_title":"DGNB life cycle assessment &#8211; LCA Online","og_description":"Building's life cycle assessments and component comparisons for the whole life cycle for your DGNB-project - with our approved online software.","og_url":"https:\/\/lca-online.com\/en\/application\/dgnb-life-cycle-assessment\/","og_site_name":"LCA Online","article_publisher":"https:\/\/de-de.facebook.com\/pages\/category\/Consulting-Agency\/HOINKA-GmbH-202893899755765\/","article_modified_time":"2024-09-11T08:03:52+00:00","og_image":[{"width":1107,"height":830,"url":"https:\/\/lca-online.com\/wp-content\/uploads\/DGNB-4zu3.png","type":"image\/png"}],"twitter_card":"summary_large_image","twitter_misc":{"Est. reading time":"5 minutes"},"schema":{"@context":"https:\/\/schema.org","@graph":[{"@type":"WebPage","@id":"https:\/\/lca-online.com\/en\/application\/dgnb-life-cycle-assessment\/","url":"https:\/\/lca-online.com\/en\/application\/dgnb-life-cycle-assessment\/","name":"DGNB life cycle assessment &#8211; LCA Online","isPartOf":{"@id":"https:\/\/lca-online.com\/en\/#website"},"primaryImageOfPage":{"@id":"https:\/\/lca-online.com\/en\/application\/dgnb-life-cycle-assessment\/#primaryimage"},"image":{"@id":"https:\/\/lca-online.com\/en\/application\/dgnb-life-cycle-assessment\/#primaryimage"},"thumbnailUrl":"https:\/\/lca-online.com\/wp-content\/uploads\/DGNB-4zu3.png","datePublished":"2024-09-11T07:59:21+00:00","dateModified":"2024-09-11T08:03:52+00:00","description":"Building's life cycle assessments and component comparisons for the whole life cycle for your DGNB-project - with our approved online software.","breadcrumb":{"@id":"https:\/\/lca-online.com\/en\/application\/dgnb-life-cycle-assessment\/#breadcrumb"},"inLanguage":"en-US","potentialAction":[{"@type":"ReadAction","target":["https:\/\/lca-online.com\/en\/application\/dgnb-life-cycle-assessment\/"]}]},{"@type":"ImageObject","inLanguage":"en-US","@id":"https:\/\/lca-online.com\/en\/application\/dgnb-life-cycle-assessment\/#primaryimage","url":"https:\/\/lca-online.com\/wp-content\/uploads\/DGNB-4zu3.png","contentUrl":"https:\/\/lca-online.com\/wp-content\/uploads\/DGNB-4zu3.png","width":1107,"height":830,"caption":"DGNB Produktlabel wei\u00dfe Schrift auf blauem Hintergrund"},{"@type":"BreadcrumbList","@id":"https:\/\/lca-online.com\/en\/application\/dgnb-life-cycle-assessment\/#breadcrumb","itemListElement":[{"@type":"ListItem","position":1,"name":"Home","item":"https:\/\/lca-online.com\/en\/"},{"@type":"ListItem","position":2,"name":"Application","item":"https:\/\/lca-online.com\/en\/anwendung\/"},{"@type":"ListItem","position":3,"name":"DGNB life cycle assessment"}]},{"@type":"WebSite","@id":"https:\/\/lca-online.com\/en\/#website","url":"https:\/\/lca-online.com\/en\/","name":"LCA Online","description":"Das Online-Tool f\u00fcr Geb\u00e4ude-\u00d6kobilanzen","publisher":{"@id":"https:\/\/lca-online.com\/en\/#organization"},"potentialAction":[{"@type":"SearchAction","target":{"@type":"EntryPoint","urlTemplate":"https:\/\/lca-online.com\/en\/?s={search_term_string}"},"query-input":{"@type":"PropertyValueSpecification","valueRequired":true,"valueName":"search_term_string"}}],"inLanguage":"en-US"},{"@type":"Organization","@id":"https:\/\/lca-online.com\/en\/#organization","name":"LCA Online","url":"https:\/\/lca-online.com\/en\/","logo":{"@type":"ImageObject","inLanguage":"en-US","@id":"https:\/\/lca-online.com\/en\/#\/schema\/logo\/image\/","url":"https:\/\/lca-online.com\/wp-content\/uploads\/lca-online_sm.webp","contentUrl":"https:\/\/lca-online.com\/wp-content\/uploads\/lca-online_sm.webp","width":350,"height":103,"caption":"LCA Online"},"image":{"@id":"https:\/\/lca-online.com\/en\/#\/schema\/logo\/image\/"},"sameAs":["https:\/\/de-de.facebook.com\/pages\/category\/Consulting-Agency\/HOINKA-GmbH-202893899755765\/","https:\/\/www.linkedin.com\/company\/hoinka-gmbh?originalSubdomain=de"]}]}},"_links":{"self":[{"href":"https:\/\/lca-online.com\/en\/wp-json\/wp\/v2\/pages\/10148","targetHints":{"allow":["GET"]}}],"collection":[{"href":"https:\/\/lca-online.com\/en\/wp-json\/wp\/v2\/pages"}],"about":[{"href":"https:\/\/lca-online.com\/en\/wp-json\/wp\/v2\/types\/page"}],"author":[{"embeddable":true,"href":"https:\/\/lca-online.com\/en\/wp-json\/wp\/v2\/users\/1"}],"replies":[{"embeddable":true,"href":"https:\/\/lca-online.com\/en\/wp-json\/wp\/v2\/comments?post=10148"}],"version-history":[{"count":3,"href":"https:\/\/lca-online.com\/en\/wp-json\/wp\/v2\/pages\/10148\/revisions"}],"predecessor-version":[{"id":10775,"href":"https:\/\/lca-online.com\/en\/wp-json\/wp\/v2\/pages\/10148\/revisions\/10775"}],"up":[{"embeddable":true,"href":"https:\/\/lca-online.com\/en\/wp-json\/wp\/v2\/pages\/10139"}],"wp:featuredmedia":[{"embeddable":true,"href":"https:\/\/lca-online.com\/en\/wp-json\/wp\/v2\/media\/10140"}],"wp:attachment":[{"href":"https:\/\/lca-online.com\/en\/wp-json\/wp\/v2\/media?parent=10148"}],"curies":[{"name":"wp","href":"https:\/\/api.w.org\/{rel}","templated":true}]}}