{"id":10142,"date":"2021-10-01T12:33:56","date_gmt":"2021-10-01T10:33:56","guid":{"rendered":"https:\/\/dev.lca-online.com\/?page_id=10142"},"modified":"2024-09-11T09:26:01","modified_gmt":"2024-09-11T07:26:01","slug":"levels","status":"publish","type":"page","link":"https:\/\/lca-online.com\/en\/application\/levels\/","title":{"rendered":"Level(s)"},"content":{"rendered":"<h1>Level(s) &#8211; Greenhouse Potential Analysis<\/h1>\n<p>EU assessment- and report-frame for the sustainability performance of buildings<br \/>\n<div class=\"su-spacer\" style=\"height:10px\"><\/div>\n\t<a class=\"paoc-popup-click paoc-popup-cust-10631 paoc-popup-button paoc-popup-btn \" href=\"javascript:void(0);\">Contact Us<\/a>\r\n\nThe Level(s) assessment- and report-frame offers a common basis at EU level to make sustainability of buildings measurable. It considers the following categories:<\/p>\n<ul>\n<li>Greenhouse- and air containment emissions along the life cycle<\/li>\n<li>Ressource-efficient and circular material life cycle<\/li>\n<li>Efficient use of water ressources<\/li>\n<li>Healthy and comfortable rooms<\/li>\n<li>Adjustment and resilience to climate change<\/li>\n<li>Optimised life cycle costs and value<\/li>\n<\/ul>\n<p>The Online Software <em>LCA Online<\/em> offers you the possibility to analyse and document your building&#8217;s greenhouse gas potential according to Level(s).<\/p>\n<p><strong>Your advantages:<\/strong><\/p>\n<ul>\n<li>Quick and easy preparation of life cycle assessments according to Level(s) for every volume<\/li>\n<li>Using diverse assessment and depiction possibilities<\/li>\n<li>Decision guidance to choose building material and constructions<\/li>\n<\/ul>\n<p><strong>Level(s) indicator 1.2: Life cycle Global Warming Potential (GWP)<\/strong><\/p>\n<p>This indicator aims to quantify a building&#8217;s contribution to the global warming potential (GWP) along its life cycle from &#8220;cradle&#8221; (extraction of resources used during the construction of the building) to &#8220;grave&#8221; (removal of the building) and its dealing with the building material, i.e. retrieval, reuse, recycling and disposal.<br \/>\nThis indicator merges the CO2-emissions contained in the building material with the direct and indirect CO2 emissions arising from usage (e.g. energy and water usage). Cradle-to-Grave-Thinking allows for building design solutions that seek the optimal balance between the contained carbon and the carbon emissions during the usage phase. Especially with embodied carbon, it is important to realise that buildings are a substantial material bank, because for decades they are a stock for carbon-intensive resources which create life.<\/p>\n<p>This indicator measures the greenhouse gas emissions (GHG) of different phases of the life cycle associated with the building. Hence, it measures the building&#8217;s contribution to emissions, which add to global warming, and the associated effects on climate change. This is also called carbon footprint assessment.<\/p>\n<div class=\"su-spacer\" style=\"height:10px\"><\/div>\n<p style=\"text-align: center;\"><a class=\"more-link\" href=\"https:\/\/tool.lca-online.com\" target=\"_blank\" rel=\"noopener\">Free Registration<\/a><\/p>\n<p style=\"text-align: center;\">Phone <a class=\"\" href=\"tel:\/\/+49%20711%2062049-342\">+49 711 62049-342<\/a><br \/>\nEmail <a class=\"\" href=\"mailto:service@lca-online.com\">service@lca-online.com<\/a><\/p>\n","protected":false},"excerpt":{"rendered":"<p>Level(s) &#8211; Greenhouse Potential Analysis EU assessment- and report-frame for the sustainability performance of buildings The Level(s) assessment- and report-frame offers a common basis at EU level to make sustainability of buildings measurable. It considers the following categories: Greenhouse- and air containment emissions along the life cycle Ressource-efficient and circular material life cycle Efficient use &hellip;<\/p>\n","protected":false},"author":1,"featured_media":10143,"parent":10139,"menu_order":2,"comment_status":"open","ping_status":"closed","template":"sections.php","meta":{"_genesis_hide_title":false,"_genesis_hide_breadcrumbs":false,"_genesis_hide_singular_image":false,"_genesis_hide_footer_widgets":false,"_genesis_custom_body_class":"","_genesis_custom_post_class":"","_genesis_layout":"","footnotes":""},"class_list":{"0":"post-10142","1":"page","2":"type-page","3":"status-publish","4":"has-post-thumbnail","6":"entry"},"yoast_head":"<!-- This site is optimized with the Yoast SEO plugin v26.3 - https:\/\/yoast.com\/wordpress\/plugins\/seo\/ -->\n<title>Level(s) - Sustainability Performance of Buildings &#8211; LCA Online<\/title>\n<meta name=\"description\" content=\"Find out more about Level(s), an EU-initiative to create a common ground for sustainability in the building sector. #BuildCircular\" \/>\n<meta name=\"robots\" content=\"index, follow, max-snippet:-1, max-image-preview:large, max-video-preview:-1\" \/>\n<link rel=\"canonical\" href=\"https:\/\/lca-online.com\/en\/application\/levels\/\" \/>\n<meta property=\"og:locale\" content=\"en_US\" \/>\n<meta property=\"og:type\" content=\"article\" \/>\n<meta property=\"og:title\" content=\"Level(s) - Sustainability Performance of Buildings &#8211; LCA Online\" \/>\n<meta property=\"og:description\" content=\"Find out more about Level(s), an EU-initiative to create a common ground for sustainability in the building sector. #BuildCircular\" \/>\n<meta property=\"og:url\" content=\"https:\/\/lca-online.com\/en\/application\/levels\/\" \/>\n<meta property=\"og:site_name\" content=\"LCA Online\" \/>\n<meta property=\"article:publisher\" content=\"https:\/\/de-de.facebook.com\/pages\/category\/Consulting-Agency\/HOINKA-GmbH-202893899755765\/\" \/>\n<meta property=\"article:modified_time\" content=\"2024-09-11T07:26:01+00:00\" \/>\n<meta property=\"og:image\" content=\"https:\/\/lca-online.com\/wp-content\/uploads\/Levels-scaled.jpg\" \/>\n\t<meta property=\"og:image:width\" content=\"2560\" \/>\n\t<meta property=\"og:image:height\" content=\"2556\" \/>\n\t<meta property=\"og:image:type\" content=\"image\/jpeg\" \/>\n<meta name=\"twitter:card\" content=\"summary_large_image\" \/>\n<meta name=\"twitter:label1\" content=\"Est. reading time\" \/>\n\t<meta name=\"twitter:data1\" content=\"2 minutes\" \/>\n<script type=\"application\/ld+json\" class=\"yoast-schema-graph\">{\"@context\":\"https:\/\/schema.org\",\"@graph\":[{\"@type\":\"WebPage\",\"@id\":\"https:\/\/lca-online.com\/en\/application\/levels\/\",\"url\":\"https:\/\/lca-online.com\/en\/application\/levels\/\",\"name\":\"Level(s) - Sustainability Performance of Buildings &#8211; LCA Online\",\"isPartOf\":{\"@id\":\"https:\/\/lca-online.com\/en\/#website\"},\"primaryImageOfPage\":{\"@id\":\"https:\/\/lca-online.com\/en\/application\/levels\/#primaryimage\"},\"image\":{\"@id\":\"https:\/\/lca-online.com\/en\/application\/levels\/#primaryimage\"},\"thumbnailUrl\":\"https:\/\/lca-online.com\/wp-content\/uploads\/Levels-scaled.jpg\",\"datePublished\":\"2021-10-01T10:33:56+00:00\",\"dateModified\":\"2024-09-11T07:26:01+00:00\",\"description\":\"Find out more about Level(s), an EU-initiative to create a common ground for sustainability in the building sector. #BuildCircular\",\"breadcrumb\":{\"@id\":\"https:\/\/lca-online.com\/en\/application\/levels\/#breadcrumb\"},\"inLanguage\":\"en-US\",\"potentialAction\":[{\"@type\":\"ReadAction\",\"target\":[\"https:\/\/lca-online.com\/en\/application\/levels\/\"]}]},{\"@type\":\"ImageObject\",\"inLanguage\":\"en-US\",\"@id\":\"https:\/\/lca-online.com\/en\/application\/levels\/#primaryimage\",\"url\":\"https:\/\/lca-online.com\/wp-content\/uploads\/Levels-scaled.jpg\",\"contentUrl\":\"https:\/\/lca-online.com\/wp-content\/uploads\/Levels-scaled.jpg\",\"width\":2560,\"height\":2556,\"caption\":\"Europ\u00e4ische Kommission-Logo und die Worte \\\"Levels\\\"\"},{\"@type\":\"BreadcrumbList\",\"@id\":\"https:\/\/lca-online.com\/en\/application\/levels\/#breadcrumb\",\"itemListElement\":[{\"@type\":\"ListItem\",\"position\":1,\"name\":\"Home\",\"item\":\"https:\/\/lca-online.com\/en\/\"},{\"@type\":\"ListItem\",\"position\":2,\"name\":\"Application\",\"item\":\"https:\/\/lca-online.com\/en\/anwendung\/\"},{\"@type\":\"ListItem\",\"position\":3,\"name\":\"Level(s)\"}]},{\"@type\":\"WebSite\",\"@id\":\"https:\/\/lca-online.com\/en\/#website\",\"url\":\"https:\/\/lca-online.com\/en\/\",\"name\":\"LCA Online\",\"description\":\"Das Online-Tool f\u00fcr Geb\u00e4ude-\u00d6kobilanzen\",\"publisher\":{\"@id\":\"https:\/\/lca-online.com\/en\/#organization\"},\"potentialAction\":[{\"@type\":\"SearchAction\",\"target\":{\"@type\":\"EntryPoint\",\"urlTemplate\":\"https:\/\/lca-online.com\/en\/?s={search_term_string}\"},\"query-input\":{\"@type\":\"PropertyValueSpecification\",\"valueRequired\":true,\"valueName\":\"search_term_string\"}}],\"inLanguage\":\"en-US\"},{\"@type\":\"Organization\",\"@id\":\"https:\/\/lca-online.com\/en\/#organization\",\"name\":\"LCA Online\",\"url\":\"https:\/\/lca-online.com\/en\/\",\"logo\":{\"@type\":\"ImageObject\",\"inLanguage\":\"en-US\",\"@id\":\"https:\/\/lca-online.com\/en\/#\/schema\/logo\/image\/\",\"url\":\"https:\/\/lca-online.com\/wp-content\/uploads\/lca-online_sm.webp\",\"contentUrl\":\"https:\/\/lca-online.com\/wp-content\/uploads\/lca-online_sm.webp\",\"width\":350,\"height\":103,\"caption\":\"LCA Online\"},\"image\":{\"@id\":\"https:\/\/lca-online.com\/en\/#\/schema\/logo\/image\/\"},\"sameAs\":[\"https:\/\/de-de.facebook.com\/pages\/category\/Consulting-Agency\/HOINKA-GmbH-202893899755765\/\",\"https:\/\/www.linkedin.com\/company\/hoinka-gmbh?originalSubdomain=de\"]}]}<\/script>\n<!-- \/ Yoast SEO plugin. -->","yoast_head_json":{"title":"Level(s) - Sustainability Performance of Buildings &#8211; LCA Online","description":"Find out more about Level(s), an EU-initiative to create a common ground for sustainability in the building sector. #BuildCircular","robots":{"index":"index","follow":"follow","max-snippet":"max-snippet:-1","max-image-preview":"max-image-preview:large","max-video-preview":"max-video-preview:-1"},"canonical":"https:\/\/lca-online.com\/en\/application\/levels\/","og_locale":"en_US","og_type":"article","og_title":"Level(s) - Sustainability Performance of Buildings &#8211; LCA Online","og_description":"Find out more about Level(s), an EU-initiative to create a common ground for sustainability in the building sector. #BuildCircular","og_url":"https:\/\/lca-online.com\/en\/application\/levels\/","og_site_name":"LCA Online","article_publisher":"https:\/\/de-de.facebook.com\/pages\/category\/Consulting-Agency\/HOINKA-GmbH-202893899755765\/","article_modified_time":"2024-09-11T07:26:01+00:00","og_image":[{"width":2560,"height":2556,"url":"https:\/\/lca-online.com\/wp-content\/uploads\/Levels-scaled.jpg","type":"image\/jpeg"}],"twitter_card":"summary_large_image","twitter_misc":{"Est. reading time":"2 minutes"},"schema":{"@context":"https:\/\/schema.org","@graph":[{"@type":"WebPage","@id":"https:\/\/lca-online.com\/en\/application\/levels\/","url":"https:\/\/lca-online.com\/en\/application\/levels\/","name":"Level(s) - Sustainability Performance of Buildings &#8211; LCA Online","isPartOf":{"@id":"https:\/\/lca-online.com\/en\/#website"},"primaryImageOfPage":{"@id":"https:\/\/lca-online.com\/en\/application\/levels\/#primaryimage"},"image":{"@id":"https:\/\/lca-online.com\/en\/application\/levels\/#primaryimage"},"thumbnailUrl":"https:\/\/lca-online.com\/wp-content\/uploads\/Levels-scaled.jpg","datePublished":"2021-10-01T10:33:56+00:00","dateModified":"2024-09-11T07:26:01+00:00","description":"Find out more about Level(s), an EU-initiative to create a common ground for sustainability in the building sector. #BuildCircular","breadcrumb":{"@id":"https:\/\/lca-online.com\/en\/application\/levels\/#breadcrumb"},"inLanguage":"en-US","potentialAction":[{"@type":"ReadAction","target":["https:\/\/lca-online.com\/en\/application\/levels\/"]}]},{"@type":"ImageObject","inLanguage":"en-US","@id":"https:\/\/lca-online.com\/en\/application\/levels\/#primaryimage","url":"https:\/\/lca-online.com\/wp-content\/uploads\/Levels-scaled.jpg","contentUrl":"https:\/\/lca-online.com\/wp-content\/uploads\/Levels-scaled.jpg","width":2560,"height":2556,"caption":"Europ\u00e4ische Kommission-Logo und die Worte \"Levels\""},{"@type":"BreadcrumbList","@id":"https:\/\/lca-online.com\/en\/application\/levels\/#breadcrumb","itemListElement":[{"@type":"ListItem","position":1,"name":"Home","item":"https:\/\/lca-online.com\/en\/"},{"@type":"ListItem","position":2,"name":"Application","item":"https:\/\/lca-online.com\/en\/anwendung\/"},{"@type":"ListItem","position":3,"name":"Level(s)"}]},{"@type":"WebSite","@id":"https:\/\/lca-online.com\/en\/#website","url":"https:\/\/lca-online.com\/en\/","name":"LCA Online","description":"Das Online-Tool f\u00fcr Geb\u00e4ude-\u00d6kobilanzen","publisher":{"@id":"https:\/\/lca-online.com\/en\/#organization"},"potentialAction":[{"@type":"SearchAction","target":{"@type":"EntryPoint","urlTemplate":"https:\/\/lca-online.com\/en\/?s={search_term_string}"},"query-input":{"@type":"PropertyValueSpecification","valueRequired":true,"valueName":"search_term_string"}}],"inLanguage":"en-US"},{"@type":"Organization","@id":"https:\/\/lca-online.com\/en\/#organization","name":"LCA Online","url":"https:\/\/lca-online.com\/en\/","logo":{"@type":"ImageObject","inLanguage":"en-US","@id":"https:\/\/lca-online.com\/en\/#\/schema\/logo\/image\/","url":"https:\/\/lca-online.com\/wp-content\/uploads\/lca-online_sm.webp","contentUrl":"https:\/\/lca-online.com\/wp-content\/uploads\/lca-online_sm.webp","width":350,"height":103,"caption":"LCA Online"},"image":{"@id":"https:\/\/lca-online.com\/en\/#\/schema\/logo\/image\/"},"sameAs":["https:\/\/de-de.facebook.com\/pages\/category\/Consulting-Agency\/HOINKA-GmbH-202893899755765\/","https:\/\/www.linkedin.com\/company\/hoinka-gmbh?originalSubdomain=de"]}]}},"_links":{"self":[{"href":"https:\/\/lca-online.com\/en\/wp-json\/wp\/v2\/pages\/10142","targetHints":{"allow":["GET"]}}],"collection":[{"href":"https:\/\/lca-online.com\/en\/wp-json\/wp\/v2\/pages"}],"about":[{"href":"https:\/\/lca-online.com\/en\/wp-json\/wp\/v2\/types\/page"}],"author":[{"embeddable":true,"href":"https:\/\/lca-online.com\/en\/wp-json\/wp\/v2\/users\/1"}],"replies":[{"embeddable":true,"href":"https:\/\/lca-online.com\/en\/wp-json\/wp\/v2\/comments?post=10142"}],"version-history":[{"count":4,"href":"https:\/\/lca-online.com\/en\/wp-json\/wp\/v2\/pages\/10142\/revisions"}],"predecessor-version":[{"id":10769,"href":"https:\/\/lca-online.com\/en\/wp-json\/wp\/v2\/pages\/10142\/revisions\/10769"}],"up":[{"embeddable":true,"href":"https:\/\/lca-online.com\/en\/wp-json\/wp\/v2\/pages\/10139"}],"wp:featuredmedia":[{"embeddable":true,"href":"https:\/\/lca-online.com\/en\/wp-json\/wp\/v2\/media\/10143"}],"wp:attachment":[{"href":"https:\/\/lca-online.com\/en\/wp-json\/wp\/v2\/media?parent=10142"}],"curies":[{"name":"wp","href":"https:\/\/api.w.org\/{rel}","templated":true}]}}