{"id":10129,"date":"2021-09-29T11:55:10","date_gmt":"2021-09-29T09:55:10","guid":{"rendered":"https:\/\/dev.lca-online.com\/?page_id=10129"},"modified":"2024-09-11T09:27:32","modified_gmt":"2024-09-11T07:27:32","slug":"material-passports-circular-economy-cradle-to-cradle","status":"publish","type":"page","link":"https:\/\/lca-online.com\/en\/application\/material-passports-circular-economy-cradle-to-cradle\/","title":{"rendered":"Material Passports in Circular Economy"},"content":{"rendered":"<h1>Material Passports &#8211; Circular Economy &#8211; Cradle to Cradle (coming soon)<\/h1>\n<p>Generation of a material passport (building ecologic component catalogue) including information about removability and recyclability of the construction, as well as detailed material information (recycling share, emissions, contaminants)<br \/>\n<div class=\"su-spacer\" style=\"height:10px\"><\/div>\n\t<a class=\"paoc-popup-click paoc-popup-cust-10631 paoc-popup-button paoc-popup-btn \" href=\"javascript:void(0);\">Contact Us<\/a>\r\n\nUse LCA Online to generate a material passport with detailed information about:<\/p>\n<ul>\n<li>Removal-friendly structural design and separability of the materials<\/li>\n<li>Recycling-friendly structural design and materials<\/li>\n<li>Recycling share (post-consumer und pre-consumer) of the material<\/li>\n<li>Results of the life cycle assessment<\/li>\n<li>Contaminants of the materials<\/li>\n<li>Emissions of the materials<\/li>\n<\/ul>\n<div class=\"su-spacer\" style=\"height:10px\"><\/div>\n<p style=\"text-align: center;\"><a class=\"more-link\" href=\"https:\/\/tool.oekobilanz-bau.de\" target=\"_blank\" rel=\"noopener\">Free Registration<\/a><\/p>\n<p style=\"text-align: center;\">Phone <a class=\"\" href=\"tel:\/\/+49%20711%2062049-342\">+49 711 62049-342<\/a><br \/>\nEmail <a class=\"\" href=\"mailto:service@lca-online.com\">service@lca-online.com<\/a><\/p>\n","protected":false},"excerpt":{"rendered":"<p>Material Passports &#8211; Circular Economy &#8211; Cradle to Cradle (coming soon) Generation of a material passport (building ecologic component catalogue) including information about removability and recyclability of the construction, as well as detailed material information (recycling share, emissions, contaminants) Use LCA Online to generate a material passport with detailed information about: Removal-friendly structural design and &hellip;<\/p>\n","protected":false},"author":1,"featured_media":10326,"parent":10139,"menu_order":30,"comment_status":"open","ping_status":"closed","template":"sections.php","meta":{"_genesis_hide_title":false,"_genesis_hide_breadcrumbs":false,"_genesis_hide_singular_image":false,"_genesis_hide_footer_widgets":false,"_genesis_custom_body_class":"","_genesis_custom_post_class":"","_genesis_layout":"","footnotes":""},"class_list":{"0":"post-10129","1":"page","2":"type-page","3":"status-publish","4":"has-post-thumbnail","6":"entry"},"yoast_head":"<!-- This site is optimized with the Yoast SEO plugin v26.3 - https:\/\/yoast.com\/wordpress\/plugins\/seo\/ -->\n<title>Material Passports in Circular Economy &#8211; LCA Online<\/title>\n<meta name=\"description\" content=\"Use LCA Online to generate a material passport with information about recyclability of your structural design.\" \/>\n<meta name=\"robots\" content=\"index, follow, max-snippet:-1, max-image-preview:large, max-video-preview:-1\" \/>\n<link rel=\"canonical\" href=\"https:\/\/lca-online.com\/en\/application\/material-passports-circular-economy-cradle-to-cradle\/\" \/>\n<meta property=\"og:locale\" content=\"en_US\" \/>\n<meta property=\"og:type\" content=\"article\" \/>\n<meta property=\"og:title\" content=\"Material Passports in Circular Economy &#8211; LCA Online\" \/>\n<meta property=\"og:description\" content=\"Use LCA Online to generate a material passport with information about recyclability of your structural design.\" \/>\n<meta property=\"og:url\" content=\"https:\/\/lca-online.com\/en\/application\/material-passports-circular-economy-cradle-to-cradle\/\" \/>\n<meta property=\"og:site_name\" content=\"LCA Online\" \/>\n<meta property=\"article:publisher\" content=\"https:\/\/de-de.facebook.com\/pages\/category\/Consulting-Agency\/HOINKA-GmbH-202893899755765\/\" \/>\n<meta property=\"article:modified_time\" content=\"2024-09-11T07:27:32+00:00\" \/>\n<meta property=\"og:image\" content=\"https:\/\/lca-online.com\/wp-content\/uploads\/circular_economy_white_borders.png\" \/>\n\t<meta property=\"og:image:width\" content=\"1634\" \/>\n\t<meta property=\"og:image:height\" content=\"1634\" \/>\n\t<meta property=\"og:image:type\" content=\"image\/png\" \/>\n<meta name=\"twitter:card\" content=\"summary_large_image\" \/>\n<meta name=\"twitter:label1\" content=\"Est. reading time\" \/>\n\t<meta name=\"twitter:data1\" content=\"1 minute\" \/>\n<script type=\"application\/ld+json\" class=\"yoast-schema-graph\">{\"@context\":\"https:\/\/schema.org\",\"@graph\":[{\"@type\":\"WebPage\",\"@id\":\"https:\/\/lca-online.com\/en\/application\/material-passports-circular-economy-cradle-to-cradle\/\",\"url\":\"https:\/\/lca-online.com\/en\/application\/material-passports-circular-economy-cradle-to-cradle\/\",\"name\":\"Material Passports in Circular Economy &#8211; LCA Online\",\"isPartOf\":{\"@id\":\"https:\/\/lca-online.com\/en\/#website\"},\"primaryImageOfPage\":{\"@id\":\"https:\/\/lca-online.com\/en\/application\/material-passports-circular-economy-cradle-to-cradle\/#primaryimage\"},\"image\":{\"@id\":\"https:\/\/lca-online.com\/en\/application\/material-passports-circular-economy-cradle-to-cradle\/#primaryimage\"},\"thumbnailUrl\":\"https:\/\/lca-online.com\/wp-content\/uploads\/circular_economy_white_borders.png\",\"datePublished\":\"2021-09-29T09:55:10+00:00\",\"dateModified\":\"2024-09-11T07:27:32+00:00\",\"description\":\"Use LCA Online to generate a material passport with information about recyclability of your structural design.\",\"breadcrumb\":{\"@id\":\"https:\/\/lca-online.com\/en\/application\/material-passports-circular-economy-cradle-to-cradle\/#breadcrumb\"},\"inLanguage\":\"en-US\",\"potentialAction\":[{\"@type\":\"ReadAction\",\"target\":[\"https:\/\/lca-online.com\/en\/application\/material-passports-circular-economy-cradle-to-cradle\/\"]}]},{\"@type\":\"ImageObject\",\"inLanguage\":\"en-US\",\"@id\":\"https:\/\/lca-online.com\/en\/application\/material-passports-circular-economy-cradle-to-cradle\/#primaryimage\",\"url\":\"https:\/\/lca-online.com\/wp-content\/uploads\/circular_economy_white_borders.png\",\"contentUrl\":\"https:\/\/lca-online.com\/wp-content\/uploads\/circular_economy_white_borders.png\",\"width\":1634,\"height\":1634,\"caption\":\"Circular Economy, Cradle to Cradle, Material-Passport\"},{\"@type\":\"BreadcrumbList\",\"@id\":\"https:\/\/lca-online.com\/en\/application\/material-passports-circular-economy-cradle-to-cradle\/#breadcrumb\",\"itemListElement\":[{\"@type\":\"ListItem\",\"position\":1,\"name\":\"Home\",\"item\":\"https:\/\/lca-online.com\/en\/\"},{\"@type\":\"ListItem\",\"position\":2,\"name\":\"Application\",\"item\":\"https:\/\/lca-online.com\/en\/anwendung\/\"},{\"@type\":\"ListItem\",\"position\":3,\"name\":\"Material Passports in Circular Economy\"}]},{\"@type\":\"WebSite\",\"@id\":\"https:\/\/lca-online.com\/en\/#website\",\"url\":\"https:\/\/lca-online.com\/en\/\",\"name\":\"LCA Online\",\"description\":\"Das Online-Tool f\u00fcr Geb\u00e4ude-\u00d6kobilanzen\",\"publisher\":{\"@id\":\"https:\/\/lca-online.com\/en\/#organization\"},\"potentialAction\":[{\"@type\":\"SearchAction\",\"target\":{\"@type\":\"EntryPoint\",\"urlTemplate\":\"https:\/\/lca-online.com\/en\/?s={search_term_string}\"},\"query-input\":{\"@type\":\"PropertyValueSpecification\",\"valueRequired\":true,\"valueName\":\"search_term_string\"}}],\"inLanguage\":\"en-US\"},{\"@type\":\"Organization\",\"@id\":\"https:\/\/lca-online.com\/en\/#organization\",\"name\":\"LCA Online\",\"url\":\"https:\/\/lca-online.com\/en\/\",\"logo\":{\"@type\":\"ImageObject\",\"inLanguage\":\"en-US\",\"@id\":\"https:\/\/lca-online.com\/en\/#\/schema\/logo\/image\/\",\"url\":\"https:\/\/lca-online.com\/wp-content\/uploads\/lca-online_sm.webp\",\"contentUrl\":\"https:\/\/lca-online.com\/wp-content\/uploads\/lca-online_sm.webp\",\"width\":350,\"height\":103,\"caption\":\"LCA Online\"},\"image\":{\"@id\":\"https:\/\/lca-online.com\/en\/#\/schema\/logo\/image\/\"},\"sameAs\":[\"https:\/\/de-de.facebook.com\/pages\/category\/Consulting-Agency\/HOINKA-GmbH-202893899755765\/\",\"https:\/\/www.linkedin.com\/company\/hoinka-gmbh?originalSubdomain=de\"]}]}<\/script>\n<!-- \/ Yoast SEO plugin. -->","yoast_head_json":{"title":"Material Passports in Circular Economy &#8211; LCA Online","description":"Use LCA Online to generate a material passport with information about recyclability of your structural design.","robots":{"index":"index","follow":"follow","max-snippet":"max-snippet:-1","max-image-preview":"max-image-preview:large","max-video-preview":"max-video-preview:-1"},"canonical":"https:\/\/lca-online.com\/en\/application\/material-passports-circular-economy-cradle-to-cradle\/","og_locale":"en_US","og_type":"article","og_title":"Material Passports in Circular Economy &#8211; LCA Online","og_description":"Use LCA Online to generate a material passport with information about recyclability of your structural design.","og_url":"https:\/\/lca-online.com\/en\/application\/material-passports-circular-economy-cradle-to-cradle\/","og_site_name":"LCA Online","article_publisher":"https:\/\/de-de.facebook.com\/pages\/category\/Consulting-Agency\/HOINKA-GmbH-202893899755765\/","article_modified_time":"2024-09-11T07:27:32+00:00","og_image":[{"width":1634,"height":1634,"url":"https:\/\/lca-online.com\/wp-content\/uploads\/circular_economy_white_borders.png","type":"image\/png"}],"twitter_card":"summary_large_image","twitter_misc":{"Est. reading time":"1 minute"},"schema":{"@context":"https:\/\/schema.org","@graph":[{"@type":"WebPage","@id":"https:\/\/lca-online.com\/en\/application\/material-passports-circular-economy-cradle-to-cradle\/","url":"https:\/\/lca-online.com\/en\/application\/material-passports-circular-economy-cradle-to-cradle\/","name":"Material Passports in Circular Economy &#8211; LCA Online","isPartOf":{"@id":"https:\/\/lca-online.com\/en\/#website"},"primaryImageOfPage":{"@id":"https:\/\/lca-online.com\/en\/application\/material-passports-circular-economy-cradle-to-cradle\/#primaryimage"},"image":{"@id":"https:\/\/lca-online.com\/en\/application\/material-passports-circular-economy-cradle-to-cradle\/#primaryimage"},"thumbnailUrl":"https:\/\/lca-online.com\/wp-content\/uploads\/circular_economy_white_borders.png","datePublished":"2021-09-29T09:55:10+00:00","dateModified":"2024-09-11T07:27:32+00:00","description":"Use LCA Online to generate a material passport with information about recyclability of your structural design.","breadcrumb":{"@id":"https:\/\/lca-online.com\/en\/application\/material-passports-circular-economy-cradle-to-cradle\/#breadcrumb"},"inLanguage":"en-US","potentialAction":[{"@type":"ReadAction","target":["https:\/\/lca-online.com\/en\/application\/material-passports-circular-economy-cradle-to-cradle\/"]}]},{"@type":"ImageObject","inLanguage":"en-US","@id":"https:\/\/lca-online.com\/en\/application\/material-passports-circular-economy-cradle-to-cradle\/#primaryimage","url":"https:\/\/lca-online.com\/wp-content\/uploads\/circular_economy_white_borders.png","contentUrl":"https:\/\/lca-online.com\/wp-content\/uploads\/circular_economy_white_borders.png","width":1634,"height":1634,"caption":"Circular Economy, Cradle to Cradle, Material-Passport"},{"@type":"BreadcrumbList","@id":"https:\/\/lca-online.com\/en\/application\/material-passports-circular-economy-cradle-to-cradle\/#breadcrumb","itemListElement":[{"@type":"ListItem","position":1,"name":"Home","item":"https:\/\/lca-online.com\/en\/"},{"@type":"ListItem","position":2,"name":"Application","item":"https:\/\/lca-online.com\/en\/anwendung\/"},{"@type":"ListItem","position":3,"name":"Material Passports in Circular Economy"}]},{"@type":"WebSite","@id":"https:\/\/lca-online.com\/en\/#website","url":"https:\/\/lca-online.com\/en\/","name":"LCA Online","description":"Das Online-Tool f\u00fcr Geb\u00e4ude-\u00d6kobilanzen","publisher":{"@id":"https:\/\/lca-online.com\/en\/#organization"},"potentialAction":[{"@type":"SearchAction","target":{"@type":"EntryPoint","urlTemplate":"https:\/\/lca-online.com\/en\/?s={search_term_string}"},"query-input":{"@type":"PropertyValueSpecification","valueRequired":true,"valueName":"search_term_string"}}],"inLanguage":"en-US"},{"@type":"Organization","@id":"https:\/\/lca-online.com\/en\/#organization","name":"LCA Online","url":"https:\/\/lca-online.com\/en\/","logo":{"@type":"ImageObject","inLanguage":"en-US","@id":"https:\/\/lca-online.com\/en\/#\/schema\/logo\/image\/","url":"https:\/\/lca-online.com\/wp-content\/uploads\/lca-online_sm.webp","contentUrl":"https:\/\/lca-online.com\/wp-content\/uploads\/lca-online_sm.webp","width":350,"height":103,"caption":"LCA Online"},"image":{"@id":"https:\/\/lca-online.com\/en\/#\/schema\/logo\/image\/"},"sameAs":["https:\/\/de-de.facebook.com\/pages\/category\/Consulting-Agency\/HOINKA-GmbH-202893899755765\/","https:\/\/www.linkedin.com\/company\/hoinka-gmbh?originalSubdomain=de"]}]}},"_links":{"self":[{"href":"https:\/\/lca-online.com\/en\/wp-json\/wp\/v2\/pages\/10129","targetHints":{"allow":["GET"]}}],"collection":[{"href":"https:\/\/lca-online.com\/en\/wp-json\/wp\/v2\/pages"}],"about":[{"href":"https:\/\/lca-online.com\/en\/wp-json\/wp\/v2\/types\/page"}],"author":[{"embeddable":true,"href":"https:\/\/lca-online.com\/en\/wp-json\/wp\/v2\/users\/1"}],"replies":[{"embeddable":true,"href":"https:\/\/lca-online.com\/en\/wp-json\/wp\/v2\/comments?post=10129"}],"version-history":[{"count":5,"href":"https:\/\/lca-online.com\/en\/wp-json\/wp\/v2\/pages\/10129\/revisions"}],"predecessor-version":[{"id":10771,"href":"https:\/\/lca-online.com\/en\/wp-json\/wp\/v2\/pages\/10129\/revisions\/10771"}],"up":[{"embeddable":true,"href":"https:\/\/lca-online.com\/en\/wp-json\/wp\/v2\/pages\/10139"}],"wp:featuredmedia":[{"embeddable":true,"href":"https:\/\/lca-online.com\/en\/wp-json\/wp\/v2\/media\/10326"}],"wp:attachment":[{"href":"https:\/\/lca-online.com\/en\/wp-json\/wp\/v2\/media?parent=10129"}],"curies":[{"name":"wp","href":"https:\/\/api.w.org\/{rel}","templated":true}]}}